{"id":3771,"date":"2016-11-11T16:42:17","date_gmt":"2016-11-11T16:42:17","guid":{"rendered":"http:\/\/aacippbc.com\/content\/italien\/?page_id=3771"},"modified":"2018-02-04T00:54:49","modified_gmt":"2018-02-04T00:54:49","slug":"coopecc","status":"publish","type":"page","link":"https:\/\/aacippbc.com\/content\/italien\/coopecc\/","title":{"rendered":"Cooprcc"},"content":{"rendered":"<p>[vc_row padding_top=&#8221;10&#8243; padding_bottom=&#8221;10&#8243;][vc_column][vc_custom_heading text=&#8221;COOPERATIVA DI RISPARMIO E DI CONSUMO DEL CONGO &#8211; COOPRCC&#8221; font_container=&#8221;tag:h3|font_size:26px|text_align:center|color:%23333333|line_height:36px&#8221; google_fonts=&#8221;font_family:Montserrat%3Aregular%2C700|font_style:400%20regular%3A400%3Anormal&#8221;]<div class=\"sep-wrap center nz-clearfix\"><div class=\"nz-separator solid\" style=\"border-bottom-color:#90c847;width:20px;border-bottom-width:2px;border-bottom-style:solid;margin-top:7px;margin-bottom:7px;\">&nbsp;<\/div><\/div>[vc_column_text pl=&#8221;150&#8243; pr=&#8221;150&#8243; el_class=&#8221;no-padding&#8221;]<\/p>\n<p style=\"text-align: center;\"><span style=\"color: #999999; line-height: 32px; font-size: 18px;\">In conformit\u00e0 all\u2019idealizzazione ed interiorizzazione della legge del primo luglio e del decreto del 16 agosto 1901 autorizzante e regolante tutta vita associativa, e, tenente conto dello spirito universalistico che caratterizza l\u2019Associazione degli agricoltori congolesi ed italiani nel Pool e nel Plateaux Bat\u00e9k\u00e9 del Congo (A.A.C.I.P.P.B.C), la sua marza chiamata \u00ab la cooperativa di risparmio e di consumo del Congo \u00bb, intende portare avanti un\u2019azione sociale di cui il motivo conduttore \u00e8 di promuovere lo sviluppo delle condizione socioeconomiche dei suoi membri, senza distinzione geografica, tribale, etnica, razziale e culturale.<\/span><\/p>\n<p>[\/vc_column_text][\/vc_column][\/vc_row][vc_row][vc_column][vc_custom_heading text=&#8221;PRINCIPI DELLA COOPRCC&#8221; font_container=&#8221;tag:h3|font_size:26px|text_align:center|color:%23333333|line_height:36px&#8221; google_fonts=&#8221;font_family:Montserrat%3Aregular%2C700|font_style:400%20regular%3A400%3Anormal&#8221;]<div class=\"sep-wrap center nz-clearfix\"><div class=\"nz-separator solid\" style=\"border-bottom-color:#90c847;width:40px;border-bottom-width:2px;border-bottom-style:solid;margin-top:7px;margin-bottom:7px;\">&nbsp;<\/div><\/div>[vc_column_text pl=&#8221;150&#8243; pr=&#8221;150&#8243; el_class=&#8221;no-padding&#8221;]<\/p>\n<p style=\"text-align: center;\"><span style=\"color: #999999; line-height: 32px; font-size: 18px;\">Cosi, questa unione apolitica \u00e8 regolata dalla combinazione dei testi inerenti alla sua governance e si fonda freneticamente sui principi di seguito: <\/span><\/p>\n<p>[\/vc_column_text]<div class='gap nz-clearfix' style='height:15px'>&nbsp;<\/div><div class=\"nz-content-box nz-clearfix animate-none\" data-columns=\"3\" data-animate=\"false\"><div id=\"nz-box-1\" class=\"  back_active nz-box animate-item\"><div class=\"nz-box-wrap\"><style>#nz-box-1 .box-icon {color:#ffffff;}#nz-box-1 .box-icon-wrap {background-color:#90c847;}#nz-box-1:hover .box-icon {color:#ffffff !important;}<\/style><div class=\"box-icon-wrap\"><div class=\"box-icon icon-megaphone\"><\/div><\/div><div class=\"box-data\"><\/p>\n<h3><span style=\"font-size: 16px; line-height: 26px;\">FEDELTA&#8217;<\/span><\/h3>\n<p>La fedelt\u00e0 alla filosofia cooperativa e la ricerca della sua espansione<\/div><\/div><\/div><div id=\"nz-box-2\" class=\"  back_active nz-box animate-item\"><div class=\"nz-box-wrap\"><style>#nz-box-2 .box-icon {color:#ffffff;}#nz-box-2 .box-icon-wrap {background-color:#90c847;}#nz-box-2:hover .box-icon {color:#ffffff !important;}<\/style><div class=\"box-icon-wrap\"><div class=\"box-icon icon-megaphone\"><\/div><\/div><div class=\"box-data\"><\/p>\n<h3><span style=\"font-size: 16px; line-height: 26px;\">DECENTRALIZZAZIONE<\/span><\/h3>\n<p>La decentralizzazione che \u00e8 l\u2019autonomia delle agenzie COOPRCC affiliate nelle limitazioni dei presenti testi regolantesi<\/div><\/div><\/div><div id=\"nz-box-3\" class=\"  back_active nz-box animate-item\"><div class=\"nz-box-wrap\"><style>#nz-box-3 .box-icon {color:#ffffff;}#nz-box-3 .box-icon-wrap {background-color:#90c847;}#nz-box-3:hover .box-icon {color:#ffffff !important;}<\/style><div class=\"box-icon-wrap\"><div class=\"box-icon icon-megaphone\"><\/div><\/div><div class=\"box-data\"><\/p>\n<h3><span style=\"font-size: 16px; line-height: 26px;\">CREDITO AGRICOLO<br \/>\n<\/span><\/h3>\n<p>L\u2019organizzazione del credito agricolo e popolare mediante il risparmio di prossimit\u00e0<\/div><\/div><\/div><div id=\"nz-box-4\" class=\"  back_active nz-box animate-item\"><div class=\"nz-box-wrap\"><style>#nz-box-4 .box-icon {color:#ffffff;}#nz-box-4 .box-icon-wrap {background-color:#90c847;}#nz-box-4:hover .box-icon {color:#ffffff !important;}<\/style><div class=\"box-icon-wrap\"><div class=\"box-icon icon-megaphone\"><\/div><\/div><div class=\"box-data\"><\/p>\n<h3><span style=\"font-size: 16px; line-height: 26px;\">NON ALLA SPECULAZIONE<br \/>\n<\/span><\/h3>\n<p>L\u2019astinenza di ricorso alle speculazioni velleitarie<\/div><\/div><\/div><div id=\"nz-box-5\" class=\"  back_active nz-box animate-item\"><div class=\"nz-box-wrap\"><style>#nz-box-5 .box-icon {color:#ffffff;}#nz-box-5 .box-icon-wrap {background-color:#90c847;}#nz-box-5:hover .box-icon {color:#ffffff !important;}<\/style><div class=\"box-icon-wrap\"><div class=\"box-icon icon-megaphone\"><\/div><\/div><div class=\"box-data\"><\/p>\n<h3><span style=\"font-size: 16px; line-height: 26px;\">LIBERTA\u2019 UMANA<br \/>\n<\/span><\/h3>\n<p>Il rispetto della libert\u00e0 umana e dei diritti<\/div><\/div><\/div><div id=\"nz-box-6\" class=\"  back_active nz-box animate-item\"><div class=\"nz-box-wrap\"><style>#nz-box-6 .box-icon {color:#ffffff;}#nz-box-6 .box-icon-wrap {background-color:#90c847;}#nz-box-6:hover .box-icon {color:#ffffff !important;}<\/style><div class=\"box-icon-wrap\"><div class=\"box-icon icon-megaphone\"><\/div><\/div><div class=\"box-data\"><\/p>\n<h3><span style=\"font-size: 16px; line-height: 26px;\">PRINCIPI COOPERATIVI<br \/>\n<\/span><\/h3>\n<p>La COOPRCC aderisce ai principicooperativi internazionali per servir al meglio gli interessi dei membri e della collettivit\u00e0<\/div><\/div><\/div><\/div>[vc_custom_heading text=&#8221;Mezzi d\u2019azione della COOPRCC-AACIPPBC&#8221; font_container=&#8221;tag:h3|font_size:26px|text_align:center|color:%23333333|line_height:36px&#8221; google_fonts=&#8221;font_family:Montserrat%3Aregular%2C700|font_style:400%20regular%3A400%3Anormal&#8221;]<div class=\"nz-content-box nz-clearfix animate-none\" data-columns=\"3\" data-animate=\"false\"><div id=\"nz-box-7\" class=\"  back_active nz-box animate-item\"><div class=\"nz-box-wrap\"><style>#nz-box-7 .box-icon {color:#ffffff;}#nz-box-7 .box-icon-wrap {background-color:#90c847;}#nz-box-7:hover .box-icon {color:#ffffff !important;}<\/style><div class=\"box-icon-wrap\"><div class=\"box-icon icon-calendar4\"><\/div><\/div><div class=\"box-data\"><\/p>\n<h3><span style=\"font-size: 16px; line-height: 26px;\">RECLUTAMENTO<\/span><\/h3>\n<p>Il reclutamento mediante una prova scritta od orale, la formazione e l\u2019impiego del personale competente per una gestione<\/div><\/div><\/div><div id=\"nz-box-8\" class=\"  back_active nz-box animate-item\"><div class=\"nz-box-wrap\"><style>#nz-box-8 .box-icon {color:#ffffff;}#nz-box-8 .box-icon-wrap {background-color:#90c847;}#nz-box-8:hover .box-icon {color:#ffffff !important;}<\/style><div class=\"box-icon-wrap\"><div class=\"box-icon icon-calendar4\"><\/div><\/div><div class=\"box-data\"><\/p>\n<h3><span style=\"font-size: 16px; line-height: 26px;\">INQUADRAMENTO<\/span><\/h3>\n<p><span style=\"color: #777777;\">L\u2019inquadramento, l\u2019ispezione e la sorveglianza alla COOPRCC-AACIPPBC nelle agenzie COOPRCC<br \/>\n<\/span><\/div><\/div><\/div><div id=\"nz-box-9\" class=\"  back_active nz-box animate-item\"><div class=\"nz-box-wrap\"><style>#nz-box-9 .box-icon {color:#ffffff;}#nz-box-9 .box-icon-wrap {background-color:#90c847;}#nz-box-9:hover .box-icon {color:#ffffff !important;}<\/style><div class=\"box-icon-wrap\"><div class=\"box-icon icon-calendar4\"><\/div><\/div><div class=\"box-data\"><\/p>\n<h3><span style=\"font-size: 16px; line-height: 26px;\">COORDINAZIONE<br \/>\n<\/span><\/h3>\n<p>La coordinazione di tutte le attivit\u00e0 e dei resoconti delle agenzie COOPRCC<\/p>\n<p><span style=\"color: #777777;\">\u00a0<\/span><\/div><\/div><\/div><div id=\"nz-box-10\" class=\"  back_active nz-box animate-item\"><div class=\"nz-box-wrap\"><style>#nz-box-10 .box-icon {color:#ffffff;}#nz-box-10 .box-icon-wrap {background-color:#90c847;}#nz-box-10:hover .box-icon {color:#ffffff !important;}<\/style><div class=\"box-icon-wrap\"><div class=\"box-icon icon-calendar4\"><\/div><\/div><div class=\"box-data\"><\/p>\n<h3><span style=\"font-size: 16px; line-height: 26px;\">SVILUPPO<br \/>\n<\/span><\/h3>\n<p>La fondazione, l\u2019organizzazione e lo sviluppo delle nuove COOPRCC<\/div><\/div><\/div><div id=\"nz-box-11\" class=\"  back_active nz-box animate-item\"><div class=\"nz-box-wrap\"><style>#nz-box-11 .box-icon {color:#ffffff;}#nz-box-11 .box-icon-wrap {background-color:#90c847;}#nz-box-11:hover .box-icon {color:#ffffff !important;}<\/style><div class=\"box-icon-wrap\"><div class=\"box-icon icon-calendar4\"><\/div><\/div><div class=\"box-data\"><\/p>\n<h3><span style=\"font-size: 16px; line-height: 26px;\">DIVERSIFICAZIONE<br \/>\n<\/span><\/h3>\n<p>La diversificazione delle fonti di redditi per essa stessa e per le agenzie COOPRCC<\/div><\/div><\/div><div id=\"nz-box-12\" class=\"  back_active nz-box animate-item\"><div class=\"nz-box-wrap\"><style>#nz-box-12 .box-icon {color:#ffffff;}#nz-box-12 .box-icon-wrap {background-color:#90c847;}#nz-box-12:hover .box-icon {color:#ffffff !important;}<\/style><div class=\"box-icon-wrap\"><div class=\"box-icon icon-calendar4\"><\/div><\/div><div class=\"box-data\"><\/p>\n<h3><span style=\"font-size: 16px; line-height: 26px;\">PRESTITI AI MEMBRI<br \/>\n<\/span><\/h3>\n<p>I prestiti ai suoi membri e dalle persone morale, in conformit\u00e0 alla legislazione in vigore in Congo e mediante delle garanzieconsentiti da quelli che prendono a prestito.<\/div><\/div><\/div><div id=\"nz-box-13\" class=\"  back_active nz-box animate-item\"><div class=\"nz-box-wrap\"><style>#nz-box-13 .box-icon {color:#ffffff;}#nz-box-13 .box-icon-wrap {background-color:#90c847;}#nz-box-13:hover .box-icon {color:#ffffff !important;}<\/style><div class=\"box-icon-wrap\"><div class=\"box-icon icon-calendar4\"><\/div><\/div><div class=\"box-data\"><\/p>\n<h3><span style=\"font-size: 16px; line-height: 26px;\">RINNOVAMENTO<br \/>\n<\/span><\/h3>\n<p>Il rinnovo dei crediti in sofferenza<\/div><\/div><\/div><div id=\"nz-box-14\" class=\"  back_active nz-box animate-item\"><div class=\"nz-box-wrap\"><style>#nz-box-14 .box-icon {color:#ffffff;}#nz-box-14 .box-icon-wrap {background-color:#90c847;}#nz-box-14:hover .box-icon {color:#ffffff !important;}<\/style><div class=\"box-icon-wrap\"><div class=\"box-icon icon-calendar4\"><\/div><\/div><div class=\"box-data\"><\/p>\n<h3><span style=\"font-size: 16px; line-height: 26px;\">REDDITIVITA\u2019<br \/>\n<\/span><\/h3>\n<p>La redditivit\u00e0 dei depositi effettuati dalle COOPRCC<\/div><\/div><\/div><div id=\"nz-box-15\" class=\"  back_active nz-box animate-item\"><div class=\"nz-box-wrap\"><style>#nz-box-15 .box-icon {color:#ffffff;}#nz-box-15 .box-icon-wrap {background-color:#90c847;}#nz-box-15:hover .box-icon {color:#ffffff !important;}<\/style><div class=\"box-icon-wrap\"><div class=\"box-icon icon-calendar4\"><\/div><\/div><div class=\"box-data\"><\/p>\n<h3><span style=\"font-size: 16px; line-height: 26px;\">POLITICA GENERALE<br \/>\n<\/span><\/h3>\n<p>Il concepimento , l\u2019orientazione e l\u2019applicazione della politica generale dell\u2019insieme delle sua rete.<\/div><\/div><\/div><\/div>[\/vc_column][\/vc_row][vc_row background_color=&#8221;#272e35&#8243; background_image=&#8221;2921&#8243; padding_top=&#8221;125&#8243; padding_bottom=&#8221;100&#8243;][vc_column animate=&#8221;true&#8221; effect=&#8221;flip&#8221;][vc_custom_heading text=&#8221;SQUADRA DINAMICA AL SERVIZIO DELLA COLLETTIVITA\u2019&#8221; font_container=&#8221;tag:h2|font_size:46px|text_align:center|color:%23ffffff|line_height:56px&#8221; google_fonts=&#8221;font_family:Montserrat%3Aregular%2C700|font_style:700%20bold%20regular%3A700%3Anormal&#8221;][\/vc_column][\/vc_row][vc_row padding_top=&#8221;100&#8243; padding_bottom=&#8221;0&#8243;][vc_column][vc_custom_heading text=&#8221;SQUADRA DI GESTIONE DELLA COOPRCC &#8211; AACIPPBC&#8221; font_container=&#8221;tag:h3|font_size:26px|text_align:center|color:%23333333|line_height:36px&#8221; google_fonts=&#8221;font_family:Montserrat%3Aregular%2C700|font_style:400%20regular%3A400%3Anormal&#8221;]<div class=\"sep-wrap center nz-clearfix\"><div class=\"nz-separator solid\" style=\"border-bottom-color:#90c847;width:85px;border-bottom-width:2px;border-bottom-style:solid;margin-top:15px;margin-bottom:15px;\">&nbsp;<\/div><\/div>[vc_column_text pl=&#8221;150&#8243; pr=&#8221;150&#8243; el_class=&#8221;no-padding&#8221;]<\/p>\n<p style=\"text-align: center;\"><span style=\"color: #999999; line-height: 32px; font-size: 18px;\">La squadra di gestione della COOPRCC \u00e8 composta da dirigenti che lavorano con passione per servir al meglio gli interessi dei membri e della collettivit\u00e0<\/span><\/p>\n<p>[\/vc_column_text][\/vc_column][\/vc_row][vc_row padding_top=&#8221;10&#8243;][vc_column]<div id=\"nz-persons-1\" class=\"nz-persons nz-carousel nz-clearfix animate-none\" data-animate=\"false\" data-columns=\"3\"><div class=\"animate-item person \"><div class=\"img\"><img decoding=\"async\" src=\"https:\/\/aacippbc.com\/content\/italien\/wp-content\/uploads\/sites\/6\/2016\/11\/Robert-Diassivoukoua-Ndefix550x600-e1499108578760.jpg\" alt=\"Robert Diassivoukoua Ndefi \" \/><div class=\"ninzio-overlay\"><div class=\"social-links\"><a class=\"icon-twitter\" href=\"#\" title=\"twitter\"><\/a><a class=\"icon-facebook\" href=\"#\" title=\"facebook\"><\/a><a class=\"icon-envelope\" href=\"#\" title=\"envelope\"><\/a><\/div><\/div><\/div><div class=\"person-body\"><div class=\"person-meta\"><a href=\"http:\/\/aacippbc.com\/content\/italien\/robert-diassivoukoua-ndefi\/\"><div class=\"name\">Robert Diassivoukoua Ndefi <\/div><\/a><div class=\"title\">Direttore Gestore della COOPECC<\/div><div class=\"bio\">Detentore del diploma di maturit\u00e0 scientifica, indirizzo bio-chimico, si iscrisse ...<\/div><\/div><\/div><\/div><div class=\"animate-item person \"><div class=\"img\"><img decoding=\"async\" src=\"https:\/\/aacippbc.com\/content\/italien\/wp-content\/uploads\/sites\/6\/2016\/11\/president-1084.jpg\" alt=\"NDEFI BAKITANGA\" \/><div class=\"ninzio-overlay\"><div class=\"social-links\"><a class=\"icon-twitter\" href=\"#\" title=\"twitter\"><\/a><a class=\"icon-facebook\" href=\"#\" title=\"facebook\"><\/a><a class=\"icon-linkedin\" href=\"#\" title=\"linkedin\"><\/a><a class=\"icon-envelope\" href=\"#\" title=\"envelope\"><\/a><\/div><\/div><\/div><div class=\"person-body\"><div class=\"person-meta\"><a href=\"http:\/\/aacippbc.com\/content\/italien\/profil-ndefi-bakitanga\/\"><div class=\"name\">NDEFI BAKITANGA<\/div><\/a><div class=\"title\">Presidente, conseil d&#039;administration<\/div><div class=\"bio\">Detentore di diploma di maturit\u00e0 scientifico, indirizzo matematico e fisico, \u00e8 stato studente, per due anni, iscritto alla facolt\u00e0 di Politecnica dell\u2019Universit\u00e0 degli Studi di Kinshasa per poi emigrare nel 1988 verso Italia...<\/div><\/div><\/div><\/div><div class=\"animate-item person \"><div class=\"img\"><img decoding=\"async\" src=\"https:\/\/aacippbc.com\/content\/italien\/wp-content\/uploads\/sites\/6\/2017\/05\/Athanase-Directeur-Gerant-Adjoint-x600.jpg\" alt=\"Athanase DIABASSENGA MAN\" \/><div class=\"ninzio-overlay\"><div class=\"social-links\"><a class=\"icon-twitter\" href=\"#\" title=\"twitter\"><\/a><a class=\"icon-facebook\" href=\"#\" title=\"facebook\"><\/a><a class=\"icon-googleplus\" href=\"#\" title=\"googleplus\"><\/a><a class=\"icon-envelope\" href=\"#\" title=\"envelope\"><\/a><\/div><\/div><\/div><div class=\"person-body\"><div class=\"person-meta\"><a href=\"http:\/\/aacippbc.com\/content\/italien\/athanase-diabassenga-man\/\"><div class=\"name\">Athanase DIABASSENGA MAN<\/div><\/a><div class=\"title\">Direttore Gestore aggiunto della COOPECC<\/div><div class=\"bio\">Detentore del diploma di laurea breve in inglese conseguito presso l\u2019Istituto Pedagogico Nazionale di Kinshasa, il signor Diabassenga Man ha seguito una formazione di specializzazione in materia di sviluppo alla IDP di Douala...<\/div><\/div><\/div><\/div><\/div>[\/vc_column][\/vc_row][vc_row padding_top=&#8221;10&#8243; padding_bottom=&#8221;10&#8243;][vc_column]<div id=\"nz-carousel-1\" class=\"lazy nz-carousel animate-scale\" data-autoplay=\"true\" data-columns=\"1\" data-animate=\"true\"><div class=\"item animate-item nz-clearfix\"><\/p>\n<h1>Breve vista della COOPRCC<\/h1>\n<p><\/div><\/div>[\/vc_column][\/vc_row][vc_row padding_top=&#8221;10&#8243;][vc_column width=&#8221;1\/2&#8243;]<div class=\"nz-accordion \" data-collapsible=false><div class=\"false toggle-title nz-clearfix\"><span class=\"toggle-title-header\"><span>Oggetto sociale<\/span><\/span><span class=\"arrow\"><\/span><\/div> <div id=\"oggetto-sociale\" class=\"toggle-content nz-clearfix\"><\/p>\n<h3>Articolo7: oggetto sociale<\/h3>\n<p>La cooperativa ha per aggetto sociale di promuovere la messa in opera dei principi della Cooperativa, degli interessi economici e sociali dei suoi membri esclusivamente. Si tratta pi\u00f9 particolarmente di:<\/p>\n<ol>\n<li>Proteggere i suoi membri contro i rovesci di fortuna, insegnando loro i benefici delle attivit\u00e0 produttive e della previdenza per la cooperazione<\/li>\n<li>Vendere i prodotti di consumo di buona qualit\u00e0 e diversi con prezzi sfidanti ogni concorrenze.<\/li>\n<li>Facilitare l\u2019evacuazione e la vendita dei prodotti agricoli ed altri prodotti appartenenti ai membri, dai loro luoghi di produzione ai centri urbani di consumo fino all\u2019esportazione<\/li>\n<li>Aiutare i membri con dei prestiti facili da rimborsare mediante degli sconti parziali: settimanali, mensili, semestrali o annuali.<\/li>\n<li>Assicurare la partecipazione delle virt\u00f9 sociali esigendo prima di tutto ai membri che prendono a prestito le garanzie morali di primo ordine<\/li>\n<li>Fecondare tra i membri lo spirito cooperativo dalla gestione sana del risparmio e del credito.<\/li>\n<li>Divulgare tra i membri le conoscenze pratiche dei principi elementari economici e di gestione come pure il rispetto degli impegni presi.<\/li>\n<li>Incoraggiare la creazione delle cooperative ovunque dove il bisogno si fa sentire. A questa fine, la COOPRCC-AACIPPBC ONG condurr\u00e0 una azione incitatrice per uno sviluppo endogeno.<\/li>\n<li>Creare e gestire i fondi appartenente all\u2019AACIPPBC ONG, per finanziare i progetti agricoli dei membri ed anche rinforzare l\u2019attrezzatura agricola dall\u2019acquisizione dei trattori ed altri materiali rapportanti ci.<\/li>\n<li>10. Creare e gestire i fondi dell\u2019AACIPPBC ONG nel quadro della messa in opera dell\u2019obbiettivo 6 degli statuti dell\u2019AACIPPBC ONG, che consiste di creare delle borse di studio ad hoc per delle persone meritanti e per degli studi e formazione qualificanti giudicate molto utili al livello dell\u2019Assemblea Generale<\/li>\n<li>Creare e gestire i fonti di garanzia finanziare dell\u2019AACIPPBC ONG concernente la garanzia finanziare richiesta dall\u2019Ambasciata ai nostri membri, desiderante recarci in Italia nel quadro della messa in opera degli obbiettivi dell\u2019ONG.<\/li>\n<\/ol>\n<p><\/div><\/div> [\/vc_column][vc_column width=&#8221;1\/2&#8243;]<div class=\"nz-accordion \" data-collapsible=false><div class=\"false toggle-title nz-clearfix\"><span class=\"toggle-title-header\"><span>Mezzi d\u2019azione<\/span><\/span><span class=\"arrow\"><\/span><\/div> <div id=\"mezzi-dazione\" class=\"toggle-content nz-clearfix\"><\/p>\n<h3>Articolo 8: Mezzi d\u2019azione<\/h3>\n<p>Per realizzare il suo oggetto sociale, la COOPRCC-AACIPPBC prevede:<\/p>\n<ol>\n<li>Il reclutamento mediante una prova scritta od orale, la formazione e l\u2019impiego del personale competente per una gestione.<\/li>\n<li>L\u2019inquadramento, l\u2019ispezione e la sorveglianza alla COOPRCC-AACIPPBC nelle agenzie COOPRCC<\/li>\n<li>La coordinazione di tutte le attivit\u00e0 e dei resoconti delle agenzie COOPRCC<\/li>\n<li>La fondazione, l\u2019organizzazione e lo sviluppo delle nuove COOPRCC<\/li>\n<li>La redditivit\u00e0 dei depositi effettuati dalle COOPRCC<\/li>\n<li>La diversificazione delle fonti di redditi per essa stessa e per le agenzie COOPRCC<\/li>\n<li>I prestiti ai suoi membri ed alle persone morali, in conformit\u00e0 alla legislazione vigente in Congo e mediante delle garanzie consentite da quelli che prendono a prestito<\/li>\n<li>Il rinnovo dei crediti in sofferenza;<\/li>\n<li>Il concepimento, l\u2019orientamento e l\u2019applicazione della politica dell\u2019insieme della sua rete;<\/li>\n<li>La formazione e l\u2019informazione dei membri, degli impiegati e dei dirigenti nominati o eletti per un adempimento migliore del loro lavoro<\/li>\n<li>L\u2019applicazione delle convenzioni stabilite tra la COOPRCC-AACIPPBC el\u2019AACIPPBC ONG<\/li>\n<li>La creazione dei partenariati con ONG, delle imprese e delle istituzioni du buon auspicio<\/li>\n<li>L\u2019utilizzazione delle nuove tecnologie della telecomunicazione e altre tecnologie innovatrici<\/li>\n<\/ol>\n<p><\/div><\/div> [\/vc_column][\/vc_row][vc_row full_width=&#8221;true&#8221; padding_bottom=&#8221;0&#8243;][vc_column margin_b=&#8221;false&#8221;]<div id=\"nz-tagline-1\" style=\"background-color:#90c847;\" class=\"nz-tagline\"><div class=\"container nz-clearfix\"><span class=\"tagline-title\" style=color:#ffffff !important;>Per pi\u00f9 informazione sulla nostra COOPRCC <\/span><a class=\"button button-normal full-false medium square animate-false anim-type-ghost hover-fill white icon-false\" href=\"http:\/\/aacippbc.com\/content\/italien\/contact-form\/\" target=\"_self\"><span class=\"txt\">Contattateci<\/span><\/a><\/div><\/div>[\/vc_column][\/vc_row]<\/p>\n","protected":false},"excerpt":{"rendered":"<p>Claritas est etiam processus dynamicus, qui sequitur mutationem consuetudium lectorum. Mirum est notare quam littera gothica, quam nunc putamus parum claram, anteposuerit litterarum formas humanitatis per seacula quarta decima et quinta decima. Eodem modo typi, qui nunc nobis videntur parum clari, fiant sollemnes in futurum.<\/p>\n","protected":false},"author":1,"featured_media":0,"parent":0,"menu_order":0,"comment_status":"closed","ping_status":"closed","template":"page-vc.php","meta":{"footnotes":""},"class_list":["post-3771","page","type-page","status-publish","hentry"],"_links":{"self":[{"href":"https:\/\/aacippbc.com\/content\/italien\/wp-json\/wp\/v2\/pages\/3771","targetHints":{"allow":["GET"]}}],"collection":[{"href":"https:\/\/aacippbc.com\/content\/italien\/wp-json\/wp\/v2\/pages"}],"about":[{"href":"https:\/\/aacippbc.com\/content\/italien\/wp-json\/wp\/v2\/types\/page"}],"author":[{"embeddable":true,"href":"https:\/\/aacippbc.com\/content\/italien\/wp-json\/wp\/v2\/users\/1"}],"replies":[{"embeddable":true,"href":"https:\/\/aacippbc.com\/content\/italien\/wp-json\/wp\/v2\/comments?post=3771"}],"version-history":[{"count":184,"href":"https:\/\/aacippbc.com\/content\/italien\/wp-json\/wp\/v2\/pages\/3771\/revisions"}],"predecessor-version":[{"id":4625,"href":"https:\/\/aacippbc.com\/content\/italien\/wp-json\/wp\/v2\/pages\/3771\/revisions\/4625"}],"wp:attachment":[{"href":"https:\/\/aacippbc.com\/content\/italien\/wp-json\/wp\/v2\/media?parent=3771"}],"curies":[{"name":"wp","href":"https:\/\/api.w.org\/{rel}","templated":true}]}}