{"id":4138,"date":"2017-05-21T21:11:31","date_gmt":"2017-05-21T21:11:31","guid":{"rendered":"http:\/\/aacippbc.com\/content\/italien\/?page_id=4138"},"modified":"2018-12-16T20:50:39","modified_gmt":"2018-12-16T20:50:39","slug":"profil-ndefi-bakitanga","status":"publish","type":"page","link":"https:\/\/aacippbc.com\/content\/italien\/profil-ndefi-bakitanga\/","title":{"rendered":"Ndefi Bakitanga"},"content":{"rendered":"<h4>Presidente, fondatore<\/h4>\n<p><img loading=\"lazy\" decoding=\"async\" class=\"size-medium wp-image-4017 alignleft\" src=\"http:\/\/aacippbc.com\/content\/italien\/wp-content\/uploads\/sites\/6\/2016\/11\/president-1084-300x300.jpg\" alt=\"Mot du pr\u00e9sident\" width=\"300\" height=\"300\" srcset=\"https:\/\/aacippbc.com\/content\/italien\/wp-content\/uploads\/sites\/6\/2016\/11\/president-1084-300x300.jpg 300w, https:\/\/aacippbc.com\/content\/italien\/wp-content\/uploads\/sites\/6\/2016\/11\/president-1084-150x150.jpg 150w, https:\/\/aacippbc.com\/content\/italien\/wp-content\/uploads\/sites\/6\/2016\/11\/president-1084-440x440.jpg 440w, https:\/\/aacippbc.com\/content\/italien\/wp-content\/uploads\/sites\/6\/2016\/11\/president-1084-180x180.jpg 180w, https:\/\/aacippbc.com\/content\/italien\/wp-content\/uploads\/sites\/6\/2016\/11\/president-1084-600x600.jpg 600w, https:\/\/aacippbc.com\/content\/italien\/wp-content\/uploads\/sites\/6\/2016\/11\/president-1084.jpg 640w\" sizes=\"auto, (max-width: 300px) 100vw, 300px\" \/><br \/>\nDetentore di diploma di maturit\u00e0 scientifico, indirizzo matematico e fisico, \u00e8 stato studente, per due anni, iscritto alla facolt\u00e0 di Politecnica dell\u2019Universit\u00e0 degli Studi di Kinshasa per poi emigrare nel 1988 verso Italia.<br \/>\nNel primo biennio di permanenza in Italia, ha lavorato come operaio agricolo. Successivamente, ha lavorato in fabbrica di svariati prodotti di plastica in qualit\u00e0 di supervisore alla produzione. Da autodidatta, ha fatto studi di Gemmologia con particolare riguardo ai diamanti grezzi.<br \/>\n\u00c8, nel 2002, che si \u00e8 poi lanciato nel mondo di affari e ci\u00f2 dopo aver costituito la Ndefi import-export, ditta regolarmente iscritta alla Camera di Commercio della Provincia di Teramo (Italia). Con lo scopo di esportare trattori ed altri attrezzature agricole verso il Congo Brazzaville e\/o altri Paesi del Bacino del fiume Congo.<br \/>\nNel 2005, lancia la ditta NB\/Agri Moderne che poi \u00e8 stata alla base della costituzione della presente Associazione degli Agricoltori Congolesi ed Italiani nel Pool e nelle Pianure Bat\u00e9k\u00e9.<\/p>\n","protected":false},"excerpt":{"rendered":"<p>Presidente, fondatore Detentore di diploma di maturit\u00e0 scientifico, indirizzo matematico e fisico, \u00e8 stato studente, per due anni, iscritto alla facolt\u00e0 di Politecnica dell\u2019Universit\u00e0 degli Studi di Kinshasa per poi emigrare nel 1988 verso Italia. Nel primo biennio di permanenza in Italia, ha lavorato come operaio agricolo. Successivamente, ha lavorato in fabbrica di svariati prodotti [&hellip;]<\/p>\n","protected":false},"author":1,"featured_media":0,"parent":0,"menu_order":0,"comment_status":"closed","ping_status":"open","template":"","meta":{"footnotes":""},"class_list":["post-4138","page","type-page","status-publish","hentry"],"_links":{"self":[{"href":"https:\/\/aacippbc.com\/content\/italien\/wp-json\/wp\/v2\/pages\/4138","targetHints":{"allow":["GET"]}}],"collection":[{"href":"https:\/\/aacippbc.com\/content\/italien\/wp-json\/wp\/v2\/pages"}],"about":[{"href":"https:\/\/aacippbc.com\/content\/italien\/wp-json\/wp\/v2\/types\/page"}],"author":[{"embeddable":true,"href":"https:\/\/aacippbc.com\/content\/italien\/wp-json\/wp\/v2\/users\/1"}],"replies":[{"embeddable":true,"href":"https:\/\/aacippbc.com\/content\/italien\/wp-json\/wp\/v2\/comments?post=4138"}],"version-history":[{"count":6,"href":"https:\/\/aacippbc.com\/content\/italien\/wp-json\/wp\/v2\/pages\/4138\/revisions"}],"predecessor-version":[{"id":4734,"href":"https:\/\/aacippbc.com\/content\/italien\/wp-json\/wp\/v2\/pages\/4138\/revisions\/4734"}],"wp:attachment":[{"href":"https:\/\/aacippbc.com\/content\/italien\/wp-json\/wp\/v2\/media?parent=4138"}],"curies":[{"name":"wp","href":"https:\/\/api.w.org\/{rel}","templated":true}]}}