{"id":4162,"date":"2017-05-21T22:14:34","date_gmt":"2017-05-21T22:14:34","guid":{"rendered":"http:\/\/aacippbc.com\/content\/italien\/?page_id=4162"},"modified":"2018-12-16T21:12:10","modified_gmt":"2018-12-16T21:12:10","slug":"robert-diassivoukoua-ndefi","status":"publish","type":"page","link":"https:\/\/aacippbc.com\/content\/italien\/robert-diassivoukoua-ndefi\/","title":{"rendered":"Robert Diassivoukoua Ndefi"},"content":{"rendered":"<h4>Direttore Gestore della COOPRCC<\/h4>\n<p><img loading=\"lazy\" decoding=\"async\" class=\"wp-image-4164 size-medium alignleft\" src=\"http:\/\/aacippbc.com\/content\/italien\/wp-content\/uploads\/sites\/6\/2017\/05\/Robert-Diassivoukoua-Ndefi-e1495407640548-249x300.jpg\" alt=\"\" width=\"249\" height=\"300\" \/><\/p>\n<p>Detentore del diploma di maturit\u00e0 scientifica, indirizzo bio-chimico, si iscrisse alla facolt\u00e0 di medicina della Universit\u00e0 di Kinshasa ove ha studiato per due (2) anni. Alla prematura scomparsa del padre, decide di abbandonare il sogno di diventare medico e di andare a lavorare a Brazzaville per aiutare i suoi fratelli e delle sorelle a studiare.<\/p>\n<p>Dopo una formazione in gestione delle cooperative di risparmio e di credito, esercita funzioni di direttore del ristorante Fetrasseic della COOPEC, gestore della caisse coopec di Kinsoundi (Brazzaville).<br \/>\nNel 1987, si lancia nel mondo degli affari e specificamente, nella ristorazione. \u00c8, oggi,proprietario di un ristorante in seno al foyer DPAA\/ DGAS a Brazzaville. Ha anche posto in essere l\u2019inizio delle attivit\u00e0 agro-pastorali a Inoni nel Congo.<\/p>\n","protected":false},"excerpt":{"rendered":"<p>Direttore Gestore della COOPRCC Detentore del diploma di maturit\u00e0 scientifica, indirizzo bio-chimico, si iscrisse alla facolt\u00e0 di medicina della Universit\u00e0 di Kinshasa ove ha studiato per due (2) anni. Alla prematura scomparsa del padre, decide di abbandonare il sogno di diventare medico e di andare a lavorare a Brazzaville per aiutare i suoi fratelli e [&hellip;]<\/p>\n","protected":false},"author":1,"featured_media":4176,"parent":0,"menu_order":0,"comment_status":"closed","ping_status":"open","template":"","meta":{"footnotes":""},"class_list":["post-4162","page","type-page","status-publish","has-post-thumbnail","hentry"],"_links":{"self":[{"href":"https:\/\/aacippbc.com\/content\/italien\/wp-json\/wp\/v2\/pages\/4162","targetHints":{"allow":["GET"]}}],"collection":[{"href":"https:\/\/aacippbc.com\/content\/italien\/wp-json\/wp\/v2\/pages"}],"about":[{"href":"https:\/\/aacippbc.com\/content\/italien\/wp-json\/wp\/v2\/types\/page"}],"author":[{"embeddable":true,"href":"https:\/\/aacippbc.com\/content\/italien\/wp-json\/wp\/v2\/users\/1"}],"replies":[{"embeddable":true,"href":"https:\/\/aacippbc.com\/content\/italien\/wp-json\/wp\/v2\/comments?post=4162"}],"version-history":[{"count":13,"href":"https:\/\/aacippbc.com\/content\/italien\/wp-json\/wp\/v2\/pages\/4162\/revisions"}],"predecessor-version":[{"id":4745,"href":"https:\/\/aacippbc.com\/content\/italien\/wp-json\/wp\/v2\/pages\/4162\/revisions\/4745"}],"wp:featuredmedia":[{"embeddable":true,"href":"https:\/\/aacippbc.com\/content\/italien\/wp-json\/wp\/v2\/media\/4176"}],"wp:attachment":[{"href":"https:\/\/aacippbc.com\/content\/italien\/wp-json\/wp\/v2\/media?parent=4162"}],"curies":[{"name":"wp","href":"https:\/\/api.w.org\/{rel}","templated":true}]}}