{"id":4186,"date":"2017-05-26T01:13:33","date_gmt":"2017-05-26T01:13:33","guid":{"rendered":"http:\/\/aacippbc.com\/content\/italien\/?page_id=4186"},"modified":"2018-12-16T21:15:44","modified_gmt":"2018-12-16T21:15:44","slug":"marco-roberto-de-berardins","status":"publish","type":"page","link":"https:\/\/aacippbc.com\/content\/italien\/marco-roberto-de-berardins\/","title":{"rendered":"Marco Roberto De Bernardinis"},"content":{"rendered":"<p><img loading=\"lazy\" decoding=\"async\" class=\"size-medium wp-image-4133 alignleft\" src=\"http:\/\/aacippbc.com\/content\/italien\/wp-content\/uploads\/sites\/6\/2016\/11\/Marco-Roberto-300x225.jpg\" alt=\"Marco Roberto De Bernardinis\" width=\"300\" height=\"225\" srcset=\"https:\/\/aacippbc.com\/content\/italien\/wp-content\/uploads\/sites\/6\/2016\/11\/Marco-Roberto-300x225.jpg 300w, https:\/\/aacippbc.com\/content\/italien\/wp-content\/uploads\/sites\/6\/2016\/11\/Marco-Roberto-768x576.jpg 768w, https:\/\/aacippbc.com\/content\/italien\/wp-content\/uploads\/sites\/6\/2016\/11\/Marco-Roberto-1024x768.jpg 1024w, https:\/\/aacippbc.com\/content\/italien\/wp-content\/uploads\/sites\/6\/2016\/11\/Marco-Roberto.jpg 1040w\" sizes=\"auto, (max-width: 300px) 100vw, 300px\" \/>Sulle orme dell\u2019 impresa familiare, il signor <strong>De Bernardinis<\/strong> si \u00e8 subito interessato alla meccanica e precisamente alla meccanica di precisione.<br \/>\nAll\u2019 et\u00e0 di dodici (12) anni, comincia a prendere dimestichezza con questo mestiere facendo uso degli strumenti e seppellitili di lavoro dell\u2019 officina famigliare e facendo tirocinio delle tecniche pratiche. Con grande passione per la meccanica e per l\u2019 agricoltura, si applic\u00f2 agli studi di meccanica e consegu\u00ec il suo diploma di maturit\u00e0 in meccanica generale.<br \/>\nNel 1990. Forte della sua lunga esperienza in materia, cre\u00f2 una propria officina meccanica specializzandosi prevalentemente nel settore della revisione di motori di ogni qualsivoglia tipologia o marca; tra cui motori del settore marittimo, di quello agricolo od anche delle autovetture finanche del settore delle moto in generale.<br \/>\nNel 2007, il signor De Bernardinis incontra e conosce il Presidente dell\u2019 AACIPPBC, il signor NdefiBakitanga e da allora, la loro relazione \u00e8 segnata una profonda amicizia. E ci\u00f2 spiega e giustifica l\u2019appoggio che gli viene concesso affinch\u00e9 il piano d\u2019 azione posto in essere dall\u2019 associazione di cui sopra diventi un successo pieno sia in Italia che nel Congo.<\/p>\n","protected":false},"excerpt":{"rendered":"<p>Sulle orme dell\u2019 impresa familiare, il signor De Bernardinis si \u00e8 subito interessato alla meccanica e precisamente alla meccanica di precisione. All\u2019 et\u00e0 di dodici (12) anni, comincia a prendere dimestichezza con questo mestiere facendo uso degli strumenti e seppellitili di lavoro dell\u2019 officina famigliare e facendo tirocinio delle tecniche pratiche. Con grande passione per [&hellip;]<\/p>\n","protected":false},"author":1,"featured_media":0,"parent":0,"menu_order":0,"comment_status":"closed","ping_status":"open","template":"","meta":{"footnotes":""},"class_list":["post-4186","page","type-page","status-publish","hentry"],"_links":{"self":[{"href":"https:\/\/aacippbc.com\/content\/italien\/wp-json\/wp\/v2\/pages\/4186","targetHints":{"allow":["GET"]}}],"collection":[{"href":"https:\/\/aacippbc.com\/content\/italien\/wp-json\/wp\/v2\/pages"}],"about":[{"href":"https:\/\/aacippbc.com\/content\/italien\/wp-json\/wp\/v2\/types\/page"}],"author":[{"embeddable":true,"href":"https:\/\/aacippbc.com\/content\/italien\/wp-json\/wp\/v2\/users\/1"}],"replies":[{"embeddable":true,"href":"https:\/\/aacippbc.com\/content\/italien\/wp-json\/wp\/v2\/comments?post=4186"}],"version-history":[{"count":6,"href":"https:\/\/aacippbc.com\/content\/italien\/wp-json\/wp\/v2\/pages\/4186\/revisions"}],"predecessor-version":[{"id":4749,"href":"https:\/\/aacippbc.com\/content\/italien\/wp-json\/wp\/v2\/pages\/4186\/revisions\/4749"}],"wp:attachment":[{"href":"https:\/\/aacippbc.com\/content\/italien\/wp-json\/wp\/v2\/media?parent=4186"}],"curies":[{"name":"wp","href":"https:\/\/api.w.org\/{rel}","templated":true}]}}