{"id":3172,"date":"2016-03-31T11:55:39","date_gmt":"2016-03-31T11:55:39","guid":{"rendered":"http:\/\/ninzio.com\/focuson\/?page_id=3172"},"modified":"2021-01-09T16:28:30","modified_gmt":"2021-01-09T21:28:30","slug":"contact-form","status":"publish","type":"page","link":"https:\/\/aacippbc.com\/content\/contact-form\/","title":{"rendered":"Contact Us"},"content":{"rendered":"<p>[vc_row][vc_column][vc_gmaps link=&#8221;#E-8_JTNDaWZyYW1lJTIwc3JjJTNEJTIyaHR0cHMlM0ElMkYlMkZ3d3cuZ29vZ2xlLmNvbSUyRm1hcHMlMkZlbWJlZCUzRnBiJTNEJTIxMW0xOCUyMTFtMTIlMjExbTMlMjExZDI5MjguOTExNTQ4MDQ0MDg1NSUyMTJkMTMuOTU0OTE3MDc1NjI1NjQlMjEzZDQyLjc2OTA3NTg5MDg5OTkxJTIxMm0zJTIxMWYwJTIxMmYwJTIxM2YwJTIxM20yJTIxMWkxMDI0JTIxMmk3NjglMjE0ZjEzLjElMjEzbTMlMjExbTIlMjExczB4MTMzMTkyOGVkNTVjMmMwNSUyNTNBMHhlOWQ0NDI0OTZkOTBmZDkyJTIxMnNWaWElMkJHYWxpbGVvJTJCR2FsaWxlaSUyNTJDJTJCMzc3JTI1MkMlMkI2NDAyMSUyQkdpdWxpYW5vdmElMkJURSUyNTJDJTJCSXRhbHklMjE1ZTAlMjEzbTIlMjExc2VuJTIxMnNjYSUyMTR2MTQ5OTI5NTY2OTExMyUyMiUyMHdpZHRoJTNEJTIyNjAwJTIyJTIwaGVpZ2h0JTNEJTIyNDUwJTIyJTIwZnJhbWVib3JkZXIlM0QlMjIwJTIyJTIwc3R5bGUlM0QlMjJib3JkZXIlM0EwJTIyJTIwYWxsb3dmdWxsc2NyZWVuJTNFJTNDJTJGaWZyYW1lJTNF&#8221; title=&#8221;NOTRE ADRESSE&#8221;][\/vc_column][\/vc_row][vc_row padding_top=&#8221;0&#8243; padding_bottom=&#8221;70&#8243;][vc_column width=&#8221;1\/2&#8243;][vc_custom_heading text=&#8221;COMMENT NOUS JOINDRE&#8221; font_container=&#8221;tag:h2|font_size:28px|text_align:left|line_height:38px&#8221; use_theme_fonts=&#8221;yes&#8221;]<div class='gap nz-clearfix' style='height:10px'>&nbsp;<\/div>[vc_column_text]<span style=\"font-size: 18px; line-height: 28px;\">Merci d&#8217;avoir visit\u00e9 notre site web. Vos commentaires sont tr\u00e8s utiles pour nous. Veuillez nous envoyer votre message ou vos commentaires et nous vous contacterons d\u00e8s que possible<\/span>[\/vc_column_text]<div class=\"sep-wrap left nz-clearfix\"><div class=\"nz-separator solid\" style=\"border-bottom-color:#eeeeee;width:100px;border-bottom-width:1px;border-bottom-style:solid;margin-top:20px;margin-bottom:1px;\">&nbsp;<\/div><\/div><div class=\"sep-wrap left nz-clearfix\"><div class=\"nz-separator solid\" style=\"border-bottom-color:#eeeeee;width:100px;border-bottom-width:1px;border-bottom-style:solid;margin-bottom:40px;\">&nbsp;<\/div><\/div>[vc_row_inner][vc_column_inner width=&#8221;1\/2&#8243;][vc_column_text]<span class=\"nz-icon none small icon-phone animate-false\" style=\"color:#9e9e9e;\"><\/span> +3713243483 \u2013 3512386134 &#8211; 0857994698[\/vc_column_text]<div class='gap nz-clearfix' style='height:5px'>&nbsp;<\/div>[vc_column_text]<span class=\"nz-icon none small icon-mail6 animate-false\" style=\"color:#9e9e9e;\"><\/span> info<span style=\"color: #9e9e9e; font-size: 18px; line-height: 28px;\">@aacippbc.com<\/span>[\/vc_column_text]<div class='gap nz-clearfix' style='height:5px'>&nbsp;<\/div>[vc_column_text]<span class=\"nz-icon none small icon-earth2 animate-false\" style=\"color:#9e9e9e;\"><\/span> www.aacippbc.com[\/vc_column_text]<div class='gap nz-clearfix' style='height:5px'>&nbsp;<\/div>[vc_column_text]<span class=\"nz-icon none small icon-skype2 animate-false\" style=\"color:#9e9e9e;\"><\/span> aacippbc<span style=\"color: #9e9e9e; font-size: 18px; line-height: 28px;\">_skype<\/span>[\/vc_column_text]<div class='gap nz-clearfix' style='height:25px'>&nbsp;<\/div>[\/vc_column_inner][vc_column_inner width=&#8221;1\/2&#8243;][vc_column_text]<span style=\"color: #9e9e9e; font-size: 18px; line-height: 28px;\">AACIPPBC,<\/span>[\/vc_column_text]<div class='gap nz-clearfix' style='height:5px'>&nbsp;<\/div>[vc_column_text]<strong><em>Via G. Galilei, 377 <\/em><\/strong>[\/vc_column_text]<div class='gap nz-clearfix' style='height:5px'>&nbsp;<\/div>[vc_column_text]<strong><em>64021 GIULIANOVA LIDO (TE), Italia \u00a0\u00a0<\/em><\/strong>[\/vc_column_text]<div class='gap nz-clearfix' style='height:5px'>&nbsp;<\/div>[vc_column_text]<span style=\"text-decoration: underline;\"><span style=\"font-size: 18px; line-height: 28px;\"><a href=\"https:\/\/www.google.ca\/maps\/place\/Via+Galileo+Galilei,+377,+64021+Giulianova+TE,+Italy\/@42.7690759,13.9549171,3a,75y,90t\/data=!3m6!1e1!3m4!1suggqzBfJ48phLVK_DYGgEA!6s%2F%2Fgeo0.ggpht.com%2Fmaps%2Fphotothumb%2Ffd%2Fv1%3Fbpb%3DChAKDnNlYXJjaC5UQUNUSUxFEkAKEgkFLFzVjpIxExGS_ZBtSULU6RIKDYcLfhkVY1hRCBoSCWVm7q2LkjETEbEj_Qgvyj0cKgoNhwt-GRVjWFEIGgQIVhBW%26gl%3DCA!7i13312!8i6656!4m5!3m4!1s0x1331928ed55c2c05:0xe9d442496d90fd92!8m2!3d42.7690887!4d13.9548771?hl=en\">GET LOCATION<\/a><\/span><\/span>[\/vc_column_text][\/vc_column_inner][\/vc_row_inner]<div class=\"sep-wrap left nz-clearfix\"><div class=\"nz-separator solid\" style=\"border-bottom-color:#eeeeee;width:100px;border-bottom-width:1px;border-bottom-style:solid;margin-top:25px;margin-bottom:1px;\">&nbsp;<\/div><\/div><div class=\"sep-wrap left nz-clearfix\"><div class=\"nz-separator solid\" style=\"border-bottom-color:#eeeeee;width:100px;border-bottom-width:1px;border-bottom-style:solid;margin-bottom:40px;\">&nbsp;<\/div><\/div><div class=\"nz-sl social-links nz-clearfix left\"><a class=\"icon-facebook\" href=\"http:\/\/facebook.com\" target=\"_self\" ><\/a><a class=\"icon-twitter\" href=\"http:\/\/twitter.com\" target=\"_self\" ><\/a><a class=\"icon-youtube\" href=\"http:\/\/youtube.com\" target=\"_self\" ><\/a><a class=\"icon-linkedin\" href=\"http:\/\/linkedin.com\" target=\"_self\" ><\/a><a class=\"icon-envelope\" href=\"mailto:contact@aacippbc.com\" target=\"_self\" ><\/a><\/div>[\/vc_column][vc_column width=&#8221;1\/2&#8243;]\n<div class=\"wpcf7 no-js\" id=\"wpcf7-f3637-o1\" lang=\"en-US\" dir=\"ltr\" data-wpcf7-id=\"3637\">\n<div class=\"screen-reader-response\"><p role=\"status\" aria-live=\"polite\" aria-atomic=\"true\"><\/p> <ul><\/ul><\/div>\n<form action=\"\/content\/wp-json\/wp\/v2\/pages\/3172#wpcf7-f3637-o1\" method=\"post\" class=\"wpcf7-form init\" aria-label=\"Contact form\" novalidate=\"novalidate\" data-status=\"init\">\n<div style=\"display: none;\">\n<input type=\"hidden\" name=\"_wpcf7\" value=\"3637\" \/>\n<input type=\"hidden\" name=\"_wpcf7_version\" value=\"6.0.6\" \/>\n<input type=\"hidden\" name=\"_wpcf7_locale\" value=\"en_US\" \/>\n<input type=\"hidden\" name=\"_wpcf7_unit_tag\" value=\"wpcf7-f3637-o1\" \/>\n<input type=\"hidden\" name=\"_wpcf7_container_post\" value=\"0\" \/>\n<input type=\"hidden\" name=\"_wpcf7_posted_data_hash\" value=\"\" \/>\n<\/div>\n<p><span class=\"wpcf7-form-control-wrap\" data-name=\"your-name\"><input size=\"40\" maxlength=\"400\" class=\"wpcf7-form-control wpcf7-text wpcf7-validates-as-required\" aria-required=\"true\" aria-invalid=\"false\" placeholder=\"VOTRE NOM\" value=\"\" type=\"text\" name=\"your-name\" \/><\/span>\n<\/p>\n<p><span class=\"wpcf7-form-control-wrap\" data-name=\"your-email\"><input size=\"40\" maxlength=\"400\" class=\"wpcf7-form-control wpcf7-email wpcf7-validates-as-required wpcf7-text wpcf7-validates-as-email\" aria-required=\"true\" aria-invalid=\"false\" placeholder=\"VOTRE EMAIL\" value=\"\" type=\"email\" name=\"your-email\" \/><\/span>\n<\/p>\n<p><span class=\"wpcf7-form-control-wrap\" data-name=\"your-subject\"><input size=\"40\" maxlength=\"400\" class=\"wpcf7-form-control wpcf7-text\" aria-invalid=\"false\" placeholder=\"SUJET\" value=\"\" type=\"text\" name=\"your-subject\" \/><\/span>\n<\/p>\n<p><span class=\"wpcf7-form-control-wrap\" data-name=\"your-message\"><textarea cols=\"40\" rows=\"10\" maxlength=\"2000\" class=\"wpcf7-form-control wpcf7-textarea\" aria-invalid=\"false\" placeholder=\"VOTRE MESSAGE\" name=\"your-message\"><\/textarea><\/span>\n<\/p>\n<p><input class=\"wpcf7-form-control wpcf7-submit has-spinner\" type=\"submit\" value=\"SOUMETTRE MESSAGE\" \/>\n<\/p><p style=\"display: none !important;\" class=\"akismet-fields-container\" data-prefix=\"_wpcf7_ak_\"><label>&#916;<textarea name=\"_wpcf7_ak_hp_textarea\" cols=\"45\" rows=\"8\" maxlength=\"100\"><\/textarea><\/label><input type=\"hidden\" id=\"ak_js_1\" name=\"_wpcf7_ak_js\" value=\"189\"\/><script>document.getElementById( \"ak_js_1\" ).setAttribute( \"value\", ( new Date() ).getTime() );<\/script><\/p><div class=\"wpcf7-response-output\" aria-hidden=\"true\"><\/div>\n<\/form>\n<\/div>\n[\/vc_column][\/vc_row]<\/p>\n","protected":false},"excerpt":{"rendered":"<p>Claritas est etiam processus dynamicus, qui sequitur mutationem consuetudium lectorum. Mirum est notare quam littera gothica, quam nunc putamus parum claram, anteposuerit litterarum formas humanitatis per seacula quarta decima et quinta decima. Eodem modo typi, qui nunc nobis videntur parum clari, fiant sollemnes in futurum.<\/p>\n","protected":false},"author":1,"featured_media":0,"parent":0,"menu_order":0,"comment_status":"closed","ping_status":"closed","template":"","meta":{"footnotes":""},"class_list":["post-3172","page","type-page","status-publish","hentry"],"_links":{"self":[{"href":"https:\/\/aacippbc.com\/content\/wp-json\/wp\/v2\/pages\/3172","targetHints":{"allow":["GET"]}}],"collection":[{"href":"https:\/\/aacippbc.com\/content\/wp-json\/wp\/v2\/pages"}],"about":[{"href":"https:\/\/aacippbc.com\/content\/wp-json\/wp\/v2\/types\/page"}],"author":[{"embeddable":true,"href":"https:\/\/aacippbc.com\/content\/wp-json\/wp\/v2\/users\/1"}],"replies":[{"embeddable":true,"href":"https:\/\/aacippbc.com\/content\/wp-json\/wp\/v2\/comments?post=3172"}],"version-history":[{"count":27,"href":"https:\/\/aacippbc.com\/content\/wp-json\/wp\/v2\/pages\/3172\/revisions"}],"predecessor-version":[{"id":4591,"href":"https:\/\/aacippbc.com\/content\/wp-json\/wp\/v2\/pages\/3172\/revisions\/4591"}],"wp:attachment":[{"href":"https:\/\/aacippbc.com\/content\/wp-json\/wp\/v2\/media?parent=3172"}],"curies":[{"name":"wp","href":"https:\/\/api.w.org\/{rel}","templated":true}]}}