{"id":3522,"date":"2016-03-09T12:49:09","date_gmt":"2016-03-09T12:49:09","guid":{"rendered":"http:\/\/ninzio.com\/focuson\/?page_id=2"},"modified":"2018-03-24T20:07:20","modified_gmt":"2018-03-24T20:07:20","slug":"mot-du-president","status":"publish","type":"page","link":"https:\/\/aacippbc.com\/content\/mot-du-president\/","title":{"rendered":"Mot du pr\u00e9sident"},"content":{"rendered":"<p><img loading=\"lazy\" decoding=\"async\" class=\"size-medium wp-image-4017 alignleft\" src=\"http:\/\/aacippbc.com\/content\/wp-content\/uploads\/2016\/11\/president-1084-300x300.jpg\" alt=\"Mot du pr\u00e9sident\" width=\"300\" height=\"300\" srcset=\"https:\/\/aacippbc.com\/content\/wp-content\/uploads\/2016\/11\/president-1084-300x300.jpg 300w, https:\/\/aacippbc.com\/content\/wp-content\/uploads\/2016\/11\/president-1084-150x150.jpg 150w, https:\/\/aacippbc.com\/content\/wp-content\/uploads\/2016\/11\/president-1084-440x440.jpg 440w, https:\/\/aacippbc.com\/content\/wp-content\/uploads\/2016\/11\/president-1084-180x180.jpg 180w, https:\/\/aacippbc.com\/content\/wp-content\/uploads\/2016\/11\/president-1084-600x600.jpg 600w, https:\/\/aacippbc.com\/content\/wp-content\/uploads\/2016\/11\/president-1084.jpg 640w\" sizes=\"auto, (max-width: 300px) 100vw, 300px\" \/><\/p>\n<p>Je tiens d\u2019abord \u00e0 rendre hommage \u00e0 notre d\u00e9funt p\u00e8re, Robert Ndefi Antima. Il est la source de mon inspiration d\u00e8s mon jeune \u00e2ge, \u00e0 travers ses impressionnantes activit\u00e9s agricoles, lui qui \u00e9tait un professionnel de l\u2019enseignement primaire, psychop\u00e9dagogue, haut fonctionnaire de l\u2019\u00c9tat. Que son \u00e2me repose en paix et que son esprit continue de nous guider.<br \/>\nUne pens\u00e9e de bons souvenirs est aussi \u00e9mise \u00e0 l\u2019\u00e9gard de notre tr\u00e8s cher regrett\u00e9 grand fr\u00e8re Andr\u00e9 Diwata N\u2019sonde Vedy, Lieutenant, pilote d\u2019avions de chasse, ensuite des lignes commerciales; form\u00e9 aux \u00c9tats-Unis d\u2019Am\u00e9rique au d\u00e9but des ann\u00e9es 70. Il a \u00e9t\u00e9 un mod\u00e8le de courage et de pers\u00e9v\u00e9rance pour moi. Il nous a aussi quitt\u00e9s tr\u00e8s t\u00f4t comme ce fut le cas pour notre p\u00e8re. Paix \u00e0 son \u00e2me !<\/p>\n<p>L\u2019AACIPPBC est n\u00e9e suite \u00e0 mon exp\u00e9rience personnelle, dans laquelle j\u2019ai v\u00e9cu des situations difficiles en affaires avec mon entreprise NB\/AGRIMODERNE et ce, suite \u00e0 certains param\u00e8tres qui s\u2019av\u00e9raient hors de mon contr\u00f4le au Congo\/Brazzaville, tels que le manque de techniciens sp\u00e9cialis\u00e9s dans l\u2019entretien et la maintenance des machines agricoles, le manque de pi\u00e8ces de rechange appropri\u00e9es et bien d\u2019autres.<\/p>\n<p>Sur ce, je tiens \u00e0 remercier du fond de mon c\u0153ur, ceux qui m\u2019ont soutenu de pr\u00e8s ou de loin, tant financi\u00e8rement que moralement. Il s\u2019agit du Colonel Mbonokouo-Mpaan B\u00e9h\u00f4me, le vice-pr\u00e9sident de l\u2019AACIPPBC \u00e0 Brazzaville et de monsieur Mpio Andr\u00e9, administrateur \u00e0 la soci\u00e9t\u00e9 nationale d\u2019\u00e9lectricit\u00e9 au Congo\/Brazzaville, qui pour moi sont devenus des grands fr\u00e8res, ainsi que le G\u00e9n\u00e9ral Nkonta Mokono Prosper pour ses conseils et son soutien moral.<\/p>\n<p>Un grand merci \u00e0 notre secr\u00e9taire administratif, Diabassenga Athanas Man pour le travail abattu. Une pens\u00e9e de reconnaissance pour notre a\u00een\u00e9, le d\u00e9funt Babakila Gaston, qui nous a inspir\u00e9s dans le cadre de la Coopecc, sans oublier son cadet Bounanidi Paulin qui continue de nous encourager.<\/p>\n<p>Je remercie aussi mes grands fr\u00e8res Antima Ndefi au Canada et Robert Ndefi Diassivoukoua \u00e0 Brazzaville pour leur assistance.<\/p>\n<p>Je remercie Dr. Mfwamba Balongo pour tout ce qu\u2019il a fait pour nous venir en aide, moi-m\u00eame ainsi que mes fr\u00e8res et s\u0153urs. Il est non seulement un mod\u00e8le pour nous, en ce qui concerne les \u0153uvres de bienfaisance aupr\u00e8s des n\u00e9cessiteux, mais aussi un fid\u00e8le et pr\u00e9cieux mentor.<\/p>\n<p>A ma grande s\u0153ur Elise Mfwamba Diamatondo qui m\u2019a soutenu dans mes projets, sans oublier toute la famille Mfwamba, je dis grand merci pour tout.<\/p>\n<p>Je remercie ma s\u0153ur Maguy Mabondo Ndefi et son conjoint Norbert Mvita Benabo, pour leur soutien \u00e0 la famille, en particulier \u00e0 mes petits fr\u00e8res et petites s\u0153urs. J\u2019en suis reconnaissant.<\/p>\n<p>A mes jeunes fr\u00e8res, Dr. Robert Ndefi A\u2019ntima Yadiswa et Ing. Dublin Luamba Ndefi, ainsi que ma petite s\u0153ur Robertine Nsunda Ndefi, je dis merci.<\/p>\n<p>A la famille Nicola Cangiano \u00e0 Trentola Ducenta(Caserta), qui m\u2019a adopt\u00e9 d\u00e8s mes premi\u00e8res ann\u00e9es en Italie, \u00e0 Umberto Cangiano que je consid\u00e8re comme grand- fr\u00e8re, selon la culture africaine et son \u00e9pouse Carla, \u00e0 papa Nicola Cangiano et maman Antonietta, je dis grand merci.<\/p>\n<p>A ma m\u00e8re Belawandi Benique, ma s\u0153ur Mbombi Liliane et \u00e0 son regrett\u00e9 compagnon Vasco Vakanda,je dis \u00e9galement merci.<\/p>\n<p>A Mon grand fr\u00e8re Prof. Mukuna Samulomba Malaku et son \u00e9pouse la Doctoresse Valentini Clara en Italie, \u00e0 mon ami De Bernardinis Marco Roberto et sa conjointe Giorgia Bandini \u00e0 Tortoreto Alto en Italie, je dis aussi grand merci pour tout.<\/p>\n<p>Un grand merci aussi aux habitants de Mb\u00e9 et Inoni pour leur hospitalit\u00e9 et la confiance qu\u2019il ont plac\u00e9 en moi.<\/p>\n<p>Un grand merci et une grande reconnaissance au colonel Philippe Mockouamy et sa famille pour les terres qu\u2019ils ont mises \u00e0 la disposition de l\u2019AACIPPBC.<\/p>\n<p>Je tiens particuli\u00e8rement \u00e0 remercier tous ceux qui, d\u00e8s le d\u00e9but, ont cru en ma vision de cr\u00e9er une association qui allait regrouper les agriculteurs des plateaux Bat\u00e9k\u00e9 et du pool au Congo dans une prospective d\u2019expansion au niveau r\u00e9gional et national, afin qu\u2019ensemble, nous puissions travailler principalement dans la promotion de la m\u00e9canisation agricole dans nos r\u00e9gions. Il s\u2019agit d\u2019Akouli Guy, d\u00e9funt colonel Moundze Fran\u00e7ois, Bilembolo Paul, Dianzenza Ndefi Hector, Loukanou Ndefi Roberson, Babakila Ndefi Robert, Massamba Lubaki, Mayassi Philippe, Ollandet Chantal Julie, Guimezap Sokeng Thierry, Boukaka Lambert, Loubouenadio Bibila Monique, Nzouzi Mireille Yollande-Lydie, Milongo Miakassissa Guerlain Grace, Bassemoukina Solange, Mansouela- Makiesse Jean- Roger Axal, Koussoumina Rigobert, Oko Bruno, Etzoula Laurent, Okouere Ghyslain, Ngalouoli Albertine, Malina stevie, Onvala martin, Didissa Julienne, Nkounkou Patricia, Ngayan Adolphine, Maba Juldas, kibo Georgette, Otini Patricia, Longo Kifulu Didier, Mouanga Hannebicque, Mouanga Gaston, Badila Boukaka Dardel Raugeance, Bakitanga Vedder, Bonolo Mireille, Ndefi Diassivoukoua Caleb, Massamba-Bonda Sara, Afoumpoulo Pauline, etc.. .<\/p>\n<p>En effet, vous avez sign\u00e9 le document qui a permis \u00e0 l\u2019AACIPPBC d\u2019\u00eatre non seulement cr\u00e9\u00e9e, mais aussi reconnue et l\u00e9galis\u00e9e tant au Congo qu\u2019en Italie. Vous \u00eates d\u2019embl\u00e9e les co-fondateurs de l\u2019AACIPPBC. Cette association est donc cr\u00e9\u00e9e par vous \u00ab les petits agriculteurs et paysans, pour vous les petits agriculteurs et paysans \u00bb. Vous devez en \u00eatre fiers.<\/p>\n<p>Mes remerciements vont surtout \u00e0 l\u2019\u00c9tat congolais qui en premier, nous a reconnus par nos actes constitutifs, comme Association \u00e0 caract\u00e8re socio-\u00e9conomique, un mod\u00e8le innovant d\u2019un organisme d\u2019\u00e9conomie sociale d\u2019essence agricole, qui s\u2019inspire du mod\u00e8le italien sur la m\u00e9canisation agricole, afin de moderniser l\u2019agriculture pratiqu\u00e9e par les petits exploitants ou mieux par les paysans congolais.<\/p>\n<p>Nos remerciements vont enfin \u00e0 l\u2019ambassade italienne au Congo qui nous a soutenus dans nos d\u00e9marches administratives, aux institutions italiennes qui ont \u00e9galement approuv\u00e9 la d\u00e9marche de l\u2019AACIPPBC qui consiste \u00e0 cr\u00e9er une structure \u00e9conomico-sociale et culturelle, qui combine l\u2019esprit des associations \u00e0 but non lucratif au sens traditionnel, \u00e0 celui des associations productives \u00e0 profit positif (au profit des membres et pour l\u2019utilit\u00e9 sociale), tel que d\u00e9fini dans la nouvelle r\u00e9forme de \u00ab <strong>Terzo-Settore<\/strong> \u00bb du gouvernement du Pr\u00e9sident du Conseil de ministres <strong>Matteo Renzi<\/strong>.<\/p>\n<p>L\u2019AACIPPBC, c\u2019est un organisme autonome du point de vue organisation et fonctionnement qui s\u2019int\u00e8gre dans un mod\u00e8le de coop\u00e9ration internationale de proximit\u00e9. D\u2019o\u00f9 c\u2019est une ONG.<\/p>\n<p>L\u2019AACIPPBC, C\u2019est aussi cette organisation du d\u00e9veloppement \u00e0 caract\u00e8re socio\u00e9conomique qui veut respecter les principes de la durabilit\u00e9 et de l\u2019\u00e9quit\u00e9, une forme d\u2019entreprise, un groupe de type Associatif et Coop\u00e9ratif qui s\u2019est cr\u00e9\u00e9 non pas sur base d\u2019un capital mon\u00e9taire, mais sur base du capital humain, du travail volontaire de ses membres, de la confiance mutuelle pour la r\u00e9ussite d\u2019une initiative d\u2019int\u00e9r\u00eat commun, de la volont\u00e9 et de la d\u00e9termination, dans la perspective du soutien financier des institutions \u00e9tatiques, ainsi que d\u2019autres organisations de type Associatif et Coop\u00e9ratif dans des partenariats gagnant-gagnant .<\/p>\n<p>L\u2019AACIPPBC cr\u00e9erait ainsi des emplois r\u00e9mun\u00e9r\u00e9s \u00e0 travers des services et activit\u00e9s productifs dans l\u2019industrie agroalimentaire et dans d\u2019autres secteurs connexes pour promouvoir le bien- \u00eatre non seulement de ses membres dans l\u2019\u00e9quit\u00e9, mais \u00e9galement celui des membres de leurs communaut\u00e9s respectives, ainsi que celui de leurs concitoyens en g\u00e9n\u00e9ral.<\/p>\n<p>Comme concepteur et fondateur de l\u2019Association des agriculteurs congolais et italiens au pool et plateaux Bat\u00e9k\u00e9 (AACIPPBC), j\u2019estime que la solidarit\u00e9 et la coop\u00e9ration gagnant-gagnant, sont les meilleurs instruments pour rapprocher les peuples afin de cr\u00e9er un climat de confiance mutuelle dans le cadre des \u00e9changes \u00e9conomiques, sociales et culturelles pour tenter de garantir \u00e0 tous un bien-\u00eatre, pour un d\u00e9veloppement int\u00e9gral de l\u2019homme.<\/p>\n<p>L\u2019heure est donc venue o\u00f9 chaque communaut\u00e9 doit se prendre en main tant pour assurer sa s\u00e9curit\u00e9 alimentaire que pour garantir son bien-\u00eatre socio-\u00e9conomique au Congo en particulier et dans le bassin du fleuve Congo en g\u00e9n\u00e9ral, profitant de l\u2019exp\u00e9rience italienne \u00e0 travers le transfert du Know- how par l\u2019AACIPPBC.<\/p>\n<p>C\u2019est dans ce cadre qu\u2019ensemble, nous avons d\u00e9fini nos objectifs tout en dressant un plan d\u2019action que nous allons r\u00e9aliser \u00e0 court, moyen et long terme.<br \/>\nCertes, nous aurons encore de nombreux d\u00e9fis \u00e0 relever, mais c\u2019est avec redoublement d\u2019ardeur et de conviction que je m\u2019engage \u00e0 travailler de concert avec tous les membres, les responsables de diff\u00e9rents services, nos partenaires italiens en particulier et ceux de partout \u00e0 travers le globe, afin de poursuivre et de r\u00e9aliser la mission et les objectifs de l\u2019AACIPPBC.<\/p>\n<p>Ensemble, nous pouvons faire mieux pour promouvoir non seulement la m\u00e9canisation et la modernisation de l\u2019agriculture au sein de nos communaut\u00e9s, mais aussi la cr\u00e9ation des micros, petites et moyennes entreprises dans le secteur agroalimentaire et dans d\u2019autres secteurs connexes en s\u2019inspirant toujours du mod\u00e8le italien de PME qui est le meilleur au monde et que nous pouvons am\u00e9liorer en fonction des r\u00e9alit\u00e9s du Congo en particulier et de nos r\u00e9gions africaines en g\u00e9n\u00e9ral.<\/p>\n<p>Bien solidairement,<\/p>\n<p style=\"text-align: right;\">(Pr\u00e9sident-Fondateur, Repr\u00e9sentant l\u00e9gal)<br \/>\nNDEFI BAKITANGA<\/p>\n","protected":false},"excerpt":{"rendered":"<p>Je tiens d\u2019abord \u00e0 rendre hommage \u00e0 notre d\u00e9funt p\u00e8re, Robert Ndefi Antima. Il est la source de mon inspiration d\u00e8s mon jeune \u00e2ge, \u00e0 travers ses impressionnantes activit\u00e9s agricoles, lui qui \u00e9tait un professionnel de l\u2019enseignement primaire, psychop\u00e9dagogue, haut fonctionnaire de l\u2019\u00c9tat. Que son \u00e2me repose en paix et que son esprit continue de [&hellip;]<\/p>\n","protected":false},"author":1,"featured_media":0,"parent":0,"menu_order":0,"comment_status":"closed","ping_status":"open","template":"","meta":{"footnotes":""},"class_list":["post-3522","page","type-page","status-publish","hentry"],"_links":{"self":[{"href":"https:\/\/aacippbc.com\/content\/wp-json\/wp\/v2\/pages\/3522","targetHints":{"allow":["GET"]}}],"collection":[{"href":"https:\/\/aacippbc.com\/content\/wp-json\/wp\/v2\/pages"}],"about":[{"href":"https:\/\/aacippbc.com\/content\/wp-json\/wp\/v2\/types\/page"}],"author":[{"embeddable":true,"href":"https:\/\/aacippbc.com\/content\/wp-json\/wp\/v2\/users\/1"}],"replies":[{"embeddable":true,"href":"https:\/\/aacippbc.com\/content\/wp-json\/wp\/v2\/comments?post=3522"}],"version-history":[{"count":19,"href":"https:\/\/aacippbc.com\/content\/wp-json\/wp\/v2\/pages\/3522\/revisions"}],"predecessor-version":[{"id":4513,"href":"https:\/\/aacippbc.com\/content\/wp-json\/wp\/v2\/pages\/3522\/revisions\/4513"}],"wp:attachment":[{"href":"https:\/\/aacippbc.com\/content\/wp-json\/wp\/v2\/media?parent=3522"}],"curies":[{"name":"wp","href":"https:\/\/api.w.org\/{rel}","templated":true}]}}