{"id":3635,"date":"2016-05-24T10:05:22","date_gmt":"2016-05-24T10:05:22","guid":{"rendered":"http:\/\/ninzio.com\/focuson\/?page_id=3516"},"modified":"2018-12-29T14:15:09","modified_gmt":"2018-12-29T14:15:09","slug":"home-7","status":"publish","type":"page","link":"https:\/\/aacippbc.com\/content\/","title":{"rendered":"Home 7"},"content":{"rendered":"<p>[vc_row full_width=&#8221;true&#8221; autoheight=&#8221;true&#8221; padding_top=&#8221;0&#8243; padding_bottom=&#8221;0&#8243;][vc_column animate=&#8221;true&#8221; effect=&#8221;scale&#8221; margin_b=&#8221;false&#8221; pl=&#8221;50&#8243; pr=&#8221;50&#8243; pt=&#8221;75&#8243; pb=&#8221;50&#8243; back_color=&#8221;#8cc443&#8243; offset=&#8221;vc_col-lg-4 vc_col-md-12&#8243;]<div class=\"nz-content-box nz-clearfix animate-none\" data-columns=\"1\" data-animate=\"false\"><div id=\"nz-box-1\" class=\"  nz-box animate-item\"><div class=\"nz-box-wrap\"><style>#nz-box-1 .box-icon {color:#5f862c;}#nz-box-1:hover .box-icon {color:#ffffff !important;}<\/style><div class=\"box-icon-wrap\"><div class=\"box-icon icon-cog\"><\/div><\/div><div class=\"box-data\"><\/p>\n<h3><span style=\"font-size: 16px; line-height: 26px; color: #ffffff;\">CONNEXION<\/span><\/h3>\n<p><span style=\"color: #ffffff;\">Cr\u00e9er des liens entre les agriculteurs italiens et congolais du Pool et Plateaux Bat\u00e9k\u00e9 pour promouvoir le bien-\u00eatre de petits exploitants agricoles.<\/span><\/div><\/div><\/div><\/div>[\/vc_column][vc_column animate=&#8221;true&#8221; effect=&#8221;scale&#8221; margin_b=&#8221;false&#8221; pl=&#8221;50&#8243; pr=&#8221;50&#8243; pt=&#8221;75&#8243; pb=&#8221;50&#8243; back_color=&#8221;#78ba3f&#8221; offset=&#8221;vc_col-lg-4 vc_col-md-12&#8243;]<div class=\"nz-content-box nz-clearfix animate-none\" data-columns=\"1\" data-animate=\"false\"><div id=\"nz-box-2\" class=\"  nz-box animate-item\"><div class=\"nz-box-wrap\"><style>#nz-box-2 .box-icon {color:#5f862c;}#nz-box-2:hover .box-icon {color:#ffffff !important;}<\/style><div class=\"box-icon-wrap\"><div class=\"box-icon icon-music2\"><\/div><\/div><div class=\"box-data\"><\/p>\n<h3><span style=\"font-size: 16px; line-height: 26px; color: #ffffff;\">ACQUISITION<\/span><\/h3>\n<p><span style=\"color: #ffffff;\">Orienter les agriculteurs du Pool et Plateaux Bat\u00e9k\u00e9 vers l\u2019acquisition du mat\u00e9riel agricole italien performant, fiable et adapt\u00e9 aux r\u00e9alit\u00e9s du terrain.<\/span><\/div><\/div><\/div><\/div>[\/vc_column][vc_column animate=&#8221;true&#8221; effect=&#8221;scale&#8221; margin_b=&#8221;false&#8221; pl=&#8221;50&#8243; pr=&#8221;50&#8243; pt=&#8221;75&#8243; pb=&#8221;50&#8243; back_color=&#8221;#8cc443&#8243; offset=&#8221;vc_col-lg-4 vc_col-md-12&#8243;]<div class=\"nz-content-box nz-clearfix animate-none\" data-columns=\"1\" data-animate=\"false\"><div id=\"nz-box-3\" class=\"  nz-box animate-item\"><div class=\"nz-box-wrap\"><style>#nz-box-3 .box-icon {color:#5f862c;}#nz-box-3:hover .box-icon {color:#ffffff !important;}<\/style><div class=\"box-icon-wrap\"><div class=\"box-icon icon-truck2\"><\/div><\/div><div class=\"box-data\"><\/p>\n<h3><span style=\"font-size: 16px; line-height: 26px; color: #ffffff;\">SAVOIR-FAIRE<\/span><\/h3>\n<p><span style=\"color: #ffffff;\">Permettre le transfert des connaissances et du savoir-faire des agriculteurs italiens pour des cultures sp\u00e9cifiques ainsi que pour l\u2019\u00e9levage.<\/span><\/div><\/div><\/div><\/div>[\/vc_column][\/vc_row][vc_row padding_top=&#8221;50&#8243; padding_bottom=&#8221;0&#8243;][vc_column width=&#8221;7\/12&#8243; animate=&#8221;true&#8221; effect=&#8221;fade-left&#8221;]<div class='gap nz-clearfix' style='height:70px'>&nbsp;<\/div>[vc_custom_heading text=&#8221;QUI SOMMES NOUS?&#8221; font_container=&#8221;tag:h3|font_size:28px|text_align:left|line_height:38px&#8221; use_theme_fonts=&#8221;yes&#8221;]<div class='gap nz-clearfix' style='height:20px'>&nbsp;<\/div>[vc_column_text]<span style=\"font-size: 18px; line-height: 28px;\">L\u2019<strong>A<\/strong>ssociation des <strong>a<\/strong>griculteurs <strong>c<\/strong>ongolais et <strong>i<\/strong>taliens au <strong>P<\/strong>ool et <strong>P<\/strong>lateaux <strong>B<\/strong>at\u00e9k\u00e9 est une organisation qui a pour but principal, de promouvoir la m\u00e9canisation et la modernisation de l&#8217;agriculture au sein des communaut\u00e9s rurales, \u00e0 travers la mise en \u0153uvre de seize (16) objectifs d\u00e9crits dans son statut. Elle s\u2019est \u00e9galement assign\u00e9 le but de promouvoir le bien-\u00eatre des familles de petits exploitants agricoles et des paysans, dans un processus du d\u00e9veloppement communautaire par le d\u00e9veloppement durable de l\u2019agriculture.<\/span><br \/>\n<span style=\"font-size: 14px; line-height: 24px;\"><br \/>\n<\/span>[\/vc_column_text]<div class='gap nz-clearfix' style='height:30px'>&nbsp;<\/div><a class=\"button button-normal default full-false small square icon-true animate-true anim-type-ghost hover-fill\" href=\"http:\/\/aacippbc.com\/content\/a-propos-de-nous\/\" target=\"_self\"><span class=\"txt\">A propos de nous<\/span><span class=\"btn-icon icon-trophy2\"><\/span><\/a><a class=\"button button-normal default full-false small square icon-true animate-false anim-type-ghost hover-fill\" href=\"http:\/\/aacippbc.com\/content\/mot-du-president\/\" target=\"_self\"><span class=\"btn-icon icon-trophy2\"><\/span><span class=\"txt\">Mot du pr\u00e9sident<\/span><\/a><a class=\"button button-normal default full-false small square icon-true animate-false anim-type-ghost hover-fill\" href=\"http:\/\/aacippbc.com\/content\/role-et-mission\/\" target=\"_self\"><span class=\"btn-icon icon-trophy2\"><\/span><span class=\"txt\">R\u00f4le et mission<\/span><\/a>[\/vc_column][vc_column width=&#8221;5\/12&#8243; animate=&#8221;true&#8221; effect=&#8221;fade-right&#8221; margin_b=&#8221;false&#8221;]<img loading=\"lazy\" decoding=\"async\" class=\"aligncenter size-full wp-image-3162 \" src=\"https:\/\/aacippbc.com\/content\/wp-content\/uploads\/2016\/03\/team_member.jpg\" alt=\"3162\" width=\"290\" height=\"489\" srcset=\"https:\/\/aacippbc.com\/content\/wp-content\/uploads\/2016\/03\/team_member.jpg 290w, https:\/\/aacippbc.com\/content\/wp-content\/uploads\/2016\/03\/team_member-178x300.jpg 178w\" sizes=\"auto, (max-width: 290px) 100vw, 290px\" \/>[\/vc_column][\/vc_row][vc_row padding_bottom=&#8221;15&#8243;][vc_column width=&#8221;1\/2&#8243; extra_class=&#8221;no-padding&#8221; animate=&#8221;true&#8221; effect=&#8221;fade-left&#8221;][vc_custom_heading text=&#8221;POURQUOI CHOISIR AACIPPBC ?&#8221; font_container=&#8221;tag:h3|font_size:28px|text_align:left|line_height:38px&#8221; use_theme_fonts=&#8221;yes&#8221;]<div class='gap nz-clearfix' style='height:20px'>&nbsp;<\/div>[vc_column_text]<\/p>\n<h3><span style=\"font-size: 16px; line-height: 26px;\">A cause de sa fiabilit\u00e9 et pour des objectifs socio\u00e9conomiques, \u00e9cologiques, culturels et du d\u00e9veloppement communautaire qu\u2019elle poursuit.<\/span><\/h3>\n<p><span style=\"color: #777777;\"><br \/>\nEn effet, immigr\u00e9 en Italie en 1988, au fil des ann\u00e9es, le pr\u00e9sident fondateur de l\u2019AACIPPBC s\u2019est cr\u00e9\u00e9 d\u2019importants contacts dans son r\u00e9seau. Ainsi il entretient de bonnes relations avec quelques entrepreneurs de sa r\u00e9gion \u00e9voluant dans les domaines agricole, agroalimentaire et d\u2019autres domaines en lien avec les activit\u00e9s agropastorales. En 2002, il a cr\u00e9\u00e9 l\u2019\u00e9tablissement Ndefi Import-export, enregistr\u00e9 \u00e0 la chambre de commerce de la province de Teramo.<\/span><\/p>\n<p>Derni\u00e8rement, suite \u00e0 un long s\u00e9jour \u00e0 Brazzaville, il s\u2019est rendu compte des difficult\u00e9s rencontr\u00e9es par les petits producteurs agricoles et les agriculteurs du Congo en particulier, tant dans l\u2019acquisition des engins fiables que dans la maintenance des engins existants. En outre, il s&#8217;est aussi rendu compte des probl\u00e9matiques \u00e9cologiques pos\u00e9es; suite \u00e0 la destruction des galeries foresti\u00e8res par les petits exploitants agricoles ou mieux par les paysans pour cultiver le ma\u00efs et d\u2019autres produits vivriers. C\u2019est d\u2019ailleurs de cette exp\u00e9rience qu\u2019il a jug\u00e9 utile de mobiliser les agriculteurs concern\u00e9s pour fonder l\u2019AACIPPBC afin de chercher des voies et moyens pour pallier \u00e0 cette situation, \u00e0 travers un plan d\u2019action qu\u2019il leur a pr\u00e9sent\u00e9 et qu\u2019ils ont adopt\u00e9 \u00e0 l\u2019unanimit\u00e9.<\/p>\n<p>Ainsi, gr\u00e2ce \u00e0 sa pr\u00e9sence en Italie, avec des partenaires et experts hautement qualifi\u00e9s dans tous les domaines auxquels l\u2019AACIPPBC est impliqu\u00e9e, le pr\u00e9sident s\u2019engage d\u2019assurer la fourniture des engins, des outillages agricoles et des machines de transformations des produits alimentaires fiables \u00e0 tous les clients selon leurs demandes et en fonction de leurs budgets. Il s\u2019engage aussi \u00e0 leur fournir des services apr\u00e8s vente.<\/p>\n<p>La AACIPPBC, veut promouvoir le tourisme social entre le Canada, l\u2019Italie et les pays du bassin du fleuve Congo en g\u00e9n\u00e9ral\u00a0; le Congo Brazzaville et RD Congo en particulier, pour pouvoir financer les projets de d\u00e9veloppement et appuyer l\u2019entreprenariat dans ces pays africains.<\/p>\n<p>[\/vc_column_text][\/vc_column][vc_column width=&#8221;1\/2&#8243; animate=&#8221;true&#8221; effect=&#8221;fade-right&#8221;]<img loading=\"lazy\" decoding=\"async\" class=\"aligncenter size-full wp-image-4378 \" src=\"https:\/\/aacippbc.com\/content\/wp-content\/uploads\/2016\/05\/new-holland-agriculture-completes-acquisition-of-kongskilde-01.jpg\" alt=\"4378\" width=\"900\" height=\"610\" srcset=\"https:\/\/aacippbc.com\/content\/wp-content\/uploads\/2016\/05\/new-holland-agriculture-completes-acquisition-of-kongskilde-01.jpg 900w, https:\/\/aacippbc.com\/content\/wp-content\/uploads\/2016\/05\/new-holland-agriculture-completes-acquisition-of-kongskilde-01-300x203.jpg 300w, https:\/\/aacippbc.com\/content\/wp-content\/uploads\/2016\/05\/new-holland-agriculture-completes-acquisition-of-kongskilde-01-768x521.jpg 768w, https:\/\/aacippbc.com\/content\/wp-content\/uploads\/2016\/05\/new-holland-agriculture-completes-acquisition-of-kongskilde-01-440x298.jpg 440w\" sizes=\"auto, (max-width: 900px) 100vw, 900px\" \/>[\/vc_column][\/vc_row][vc_row full_width=&#8221;true&#8221; background_color=&#8221;#fafafa&#8221; padding_bottom=&#8221;0&#8243;][vc_column animate=&#8221;true&#8221; margin_b=&#8221;false&#8221;][vc_column_text]<\/p>\n<h3 style=\"text-align: center; font-size: 28px; line-height: 38px;\">NOS <span style=\"color: #7fbd2e; font-weight: bold;\">PROJETS<\/span><\/h3>\n<p>[\/vc_column_text]<div class='gap nz-clearfix' style='height:10px'>&nbsp;<\/div><img loading=\"lazy\" decoding=\"async\" class=\"aligncenter size-full wp-image-2848 \" src=\"https:\/\/aacippbc.com\/content\/wp-content\/uploads\/2016\/03\/lines.png\" alt=\"2848\" width=\"105\" height=\"9\"><div class='gap nz-clearfix' style='height:50px'>&nbsp;<\/div><div id=\"nz-recent-projects-1\" data-animate=\"true\" class=\"lazy small-image-nogap nz-clearfix nz-recent-projects\"><div class=\"recent-projects-wrap nz-clearfix\"><div class=\"projects mix nz-clearfix\" data-grid=\"ninzio_01\"><div class=\"nz-thumbnail\"><img loading=\"lazy\" decoding=\"async\" width=\"640\" height=\"520\" src=\"https:\/\/aacippbc.com\/content\/wp-content\/uploads\/2016\/03\/portfolio1-640x520.jpg\" class=\"attachment-Focuson-Ninzio-Half size-Focuson-Ninzio-Half wp-post-image\" alt=\"\" \/><div class=\"ninzio-overlay\"><a class=\"nz-overlay-before\" data-lightbox-gallery=\"gallery3\" href=\"https:\/\/aacippbc.com\/content\/projects\/projet-agro-pastoral-a-inoni\/\"><\/a><h4 class=\"project-title\"><a href=\"https:\/\/aacippbc.com\/content\/projects\/projet-agro-pastoral-a-inoni\/\">Projet agro-pastoral \u00e0 Inoni<\/a><\/h4><div class=\"projects-category\"><a href=\"https:\/\/aacippbc.com\/content\/blog\/projects-category\/production\/\" rel=\"tag\">Production<\/a>, <a href=\"https:\/\/aacippbc.com\/content\/blog\/projects-category\/services\/\" rel=\"tag\">Services<\/a><\/div><\/div><\/div><\/div><div class=\"projects mix nz-clearfix\" data-grid=\"ninzio_01\"><div class=\"nz-thumbnail\"><img loading=\"lazy\" decoding=\"async\" width=\"640\" height=\"520\" src=\"https:\/\/aacippbc.com\/content\/wp-content\/uploads\/2016\/03\/portfolio1-640x520.jpg\" class=\"attachment-Focuson-Ninzio-Half size-Focuson-Ninzio-Half wp-post-image\" alt=\"\" \/><div class=\"ninzio-overlay\"><a class=\"nz-overlay-before\" data-lightbox-gallery=\"gallery3\" href=\"https:\/\/aacippbc.com\/content\/projects\/projet-de-production-a-mbe\/\"><\/a><h4 class=\"project-title\"><a href=\"https:\/\/aacippbc.com\/content\/projects\/projet-de-production-a-mbe\/\">Projet de m\u00e9canisation et de production \u00e0 Mbe<\/a><\/h4><div class=\"projects-category\"><a href=\"https:\/\/aacippbc.com\/content\/blog\/projects-category\/production\/\" rel=\"tag\">Production<\/a>, <a href=\"https:\/\/aacippbc.com\/content\/blog\/projects-category\/services\/\" rel=\"tag\">Services<\/a><\/div><\/div><\/div><\/div><div class=\"projects mix nz-clearfix\" data-grid=\"ninzio_01\"><div class=\"nz-thumbnail\"><img loading=\"lazy\" decoding=\"async\" width=\"640\" height=\"520\" src=\"https:\/\/aacippbc.com\/content\/wp-content\/uploads\/2016\/03\/portfolio2-640x520.jpg\" class=\"attachment-Focuson-Ninzio-Half size-Focuson-Ninzio-Half wp-post-image\" alt=\"\" \/><div class=\"ninzio-overlay\"><a class=\"nz-overlay-before\" data-lightbox-gallery=\"gallery3\" href=\"https:\/\/aacippbc.com\/content\/projects\/plateau-bateke\/\"><\/a><h4 class=\"project-title\"><a href=\"https:\/\/aacippbc.com\/content\/projects\/plateau-bateke\/\">Plateaux Bateke<\/a><\/h4><div class=\"projects-category\"><a href=\"https:\/\/aacippbc.com\/content\/blog\/projects-category\/production\/\" rel=\"tag\">Production<\/a>, <a href=\"https:\/\/aacippbc.com\/content\/blog\/projects-category\/services\/\" rel=\"tag\">Services<\/a><\/div><\/div><\/div><\/div><div class=\"projects mix nz-clearfix\" data-grid=\"ninzio_01\"><div class=\"nz-thumbnail\"><img loading=\"lazy\" decoding=\"async\" width=\"640\" height=\"520\" src=\"https:\/\/aacippbc.com\/content\/wp-content\/uploads\/2016\/03\/portfolio2-640x520.jpg\" class=\"attachment-Focuson-Ninzio-Half size-Focuson-Ninzio-Half wp-post-image\" alt=\"\" \/><div class=\"ninzio-overlay\"><a class=\"nz-overlay-before\" data-lightbox-gallery=\"gallery3\" href=\"https:\/\/aacippbc.com\/content\/projects\/banane-dans-le-pool\/\"><\/a><h4 class=\"project-title\"><a href=\"https:\/\/aacippbc.com\/content\/projects\/banane-dans-le-pool\/\">Bananeraies et vergers dans le Pool<\/a><\/h4><div class=\"projects-category\"><a href=\"https:\/\/aacippbc.com\/content\/blog\/projects-category\/production\/\" rel=\"tag\">Production<\/a>, <a href=\"https:\/\/aacippbc.com\/content\/blog\/projects-category\/services\/\" rel=\"tag\">Services<\/a><\/div><\/div><\/div><\/div><\/div><\/div><div class=\"sep-wrap left nz-clearfix\"><div class=\"nz-separator solid\" style=\"border-bottom-color:#eeeeee;width:100px;border-bottom-width:1px;border-bottom-style:solid;margin-bottom:30px;\">&nbsp;<\/div><\/div>[\/vc_column][\/vc_row][vc_row id=&#8221;nz-count-row&#8221; background_color=&#8221;#90c847&#8243; background_image=&#8221;2911&#8243; background_position=&#8221;Center center&#8221; padding_top=&#8221;25&#8243; padding_bottom=&#8221;25&#8243; video=&#8221;true&#8221; overlay_pattern=&#8221;14&#8243;][vc_column animate=&#8221;true&#8221; effect=&#8221;fade-top&#8221;][vc_custom_heading text=&#8221;PARTENAIRES VIP DE L&#8217;AACIPPBC&#8221; font_container=&#8221;tag:h1|text_align:center|color:%23ffffff&#8221;][\/vc_column][\/vc_row][vc_row background_color=&#8221;#fafafa&#8221;][vc_column animate=&#8221;true&#8221; effect=&#8221;fade-bottom&#8221;]<div id=\"nz-clients-1\" class=\"lazy nz-clients nz-carousel animate-none\" data-columns=\"5\" data-animate=\"false\" data-autoplay=\"false\"><div class=\"client animate-item\"><div class=\"client-inner\"><img decoding=\"async\" src=\"https:\/\/aacippbc.com\/content\/wp-content\/uploads\/2016\/05\/New-Holland-partenaire.png\" alt=\"NEW HOLLAND- FIAT\" ><\/div><\/div><div class=\"client animate-item\"><div class=\"client-inner\"><img decoding=\"async\" src=\"https:\/\/aacippbc.com\/content\/wp-content\/uploads\/2016\/05\/tred-technology.jpg\" alt=\"Tred Technology\" ><\/div><\/div><div class=\"client animate-item\"><div class=\"client-inner\"><img decoding=\"async\" src=\"https:\/\/aacippbc.com\/content\/wp-content\/uploads\/2016\/05\/SAME-Partenaire.png\" alt=\"SAME\" ><\/div><\/div><div class=\"client animate-item\"><div class=\"client-inner\"><img decoding=\"async\" src=\"https:\/\/aacippbc.com\/content\/wp-content\/uploads\/2016\/05\/MP-International-partenaire.png\" alt=\"MP INTERNAZIONAL\" ><\/div><\/div><div class=\"client animate-item\"><div class=\"client-inner\"><img decoding=\"async\" src=\"https:\/\/aacippbc.com\/content\/wp-content\/uploads\/2016\/05\/landini-partenaire.png\" alt=\"LANDINI\" ><\/div><\/div><div class=\"client animate-item\"><div class=\"client-inner\"><img decoding=\"async\" src=\"https:\/\/aacippbc.com\/content\/wp-content\/uploads\/2016\/05\/amadori-partenaire.png\" alt=\"AMADORI\" ><\/div><\/div><\/div>[\/vc_column][\/vc_row]<\/p>\n","protected":false},"excerpt":{"rendered":"<p>[vc_row full_width=&#8221;true&#8221; autoheight=&#8221;true&#8221; padding_top=&#8221;0&#8243; padding_bottom=&#8221;0&#8243;][vc_column animate=&#8221;true&#8221; effect=&#8221;scale&#8221; margin_b=&#8221;false&#8221; pl=&#8221;50&#8243; pr=&#8221;50&#8243; pt=&#8221;75&#8243; pb=&#8221;50&#8243; back_color=&#8221;#8cc443&#8243; offset=&#8221;vc_col-lg-4 vc_col-md-12&#8243;][\/vc_column][vc_column animate=&#8221;true&#8221; effect=&#8221;scale&#8221; margin_b=&#8221;false&#8221; pl=&#8221;50&#8243; pr=&#8221;50&#8243; pt=&#8221;75&#8243; pb=&#8221;50&#8243; back_color=&#8221;#78ba3f&#8221; offset=&#8221;vc_col-lg-4 vc_col-md-12&#8243;][\/vc_column][vc_column animate=&#8221;true&#8221; effect=&#8221;scale&#8221; margin_b=&#8221;false&#8221; pl=&#8221;50&#8243; pr=&#8221;50&#8243; pt=&#8221;75&#8243; pb=&#8221;50&#8243; back_color=&#8221;#8cc443&#8243; offset=&#8221;vc_col-lg-4 vc_col-md-12&#8243;][\/vc_column][\/vc_row][vc_row padding_top=&#8221;50&#8243; padding_bottom=&#8221;0&#8243;][vc_column width=&#8221;7\/12&#8243; animate=&#8221;true&#8221; effect=&#8221;fade-left&#8221;][vc_custom_heading text=&#8221;QUI SOMMES NOUS?&#8221; font_container=&#8221;tag:h3|font_size:28px|text_align:left|line_height:38px&#8221; use_theme_fonts=&#8221;yes&#8221;][vc_column_text]L\u2019Association des agriculteurs congolais et italiens au Pool et Plateaux Bat\u00e9k\u00e9 [&hellip;]<\/p>\n","protected":false},"author":1,"featured_media":3749,"parent":0,"menu_order":0,"comment_status":"closed","ping_status":"closed","template":"page-vc.php","meta":{"footnotes":""},"class_list":["post-3635","page","type-page","status-publish","has-post-thumbnail","hentry"],"_links":{"self":[{"href":"https:\/\/aacippbc.com\/content\/wp-json\/wp\/v2\/pages\/3635","targetHints":{"allow":["GET"]}}],"collection":[{"href":"https:\/\/aacippbc.com\/content\/wp-json\/wp\/v2\/pages"}],"about":[{"href":"https:\/\/aacippbc.com\/content\/wp-json\/wp\/v2\/types\/page"}],"author":[{"embeddable":true,"href":"https:\/\/aacippbc.com\/content\/wp-json\/wp\/v2\/users\/1"}],"replies":[{"embeddable":true,"href":"https:\/\/aacippbc.com\/content\/wp-json\/wp\/v2\/comments?post=3635"}],"version-history":[{"count":82,"href":"https:\/\/aacippbc.com\/content\/wp-json\/wp\/v2\/pages\/3635\/revisions"}],"predecessor-version":[{"id":4584,"href":"https:\/\/aacippbc.com\/content\/wp-json\/wp\/v2\/pages\/3635\/revisions\/4584"}],"wp:featuredmedia":[{"embeddable":true,"href":"https:\/\/aacippbc.com\/content\/wp-json\/wp\/v2\/media\/3749"}],"wp:attachment":[{"href":"https:\/\/aacippbc.com\/content\/wp-json\/wp\/v2\/media?parent=3635"}],"curies":[{"name":"wp","href":"https:\/\/api.w.org\/{rel}","templated":true}]}}