{"id":3771,"date":"2016-11-11T16:42:17","date_gmt":"2016-11-11T16:42:17","guid":{"rendered":"http:\/\/aacippbc.com\/content\/?page_id=3771"},"modified":"2017-12-21T01:47:27","modified_gmt":"2017-12-21T01:47:27","slug":"coopecc","status":"publish","type":"page","link":"https:\/\/aacippbc.com\/content\/coopecc\/","title":{"rendered":"Coopecc"},"content":{"rendered":"<p>[vc_row padding_top=&#8221;10&#8243; padding_bottom=&#8221;10&#8243;][vc_column][vc_custom_heading text=&#8221;COOPERATIVE D&#8217;EPARGNE ET DE CONSOMMATION DU CONGO &#8211; COOPECC&#8221; font_container=&#8221;tag:h3|font_size:26px|text_align:center|color:%23333333|line_height:36px&#8221; google_fonts=&#8221;font_family:Montserrat%3Aregular%2C700|font_style:400%20regular%3A400%3Anormal&#8221;]<div class=\"sep-wrap center nz-clearfix\"><div class=\"nz-separator solid\" style=\"border-bottom-color:#90c847;width:20px;border-bottom-width:2px;border-bottom-style:solid;margin-top:7px;margin-bottom:7px;\">&nbsp;<\/div><\/div>[vc_column_text pl=&#8221;150&#8243; pr=&#8221;150&#8243; el_class=&#8221;no-padding&#8221;]<\/p>\n<p style=\"text-align: center;\"><span style=\"color: #999999; line-height: 32px; font-size: 18px;\">Conform\u00e9ment \u00e0 l\u2019id\u00e9alisation et \u00e0 l\u2019int\u00e9riorisation de la loi du premier Juillet et du d\u00e9cret du 16 ao\u00fbt 1901 autorisant et r\u00e9gissant toute vie associative, et, tenant compte de l\u2019esprit universaliste qui caract\u00e9rise l\u2019Association des Agriculteurs Congolais et Italiens au Pool et Plateaux Bat\u00e9k\u00e9 du Congo (A.A.C.I.P.P.B.C), son greffon appel\u00e9 \u00ab la coop\u00e9rative d\u2019\u00e9pargne et de consommation du Congo \u00bb, entend mener une action sociale dont le leitmotive est de promouvoir le d\u00e9veloppement des conditions socio-\u00e9conomiques de ses membres, sans distinction g\u00e9ographique, tribale, ethnique, raciale ou cultuelle.<\/span><\/p>\n<p>[\/vc_column_text][\/vc_column][\/vc_row][vc_row][vc_column][vc_custom_heading text=&#8221;PRINCIPES DE LA COOPECC&#8221; font_container=&#8221;tag:h3|font_size:26px|text_align:center|color:%23333333|line_height:36px&#8221; google_fonts=&#8221;font_family:Montserrat%3Aregular%2C700|font_style:400%20regular%3A400%3Anormal&#8221;]<div class=\"sep-wrap center nz-clearfix\"><div class=\"nz-separator solid\" style=\"border-bottom-color:#90c847;width:40px;border-bottom-width:2px;border-bottom-style:solid;margin-top:7px;margin-bottom:7px;\">&nbsp;<\/div><\/div>[vc_column_text pl=&#8221;150&#8243; pr=&#8221;150&#8243; el_class=&#8221;no-padding&#8221;]<\/p>\n<p style=\"text-align: center;\"><span style=\"color: #999999; line-height: 32px; font-size: 18px;\">Ainsi, cette union apolitique est r\u00e9gie par la combinaison des textes inh\u00e9rents \u00e0 sa gouvernance et se fonde fr\u00e9n\u00e9tiquement sur les principes ci-apr\u00e8s:<\/span><\/p>\n<p>[\/vc_column_text]<div class='gap nz-clearfix' style='height:15px'>&nbsp;<\/div><div class=\"nz-content-box nz-clearfix animate-none\" data-columns=\"3\" data-animate=\"false\"><div id=\"nz-box-1\" class=\"  back_active nz-box animate-item\"><div class=\"nz-box-wrap\"><style>#nz-box-1 .box-icon {color:#ffffff;}#nz-box-1 .box-icon-wrap {background-color:#90c847;}#nz-box-1:hover .box-icon {color:#ffffff !important;}<\/style><div class=\"box-icon-wrap\"><div class=\"box-icon icon-t-shirt\"><\/div><\/div><div class=\"box-data\"><\/p>\n<h3><span style=\"font-size: 16px; line-height: 26px;\">FIDELITE<\/span><\/h3>\n<p><span style=\"color: #777777;\">La fid\u00e9lit\u00e9 \u00e0 la philosophie coop\u00e9rative et la recherche de son expansion \u00a0<\/span><\/div><\/div><\/div><div id=\"nz-box-2\" class=\"  back_active nz-box animate-item\"><div class=\"nz-box-wrap\"><style>#nz-box-2 .box-icon {color:#ffffff;}#nz-box-2 .box-icon-wrap {background-color:#90c847;}#nz-box-2:hover .box-icon {color:#ffffff !important;}<\/style><div class=\"box-icon-wrap\"><div class=\"box-icon icon-lab2\"><\/div><\/div><div class=\"box-data\"><\/p>\n<h3><span style=\"font-size: 16px; line-height: 26px;\">DECENTRALISATION<\/span><\/h3>\n<p><span style=\"color: #777777;\">La d\u00e9centralisation qu\u2019est l\u2019autonomie des agences COOPECC affili\u00e9es dans les limitations des pr\u00e9sents textes y r\u00e9gissant;<br \/>\n<\/span><\/div><\/div><\/div><div id=\"nz-box-3\" class=\"  back_active nz-box animate-item\"><div class=\"nz-box-wrap\"><style>#nz-box-3 .box-icon {color:#ffffff;}#nz-box-3 .box-icon-wrap {background-color:#90c847;}#nz-box-3:hover .box-icon {color:#ffffff !important;}<\/style><div class=\"box-icon-wrap\"><div class=\"box-icon icon-megaphone\"><\/div><\/div><div class=\"box-data\"><\/p>\n<h3><span style=\"font-size: 16px; line-height: 26px;\">CREDIT AGRICOLE<br \/>\n<\/span><\/h3>\n<p>L\u2019organisation du cr\u00e9dit agricole et populaire au moyen de l\u2019\u00e9pargne de proximit\u00e9 ;<\/p>\n<p><span style=\"color: #777777;\">\u00a0<\/span><\/div><\/div><\/div><div id=\"nz-box-4\" class=\"  back_active nz-box animate-item\"><div class=\"nz-box-wrap\"><style>#nz-box-4 .box-icon {color:#ffffff;}#nz-box-4 .box-icon-wrap {background-color:#90c847;}#nz-box-4:hover .box-icon {color:#ffffff !important;}<\/style><div class=\"box-icon-wrap\"><div class=\"box-icon icon-music2\"><\/div><\/div><div class=\"box-data\"><\/p>\n<h3><span style=\"font-size: 16px; line-height: 26px;\">NON A LA SPECULATION<br \/>\n<\/span><\/h3>\n<p>L\u2019abstinence de recours aux sp\u00e9culations vell\u00e9itaires;<\/p>\n<p><span style=\"color: #777777;\">\u00a0<\/span><\/div><\/div><\/div><div id=\"nz-box-5\" class=\"  back_active nz-box animate-item\"><div class=\"nz-box-wrap\"><style>#nz-box-5 .box-icon {color:#ffffff;}#nz-box-5 .box-icon-wrap {background-color:#90c847;}#nz-box-5:hover .box-icon {color:#ffffff !important;}<\/style><div class=\"box-icon-wrap\"><div class=\"box-icon icon-calendar4\"><\/div><\/div><div class=\"box-data\"><\/p>\n<h3><span style=\"font-size: 16px; line-height: 26px;\">LIBERTE HUMAINE<br \/>\n<\/span><\/h3>\n<p>Le respect de la libert\u00e9 humaine et des droits humains.<\/div><\/div><\/div><div id=\"nz-box-6\" class=\"  back_active nz-box animate-item\"><div class=\"nz-box-wrap\"><style>#nz-box-6 .box-icon {color:#ffffff;}#nz-box-6 .box-icon-wrap {background-color:#90c847;}#nz-box-6:hover .box-icon {color:#ffffff !important;}<\/style><div class=\"box-icon-wrap\"><div class=\"box-icon icon-truck2\"><\/div><\/div><div class=\"box-data\"><\/p>\n<h3><span style=\"font-size: 16px; line-height: 26px;\">PRINCIPES COOPERATIFS<br \/>\n<\/span><\/h3>\n<p><span style=\"color: #777777;\">COOPECC adh\u00e8re aux principes coop\u00e9ratifs internationaux pour servir au mieux les int\u00e9r\u00eats des membres et de la collectivit\u00e9.<br \/>\n<\/span><\/div><\/div><\/div><\/div>[vc_custom_heading text=&#8221;Moyens d\u2019action de la COOPECC-AACIPPBC&#8221; font_container=&#8221;tag:h3|font_size:26px|text_align:center|color:%23333333|line_height:36px&#8221; google_fonts=&#8221;font_family:Montserrat%3Aregular%2C700|font_style:400%20regular%3A400%3Anormal&#8221;]<div class=\"nz-content-box nz-clearfix animate-none\" data-columns=\"3\" data-animate=\"false\"><div id=\"nz-box-7\" class=\"  back_active nz-box animate-item\"><div class=\"nz-box-wrap\"><style>#nz-box-7 .box-icon {color:#ffffff;}#nz-box-7 .box-icon-wrap {background-color:#90c847;}#nz-box-7:hover .box-icon {color:#ffffff !important;}<\/style><div class=\"box-icon-wrap\"><div class=\"box-icon icon-t-shirt\"><\/div><\/div><div class=\"box-data\"><\/p>\n<h3><span style=\"font-size: 16px; line-height: 26px;\">RECRUTEMENT<\/span><\/h3>\n<p>Le recrutement par un test \u00e9crit et oral, la formation et l\u2019affectation du personnel comp\u00e9tent pour une saine gestion<\/div><\/div><\/div><div id=\"nz-box-8\" class=\"  back_active nz-box animate-item\"><div class=\"nz-box-wrap\"><style>#nz-box-8 .box-icon {color:#ffffff;}#nz-box-8 .box-icon-wrap {background-color:#90c847;}#nz-box-8:hover .box-icon {color:#ffffff !important;}<\/style><div class=\"box-icon-wrap\"><div class=\"box-icon icon-lab2\"><\/div><\/div><div class=\"box-data\"><\/p>\n<h3><span style=\"font-size: 16px; line-height: 26px;\">ENCADREMENT<\/span><\/h3>\n<p><span style=\"color: #777777;\">L\u2019encadrement, l\u2019inspection et la surveillance \u00e0 la COOPECC-AACIPPBC dans les agences COOPECC;<br \/>\n<\/span><\/div><\/div><\/div><div id=\"nz-box-9\" class=\"  back_active nz-box animate-item\"><div class=\"nz-box-wrap\"><style>#nz-box-9 .box-icon {color:#ffffff;}#nz-box-9 .box-icon-wrap {background-color:#90c847;}#nz-box-9:hover .box-icon {color:#ffffff !important;}<\/style><div class=\"box-icon-wrap\"><div class=\"box-icon icon-megaphone\"><\/div><\/div><div class=\"box-data\"><\/p>\n<h3><span style=\"font-size: 16px; line-height: 26px;\">COORDINATION<br \/>\n<\/span><\/h3>\n<p>La coordination des activit\u00e9s et des rapports des agences COOPECC avec tous les autres organes notamment le minist\u00e8re de tutelle, l\u2019AACIPPBC ONG, les institutions financi\u00e8res cr\u00e9dibles et all\u00e9chantes, etc.<\/div><\/div><\/div><div id=\"nz-box-10\" class=\"  back_active nz-box animate-item\"><div class=\"nz-box-wrap\"><style>#nz-box-10 .box-icon {color:#ffffff;}#nz-box-10 .box-icon-wrap {background-color:#90c847;}#nz-box-10:hover .box-icon {color:#ffffff !important;}<\/style><div class=\"box-icon-wrap\"><div class=\"box-icon icon-music2\"><\/div><\/div><div class=\"box-data\"><\/p>\n<h3><span style=\"font-size: 16px; line-height: 26px;\">DEVELOPPEMENT<br \/>\n<\/span><\/h3>\n<p>La fondation, l\u2019organisation et le d\u00e9veloppement de nouvelles COOPECC<\/div><\/div><\/div><div id=\"nz-box-11\" class=\"  back_active nz-box animate-item\"><div class=\"nz-box-wrap\"><style>#nz-box-11 .box-icon {color:#ffffff;}#nz-box-11 .box-icon-wrap {background-color:#90c847;}#nz-box-11:hover .box-icon {color:#ffffff !important;}<\/style><div class=\"box-icon-wrap\"><div class=\"box-icon icon-calendar4\"><\/div><\/div><div class=\"box-data\"><\/p>\n<h3><span style=\"font-size: 16px; line-height: 26px;\">RENTABILISATION<br \/>\n<\/span><\/h3>\n<p>La rentabilisation des d\u00e9p\u00f4ts effectu\u00e9s par les COOPECC.<\/div><\/div><\/div><div id=\"nz-box-12\" class=\"  back_active nz-box animate-item\"><div class=\"nz-box-wrap\"><style>#nz-box-12 .box-icon {color:#ffffff;}#nz-box-12 .box-icon-wrap {background-color:#90c847;}#nz-box-12:hover .box-icon {color:#ffffff !important;}<\/style><div class=\"box-icon-wrap\"><div class=\"box-icon icon-truck2\"><\/div><\/div><div class=\"box-data\"><\/p>\n<h3><span style=\"font-size: 16px; line-height: 26px;\">DIVERSIFICATION<br \/>\n<\/span><\/h3>\n<p>La diversification des sources de revenus pour elle-m\u00eame et pour les agences COOPECC;<br \/>\n<\/div><\/div><\/div><div id=\"nz-box-13\" class=\"  back_active nz-box animate-item\"><div class=\"nz-box-wrap\"><style>#nz-box-13 .box-icon {color:#ffffff;}#nz-box-13 .box-icon-wrap {background-color:#90c847;}#nz-box-13:hover .box-icon {color:#ffffff !important;}<\/style><div class=\"box-icon-wrap\"><div class=\"box-icon icon-truck2\"><\/div><\/div><div class=\"box-data\"><\/p>\n<h3><span style=\"font-size: 16px; line-height: 26px;\">PR\u00caT AUX MEMBRES<br \/>\n<\/span><\/h3>\n<p><span style=\"color: #777777;\">Les pr\u00eats \u00e0 ses membres et aux personnes morales, conform\u00e9ment \u00e0 la l\u00e9gislation en vigueur au Congo et moyennant des garanties consenties par les emprunteurs<br \/>\n<\/span><\/div><\/div><\/div><div id=\"nz-box-14\" class=\"  back_active nz-box animate-item\"><div class=\"nz-box-wrap\"><style>#nz-box-14 .box-icon {color:#ffffff;}#nz-box-14 .box-icon-wrap {background-color:#90c847;}#nz-box-14:hover .box-icon {color:#ffffff !important;}<\/style><div class=\"box-icon-wrap\"><div class=\"box-icon icon-truck2\"><\/div><\/div><div class=\"box-data\"><\/p>\n<h3><span style=\"font-size: 16px; line-height: 26px;\">RENOUVELLEMENT<br \/>\n<\/span><\/h3>\n<p><span style=\"color: #777777;\">Le renouvellement des cr\u00e9ances en souffrance<\/span><\/div><\/div><\/div><div id=\"nz-box-15\" class=\"  back_active nz-box animate-item\"><div class=\"nz-box-wrap\"><style>#nz-box-15 .box-icon {color:#ffffff;}#nz-box-15 .box-icon-wrap {background-color:#90c847;}#nz-box-15:hover .box-icon {color:#ffffff !important;}<\/style><div class=\"box-icon-wrap\"><div class=\"box-icon icon-truck2\"><\/div><\/div><div class=\"box-data\"><\/p>\n<h3><span style=\"font-size: 16px; line-height: 26px;\">POLITIQUE GENERALE<br \/>\n<\/span><\/h3>\n<p><span style=\"color: #777777;\">La conception, l\u2019orientation et l\u2019application de la politique g\u00e9n\u00e9rale de l\u2019ensemble de son r\u00e9seau;<br \/>\n<\/span><\/div><\/div><\/div><\/div>[\/vc_column][\/vc_row][vc_row background_color=&#8221;#272e35&#8243; background_image=&#8221;2921&#8243; padding_top=&#8221;125&#8243; padding_bottom=&#8221;100&#8243;][vc_column animate=&#8221;true&#8221; effect=&#8221;flip&#8221;][vc_custom_heading text=&#8221;EQUIPE DYNAMIQUE AU SERVICE DE LA COLLECTIVITE&#8221; font_container=&#8221;tag:h2|font_size:46px|text_align:center|color:%23ffffff|line_height:56px&#8221; google_fonts=&#8221;font_family:Montserrat%3Aregular%2C700|font_style:700%20bold%20regular%3A700%3Anormal&#8221;][\/vc_column][\/vc_row][vc_row padding_top=&#8221;100&#8243; padding_bottom=&#8221;0&#8243;][vc_column][vc_custom_heading text=&#8221;EQUIPE DE GESTION DE LA COOPECC &#8211; AACIPPBC&#8221; font_container=&#8221;tag:h3|font_size:26px|text_align:center|color:%23333333|line_height:36px&#8221; google_fonts=&#8221;font_family:Montserrat%3Aregular%2C700|font_style:400%20regular%3A400%3Anormal&#8221;]<div class=\"sep-wrap center nz-clearfix\"><div class=\"nz-separator solid\" style=\"border-bottom-color:#90c847;width:85px;border-bottom-width:2px;border-bottom-style:solid;margin-top:15px;margin-bottom:15px;\">&nbsp;<\/div><\/div>[vc_column_text pl=&#8221;150&#8243; pr=&#8221;150&#8243; el_class=&#8221;no-padding&#8221;]<\/p>\n<p style=\"text-align: center;\"><span style=\"color: #999999; line-height: 32px; font-size: 18px;\">L&#8217;\u00e9quipe de gestion de la COOPECC est compos\u00e9e des cadres qui travaillent avec passion pour servir les int\u00e9r\u00eats des membres et de la collectivit\u00e9<\/span><\/p>\n<p>[\/vc_column_text][\/vc_column][\/vc_row][vc_row padding_top=&#8221;10&#8243;][vc_column]<div id=\"nz-persons-1\" class=\"nz-persons nz-carousel nz-clearfix animate-none\" data-animate=\"false\" data-columns=\"3\"><div class=\"animate-item person \"><div class=\"img\"><img decoding=\"async\" src=\"https:\/\/aacippbc.com\/content\/wp-content\/uploads\/2016\/11\/Robert-Diassivoukoua-Ndefix550x600-e1499108578760.jpg\" alt=\"Robert Diassivoukoua Ndefi \" \/><div class=\"ninzio-overlay\"><div class=\"social-links\"><a class=\"icon-twitter\" href=\"#\" title=\"twitter\"><\/a><a class=\"icon-facebook\" href=\"#\" title=\"facebook\"><\/a><a class=\"icon-envelope\" href=\"#\" title=\"envelope\"><\/a><\/div><\/div><\/div><div class=\"person-body\"><div class=\"person-meta\"><a href=\"http:\/\/aacippbc.com\/content\/robert-diassivoukoua-ndefi\/\"><div class=\"name\">Robert Diassivoukoua Ndefi <\/div><\/a><div class=\"title\">Directeur g\u00e9rant de la COOPECC<\/div><div class=\"bio\">D\u00e9tenteur d\u2019un dipl\u00f4me en Bio-Chimie, il a \u00e9tudi\u00e9 ...<\/div><\/div><\/div><\/div><div class=\"animate-item person \"><div class=\"img\"><img decoding=\"async\" src=\"https:\/\/aacippbc.com\/content\/wp-content\/uploads\/2016\/11\/president-1084.jpg\" alt=\"NDEFI BAKITANGA\" \/><div class=\"ninzio-overlay\"><div class=\"social-links\"><a class=\"icon-twitter\" href=\"#\" title=\"twitter\"><\/a><a class=\"icon-facebook\" href=\"#\" title=\"facebook\"><\/a><a class=\"icon-linkedin\" href=\"#\" title=\"linkedin\"><\/a><a class=\"icon-envelope\" href=\"#\" title=\"envelope\"><\/a><\/div><\/div><\/div><div class=\"person-body\"><div class=\"person-meta\"><a href=\"http:\/\/aacippbc.com\/content\/profil-ndefi-bakitanga\/\"><div class=\"name\">NDEFI BAKITANGA<\/div><\/a><div class=\"title\">Pr\u00e9sident du conseil d&#039;administration<\/div><div class=\"bio\">D\u00e9tenteur d\u2019un dipl\u00f4me d\u2019\u00e9tudes secondaires g\u00e9n\u00e9rales, option Math- Physique, il a \u00e9tudi\u00e9 pendant 2 ans en polytechniques \u00e0 l\u2019universit\u00e9 de Kinshasa...<\/div><\/div><\/div><\/div><div class=\"animate-item person \"><div class=\"img\"><img decoding=\"async\" src=\"https:\/\/aacippbc.com\/content\/wp-content\/uploads\/2017\/05\/Athanase-Directeur-Gerant-Adjoint-x600.jpg\" alt=\"Athanase DIABASSENGA MAN\" \/><div class=\"ninzio-overlay\"><div class=\"social-links\"><a class=\"icon-twitter\" href=\"#\" title=\"twitter\"><\/a><a class=\"icon-facebook\" href=\"#\" title=\"facebook\"><\/a><a class=\"icon-googleplus\" href=\"#\" title=\"googleplus\"><\/a><a class=\"icon-envelope\" href=\"#\" title=\"envelope\"><\/a><\/div><\/div><\/div><div class=\"person-body\"><div class=\"person-meta\"><a href=\"http:\/\/aacippbc.com\/content\/athanase-diabassenga-man\/\"><div class=\"name\">Athanase DIABASSENGA MAN<\/div><\/a><div class=\"title\">Directeur g\u00e9rant adjoint de la COOPECC<\/div><div class=\"bio\">D\u00e9tenteur d\u2019un dipl\u00f4me de graduat en anglais de l\u2019Institut p\u00e9dagogique national de Kinshasa, monsieur Diabassenga Man est all\u00e9 suivre une formation ...<\/div><\/div><\/div><\/div><\/div>[\/vc_column][\/vc_row][vc_row padding_top=&#8221;10&#8243; padding_bottom=&#8221;10&#8243;][vc_column]<div id=\"nz-carousel-1\" class=\"lazy nz-carousel animate-scale\" data-autoplay=\"true\" data-columns=\"1\" data-animate=\"true\"><div class=\"item animate-item nz-clearfix\"><\/p>\n<h1>Bref aper\u00e7u de la COOPECC<\/h1>\n<p><\/div><\/div>[\/vc_column][\/vc_row][vc_row padding_top=&#8221;10&#8243;][vc_column width=&#8221;1\/2&#8243;]<div class=\"nz-accordion \" data-collapsible=false><div class=\"false toggle-title nz-clearfix\"><span class=\"toggle-title-header\"><span>Objet social<\/span><\/span><span class=\"arrow\"><\/span><\/div> <div id=\"objet-social\" class=\"toggle-content nz-clearfix\"><\/p>\n<h3>Article 7 : Objet social<\/h3>\n<p>La coop\u00e9rative a pour objet social de promouvoir la mise en \u0153uvre des principes de la coop\u00e9rative, des int\u00e9r\u00eats \u00e9conomiques et sociaux de ses membres exclusivement. Il s\u2019agit plus particuli\u00e8rement de\u00a0:<\/p>\n<ol>\n<li>Prot\u00e9ger ses membres contre les revers de fortune en leur enseignant les bienfaits des activit\u00e9s productives et de la pr\u00e9voyance par la coop\u00e9ration.<\/li>\n<li>Produire et vendre les produits de consommation de bonne qualit\u00e9 et \u00e0 des prix d\u00e9fiant toutes concurrences.<\/li>\n<li>Faciliter l\u2019\u00e9vacuation et la vente des produits agricoles et autres produits appartenant aux membres,\u00a0 de leurs lieux de production aux centres urbains de consommation jusqu\u2019\u00e0 l\u2019exportation.<\/li>\n<li>Venir en aide aux membres par des pr\u00eats faciles \u00e0 rembourser au moyen des remises partielles\u00a0: hebdomadaires, mensuelles, trimestrielles, semestrielles ou annuelles.<\/li>\n<li>Assurer la participation des vertus sociales en exigeant avant tout aux membres emprunteurs les garanties morales de premier ordre.<\/li>\n<li>Cultiver parmi les membres l\u2019esprit coop\u00e9ratif par la gestion saine de l\u2019\u00e9pargne et du cr\u00e9dit.<\/li>\n<li>R\u00e9pandre parmi les membres les connaissances pratiques des principes \u00e9l\u00e9mentaires \u00e9conomiques et de gestion ainsi que le respect des engagements pris.<\/li>\n<li>Encourager la cr\u00e9ation de coop\u00e9ratives partout o\u00f9 le besoin se fait sentir. A cet effet, la COOPECC-AACIPPBC m\u00e8nera une action incitatrice pour un d\u00e9veloppement endog\u00e8ne.<\/li>\n<li>Mettre en place et g\u00e9rer le fonds de garantie appartenant \u00e0 l\u2019AACIPPBC ONG, pour financer les projets agricoles des membres et aussi renforcer l\u2019\u00e9quipement agricole par l\u2019acquisition des tracteurs et autres mat\u00e9riels s\u2019y rapportant.<\/li>\n<li>Mettre en place et g\u00e9rer les fonds de l\u2019AACIPPBC ONG dans le cadre de la mise en \u0153uvre de l\u2019objectif 6 des statuts de l\u2019AACIPPBC ONG, qui consiste \u00e0 cr\u00e9er des bourses d\u2019\u00e9tudes ad hoc pour des personnes m\u00e9ritantes et pour des \u00e9tudes et formations qualifiantes jug\u00e9es tr\u00e8s utiles au niveau de l\u2019Assembl\u00e9e G\u00e9n\u00e9rale.<\/li>\n<li>Mettre en place et g\u00e9rer les fonds de garantie financi\u00e8re de l\u2019AACIPPBC ONG concernant la garantie financi\u00e8re demand\u00e9e par l\u2019Ambassade \u00e0 nos membres, d\u00e9sirant se rendre en Italie pour poursuivre leurs \u00e9tudes ou d\u00e9sirant se rendre en Italie dans le cadre de la mise en \u0153uvre des objectifs de l\u2019ONG.<\/li>\n<\/ol>\n<p><\/div><\/div> [\/vc_column][vc_column width=&#8221;1\/2&#8243;]<div class=\"nz-accordion \" data-collapsible=false><div class=\"false toggle-title nz-clearfix\"><span class=\"toggle-title-header\"><span>Moyens d\u2019action<\/span><\/span><span class=\"arrow\"><\/span><\/div> <div id=\"moyens-daction\" class=\"toggle-content nz-clearfix\"><\/p>\n<h3>Article 8 : Moyens d\u2019action<\/h3>\n<p>Pour r\u00e9aliser son objet social, la COOPECC-AACIPPBC pr\u00e9voit\u00a0:<\/p>\n<ol>\n<li>Le recrutement par un test \u00e9crit et oral, la formation et l\u2019affectation du personnel comp\u00e9tent pour une saine gestion.<\/li>\n<li>L\u2019encadrement, l\u2019inspection et la surveillance \u00e0 la COOPECC-AACIPPBC dans les agences COOPECC\u00a0;<\/li>\n<li>La coordination des activit\u00e9s et des rapports des agences COOPECC avec tous les autres organes notamment le minist\u00e8re de tutelle, l\u2019AACIPPBC ONG, les institutions financi\u00e8res cr\u00e9dibles et all\u00e9chantes, etc.<\/li>\n<li>La fondation, l\u2019organisation et le d\u00e9veloppement de nouvelles COOPECC\u00a0;<\/li>\n<li>La rentabilisation des d\u00e9p\u00f4ts effectu\u00e9s par les COOPECC\u00a0;<\/li>\n<li>La diversification des sources de revenus pour elle-m\u00eame et pour les agences COOPECC;<\/li>\n<li>Les pr\u00eats \u00e0 ses membres et aux personnes morales, conform\u00e9ment \u00e0 la l\u00e9gislation en vigueur au Congo et moyennant des garanties consenties par les emprunteurs\u00a0;<\/li>\n<li>Le renouvellement des cr\u00e9ances en souffrance\u00a0;<\/li>\n<li>La conception, l\u2019orientation et l\u2019application de la politique g\u00e9n\u00e9rale de l\u2019ensemble de son r\u00e9seau\u00a0;<\/li>\n<li>La formation et l\u2019information des membres, des employ\u00e9s et des dirigeants nomm\u00e9s ou \u00e9lus pour un meilleur accomplissement de leur t\u00e2che\u00a0;<\/li>\n<li>L\u2019application des conventions \u00e9tablies entre la COOPECC-AACIPPBC et l\u2019AACIPPBC\u00a0 ONG\u00a0;<\/li>\n<li>La mise en place des partenariats avec des ONG, des entreprises et des institutions de bon augure.<\/li>\n<li>L\u2019utilisation des nouvelles technologies de la t\u00e9l\u00e9communication et d\u2019autres technologies innovatrices.<\/li>\n<\/ol>\n<p><\/div><\/div> [\/vc_column][\/vc_row][vc_row full_width=&#8221;true&#8221; padding_bottom=&#8221;0&#8243;][vc_column margin_b=&#8221;false&#8221;]<div id=\"nz-tagline-1\" style=\"background-color:#90c847;\" class=\"nz-tagline\"><div class=\"container nz-clearfix\"><span class=\"tagline-title\" style=color:#ffffff !important;>Pour plus d&#039;information sur notre COOPECC<\/span><a class=\"button button-normal full-false medium square animate-false anim-type-ghost hover-fill white icon-false\" href=\"http:\/\/aacippbc.com\/content\/contact-form\/\" target=\"_self\"><span class=\"txt\">Contactez-nous<\/span><\/a><\/div><\/div>[\/vc_column][\/vc_row]<\/p>\n","protected":false},"excerpt":{"rendered":"<p>Claritas est etiam processus dynamicus, qui sequitur mutationem consuetudium lectorum. Mirum est notare quam littera gothica, quam nunc putamus parum claram, anteposuerit litterarum formas humanitatis per seacula quarta decima et quinta decima. Eodem modo typi, qui nunc nobis videntur parum clari, fiant sollemnes in futurum.<\/p>\n","protected":false},"author":1,"featured_media":0,"parent":0,"menu_order":0,"comment_status":"closed","ping_status":"closed","template":"page-vc.php","meta":{"footnotes":""},"class_list":["post-3771","page","type-page","status-publish","hentry"],"_links":{"self":[{"href":"https:\/\/aacippbc.com\/content\/wp-json\/wp\/v2\/pages\/3771","targetHints":{"allow":["GET"]}}],"collection":[{"href":"https:\/\/aacippbc.com\/content\/wp-json\/wp\/v2\/pages"}],"about":[{"href":"https:\/\/aacippbc.com\/content\/wp-json\/wp\/v2\/types\/page"}],"author":[{"embeddable":true,"href":"https:\/\/aacippbc.com\/content\/wp-json\/wp\/v2\/users\/1"}],"replies":[{"embeddable":true,"href":"https:\/\/aacippbc.com\/content\/wp-json\/wp\/v2\/comments?post=3771"}],"version-history":[{"count":105,"href":"https:\/\/aacippbc.com\/content\/wp-json\/wp\/v2\/pages\/3771\/revisions"}],"predecessor-version":[{"id":4491,"href":"https:\/\/aacippbc.com\/content\/wp-json\/wp\/v2\/pages\/3771\/revisions\/4491"}],"wp:attachment":[{"href":"https:\/\/aacippbc.com\/content\/wp-json\/wp\/v2\/media?parent=3771"}],"curies":[{"name":"wp","href":"https:\/\/api.w.org\/{rel}","templated":true}]}}