{"id":3779,"date":"2016-11-11T17:42:16","date_gmt":"2016-11-11T17:42:16","guid":{"rendered":"http:\/\/aacippbc.com\/content\/?page_id=3779"},"modified":"2017-07-07T19:34:35","modified_gmt":"2017-07-07T19:34:35","slug":"nos-activites","status":"publish","type":"page","link":"https:\/\/aacippbc.com\/content\/nos-activites\/","title":{"rendered":"Nos activit\u00e9s"},"content":{"rendered":"<p>[vc_row padding_top=&#8221;10&#8243; padding_bottom=&#8221;5&#8243;][vc_column][vc_custom_heading text=&#8221;ACTIVIT\u00c9S DE L&#8217; AACIPPBC&#8221; font_container=&#8221;tag:h3|font_size:26px|text_align:center|color:%23333333|line_height:36px&#8221; google_fonts=&#8221;font_family:Montserrat%3Aregular%2C700|font_style:400%20regular%3A400%3Anormal&#8221; link=&#8221;url:http%3A%2F%2Faacippbc.com%2Fcontent%2Fsample-page%2F|||&#8221;]<div class=\"sep-wrap center nz-clearfix\"><div class=\"nz-separator solid\" style=\"border-bottom-color:#90c847;width:85px;border-bottom-width:2px;border-bottom-style:solid;margin-top:15px;margin-bottom:15px;\">&nbsp;<\/div><\/div>[vc_column_text pl=&#8221;200&#8243; pr=&#8221;200&#8243; el_class=&#8221;no-padding&#8221;]<\/p>\n<h2><span style=\"font-weight: 400;\">Tel que pr\u00e9vu dans son plan d\u2019action, l\u2019AACIPPBC pr\u00e9voit d\u00e9velopper les \u00a0activit\u00e9s suivantes:<\/span><\/h2>\n<p>[\/vc_column_text][\/vc_column][\/vc_row][vc_row padding_top=&#8221;10&#8243; padding_bottom=&#8221;10&#8243;][vc_column width=&#8221;1\/2&#8243;][vc_btn title=&#8221;La formation d\u2019une main-d\u2019\u0153uvre qualifi\u00e9e tant au Congo qu\u2019en Italie&#8221; shape=&#8221;round&#8221; color=&#8221;green&#8221;][vc_btn title=&#8221;Les \u00e9changes culturels entre l\u2019Italie et le Congo&#8221; shape=&#8221;round&#8221; color=&#8221;green&#8221;][vc_btn title=&#8221;L&#8217;implantation des dispensaires afin d\u2019assurer des soins primaires aux populations locales&#8221; shape=&#8221;round&#8221; color=&#8221;green&#8221;][vc_btn title=&#8221;La cr\u00e9ation des coop\u00e9ratives des femmes pour la transformation du manioc en g\u00e9n\u00e9ral et la fabrication des chikwangues en particulier&#8221; shape=&#8221;round&#8221; color=&#8221;green&#8221;][vc_btn title=&#8221;L\u2019organisation des stages pratiques tant dans la production agricole que dans l\u2019entretien et la maintenance des machines et outillages agricoles en Italie, etc.&#8221; shape=&#8221;round&#8221; color=&#8221;green&#8221;][\/vc_column][vc_column width=&#8221;1\/2&#8243;][vc_btn title=&#8221;La cr\u00e9ation d\u2019une usine de fabrication des aliments pour les b\u00e9tails&#8221; shape=&#8221;round&#8221; color=&#8221;primary&#8221;][vc_btn title=&#8221;La production des produits d\u2019emballage de denr\u00e9es alimentaires&#8221; shape=&#8221;round&#8221; color=&#8221;primary&#8221;][vc_btn title=&#8221;La cr\u00e9ation des ateliers m\u00e9caniques modernes&#8221; shape=&#8221;round&#8221; color=&#8221;primary&#8221;][vc_btn title=&#8221;L\u2019implantation des points de vente de produits agricoles dans les centres de consommation&#8221; shape=&#8221;round&#8221; color=&#8221;primary&#8221;][vc_btn title=&#8221;Le d\u00e9veloppement des coop\u00e9ratives d\u2019\u00e9pargne et de consommation (COOPECC)&#8221; shape=&#8221;round&#8221; color=&#8221;primary&#8221;][vc_btn title=&#8221;La promotion des coop\u00e9ratives de production pour les femmes&#8221; shape=&#8221;round&#8221; color=&#8221;primary&#8221;][\/vc_column][\/vc_row][vc_row][vc_column extra_class=&#8221;no-padding&#8221; pl=&#8221;200&#8243; pr=&#8221;200&#8243;][\/vc_column][\/vc_row][vc_row full_width=&#8221;true&#8221; padding_top=&#8221;5&#8243; padding_bottom=&#8221;5&#8243;][vc_column margin_b=&#8221;false&#8221;]<div id=\"nz-tagline-1\" style=\"background-color:#90c847;\" class=\"nz-tagline\"><div class=\"container nz-clearfix\"><span class=\"tagline-title\" style=color:#ffffff !important;>Nous offrons une game de services et produits<\/span><a class=\"button button-normal full-false medium square animate-false anim-type-ghost hover-fill white icon-false\" href=\"http:\/\/aacippbc.com\/content\/produits\" target=\"_self\"><span class=\"txt\">VOIR NOS PRODUITS<\/span><\/a><\/div><\/div>[\/vc_column][\/vc_row]<\/p>\n","protected":false},"excerpt":{"rendered":"<p>Claritas est etiam processus dynamicus, qui sequitur mutationem consuetudium lectorum. Mirum est notare quam littera gothica, quam nunc putamus parum claram, anteposuerit litterarum formas humanitatis per seacula quarta decima et quinta decima. Eodem modo typi, qui nunc nobis videntur parum clari, fiant sollemnes in futurum.<\/p>\n","protected":false},"author":1,"featured_media":0,"parent":0,"menu_order":0,"comment_status":"closed","ping_status":"closed","template":"page-vc.php","meta":{"footnotes":""},"class_list":["post-3779","page","type-page","status-publish","hentry"],"_links":{"self":[{"href":"https:\/\/aacippbc.com\/content\/wp-json\/wp\/v2\/pages\/3779","targetHints":{"allow":["GET"]}}],"collection":[{"href":"https:\/\/aacippbc.com\/content\/wp-json\/wp\/v2\/pages"}],"about":[{"href":"https:\/\/aacippbc.com\/content\/wp-json\/wp\/v2\/types\/page"}],"author":[{"embeddable":true,"href":"https:\/\/aacippbc.com\/content\/wp-json\/wp\/v2\/users\/1"}],"replies":[{"embeddable":true,"href":"https:\/\/aacippbc.com\/content\/wp-json\/wp\/v2\/comments?post=3779"}],"version-history":[{"count":52,"href":"https:\/\/aacippbc.com\/content\/wp-json\/wp\/v2\/pages\/3779\/revisions"}],"predecessor-version":[{"id":4393,"href":"https:\/\/aacippbc.com\/content\/wp-json\/wp\/v2\/pages\/3779\/revisions\/4393"}],"wp:attachment":[{"href":"https:\/\/aacippbc.com\/content\/wp-json\/wp\/v2\/media?parent=3779"}],"curies":[{"name":"wp","href":"https:\/\/api.w.org\/{rel}","templated":true}]}}