{"id":3787,"date":"2016-11-11T18:15:14","date_gmt":"2016-11-11T18:15:14","guid":{"rendered":"http:\/\/aacippbc.com\/content\/?page_id=3787"},"modified":"2018-12-16T21:32:17","modified_gmt":"2018-12-16T21:32:17","slug":"a-propos-de-nous","status":"publish","type":"page","link":"https:\/\/aacippbc.com\/content\/a-propos-de-nous\/","title":{"rendered":"A propos de nous"},"content":{"rendered":"<p>[vc_row padding_top=&#8221;100&#8243; padding_bottom=&#8221;0&#8243;][vc_column width=&#8221;1\/2&#8243;]<div class='gap nz-clearfix' style='height:50px'>&nbsp;<\/div>[vc_custom_heading text=&#8221;QUI SOMMES-NOUS?&#8221; font_container=&#8221;tag:h3|font_size:28px|text_align:left|line_height:38px&#8221; use_theme_fonts=&#8221;yes&#8221;]<div class='gap nz-clearfix' style='height:20px'>&nbsp;<\/div>[vc_column_text]<span style=\"font-size: 14px; line-height: 24px;\">L\u2019Association des agriculteurs congolais et italiens au Pool et Plateaux Bat\u00e9k\u00e9 est une organisation qui a pour but principal, de promouvoir la m\u00e9canisation et la modernisation de l&#8217;agriculture au sein des communaut\u00e9s rurales, \u00e0 travers la mise en \u0153uvre de seize (16 ) objectifs d\u00e9crits dans son statut. Elle s\u2019est \u00e9galement assign\u00e9 le but de promouvoir le bien-\u00eatre des familles de petits exploitants agricoles et des paysans, dans un processus du d\u00e9veloppement communautaire par le d\u00e9veloppement durable de l\u2019agriculture.<\/span><\/p>\n<p><span style=\"font-size: 14px; line-height: 24px;\"><br \/>\nQui sommes-nous finalement ?<br \/>\nEn d\u00e9finitif l\u2019AACIPPBC constitue le mod\u00e8le de coop\u00e9ration \u00e0 l\u2019\u00e9conomie sociale agricole participative solidaire et de recyclage p\u00e9renne. <\/span>[\/vc_column_text]<div class='gap nz-clearfix' style='height:30px'>&nbsp;<\/div><a class=\"button button-normal default full-false medium square icon-true animate-true anim-type-ghost hover-fill\" href=\"http:\/\/aacippbc.com\/content\/\" target=\"_self\"><span class=\"txt\">En savoir plus<\/span><span class=\"btn-icon icon-trophy2\"><\/span><\/a><a class=\"button button-normal white full-false medium square animate-false anim-type-ghost hover-fill\" href=\"http:\/\/aacippbc.com\/content\/shop\" target=\"_self\"><span class=\"txt\">Notre magasin<\/span><\/a>[\/vc_column][vc_column width=&#8221;1\/2&#8243; margin_b=&#8221;false&#8221;]<img loading=\"lazy\" decoding=\"async\" class=\"aligncenter size-full wp-image-4035 \" src=\"https:\/\/aacippbc.com\/content\/wp-content\/uploads\/2016\/11\/qui_sommes_nous_team_609x408.png\" alt=\"4035\" width=\"609\" height=\"408\" srcset=\"https:\/\/aacippbc.com\/content\/wp-content\/uploads\/2016\/11\/qui_sommes_nous_team_609x408.png 609w, https:\/\/aacippbc.com\/content\/wp-content\/uploads\/2016\/11\/qui_sommes_nous_team_609x408-300x201.png 300w\" sizes=\"auto, (max-width: 609px) 100vw, 609px\" \/>[\/vc_column][\/vc_row][vc_row background_color=&#8221;#fafafa&#8221; padding_top=&#8221;100&#8243; padding_bottom=&#8221;50&#8243;][vc_column]<div class=\"nz-content-box nz-clearfix animate-none\" data-columns=\"3\" data-animate=\"false\"><div id=\"nz-box-1\" class=\"  nz-box animate-item\"><div class=\"nz-box-wrap\"><style>#nz-box-1 .box-icon {color:#eeee22;}#nz-box-1:hover .box-icon {color:#90c847 !important;}<\/style><div class=\"box-icon-wrap\"><div class=\"box-icon icon-cog\"><\/div><\/div><div class=\"box-data\"><\/p>\n<h3><span style=\"font-size: 16px; line-height: 26px;\">NOS OBJECTIFS<br \/>\n<\/span><\/h3>\n<p><span style=\"color: #777777;\">L\u2019Association des agriculteurs congolais et italiens au Pool et Plateaux Bat\u00e9k\u00e9 poursuit les objectifs suivants :<\/span><\/p>\n<ul>\n<li>cr\u00e9er des liens entre les agriculteurs italiens d\u2019Italie, les agriculteurs italiens au Congo et les agriculteurs congolais du Pool et Plateaux Bat\u00e9k\u00e9;<\/li>\n<li>orienter les agriculteurs du Pool et Plateaux Bat\u00e9k\u00e9 vers l\u2019acquisition du mat\u00e9riel agricole italien performant, fiable et adapt\u00e9 aux r\u00e9alit\u00e9s du terrain;<\/li>\n<li>Permettre le transfert des connaissances et du savoir-faire des agriculteurs italiens pour des cultures sp\u00e9cifiques telles que la tomate, le ma\u00efs, le haricot, le soja, la pomme de terre, le riz, les arachides, et tant d\u2019autres; ainsi que pour l\u2019\u00e9levage des buffles pour la production de mozzarella de haute qualit\u00e9.<\/li>\n<li>Organiser des voyages guid\u00e9s en Italie et des courtes formations pour palper du doigt les r\u00e9alit\u00e9s des Petites et Moyennes Entreprises (P.M.E) italiennes du secteur agricole et connexe;<\/li>\n<li>Favoriser la cr\u00e9ation des ateliers m\u00e9caniques modernes, des laboratoires diesel et la pr\u00e9paration d\u2019une main d\u2019\u0153uvre qualifi\u00e9e et diversifi\u00e9e (m\u00e9caniciens, pompistes, tourneurs, ajusteurs, \u00e9lectriciens, \u00e9lectroniciens, informaticiens, \u00e9lectrom\u00e9caniciens, conducteurs de machines agricoles, etc.)\u00a0;<\/li>\n<li>Cr\u00e9er des bourses d\u2019\u00e9tudes ah doc pour des personnes m\u00e9ritantes et pour des \u00e9tudes et formations qualifiantes jug\u00e9es tr\u00e8s utiles au niveau de la coordination et de l\u2019assembl\u00e9e g\u00e9n\u00e9rale.<\/li>\n<li>Promouvoir une culture d\u2019entreprise et d\u2019efficacit\u00e9 \u00e0 l\u2019instar du mod\u00e8le italien afin d\u2019int\u00e9rioriser l\u2019exp\u00e9rience des coll\u00e8gues italiens\u00a0;<\/li>\n<\/ul>\n<p><\/div><\/div><\/div><div id=\"nz-box-2\" class=\"  nz-box animate-item\"><div class=\"nz-box-wrap\"><style>#nz-box-2 .box-icon {color:#c2c2c2;}#nz-box-2:hover .box-icon {color:#90c847 !important;}<\/style><div class=\"box-icon-wrap\"><div class=\"box-icon icon-stack\"><\/div><\/div><div class=\"box-data\"><\/p>\n<h3><span style=\"font-size: 16px; line-height: 26px;\">PLAN D&#8217;ACTION 2017-2022<br \/>\n<\/span><\/h3>\n<p>L\u2019exp\u00e9rience a montr\u00e9 que les \u00e9preuves sont pleines d\u2019enseignements et l\u2019inspiration na\u00eet de l\u2019observation.<br \/>\nL\u2019association des agriculteurs congolais et italiens au Pool et Plateaux Bat\u00e9k\u00e9s n\u00e9e de l\u2019exp\u00e9rience et du patrimoine de N.B \/AGRI MODERNE que dirige monsieur NDEFI BAKITANGA de nationalit\u00e9 italienne, pr\u00e9sente ce plan d\u2019action quinquennale 2017-2022 en vue de concr\u00e9tiser un certain nombre d\u2019actions susceptibles de rompre progressivement les pesanteurs de l\u2019avenir \u00e0 l\u2019horizon 2022.<br \/>\nSa devise\u00a0 <span class=\"nz-highlight\" style=\"background-color:green;\">Moderniser l\u2019agriculture pour le bien-\u00eatre et le d\u00e9veloppement humain <\/span> reste son cheval de bataille dans les domaines suivants :<\/p>\n<ul>\n<li>d\u00e9veloppement \u00e9conomique ;<\/li>\n<li>action socioculturelle ;<\/li>\n<li>coop\u00e9ration ;<\/li>\n<li>\u00e9quipement et Patrimoine ;<\/li>\n<li>finances.<\/li>\n<\/ul>\n<p><\/div><\/div><\/div><div id=\"nz-box-3\" class=\"  nz-box animate-item\"><div class=\"nz-box-wrap\"><style>#nz-box-3 .box-icon {color:#c2c2c2;}#nz-box-3:hover .box-icon {color:#90c847 !important;}<\/style><div class=\"box-icon-wrap\"><div class=\"box-icon icon-support\"><\/div><\/div><div class=\"box-data\"><\/p>\n<h3><span style=\"font-size: 16px; line-height: 26px;\">ADHESION<\/span><\/h3>\n<p><strong>Article 9<\/strong> : L\u2019adh\u00e9sion est bas\u00e9e sur l\u2019acceptation des Statuts et R\u00e8glement Int\u00e9rieur<\/p>\n<p><strong>Article 10 <\/strong>: Sont membres de l\u2019Association :<\/p>\n\n<ul class=\"nz-i-list square\">\n<li><div><span class=\"icon e6fe\" style=\"color:green;background-color:green;\"><\/span><\/div><div>Toute personne de nationalit\u00e9 congolaise ou italienne\u00a0;<\/div><\/li>\n<li><div><span class=\"icon e6fe\" style=\"color:green;background-color:green;\"><\/span><\/div><div>Toute PME d\u2019Italie ou du Congo s\u2019int\u00e9ressant au d\u00e9veloppement de l\u2019agriculture au Pool et dans les Plateaux Bat\u00e9k\u00e9 du Congo avec couverture nationale\u00a0;<\/div><\/li>\n<li><div><span class=\"icon e6fe\" style=\"color:green;background-color:green;\"><\/span><\/div><div>Personne de toute nationalit\u00e9 r\u00e9sident au Congo ou \u00e0 l\u2019\u00e9tranger et s\u2019int\u00e9ressant \u00e0 l\u2019agriculture pour le bien-\u00eatre des populations en luttant contre leur vuln\u00e9rabilit\u00e9 ;<\/div><\/li>\n<li><div><span class=\"icon e6fe\" style=\"color:green;background-color:green;\"><\/span><\/div><div>Toute personne morale ou physique int\u00e9ress\u00e9e aux objectifs d\u2019\u00e9panouissement de l\u2019ONG AACIPPBC.<\/div><\/li>\n<\/ul>\n\n<p><strong>Article 11<\/strong> : L\u2019appartenance \u00e0 l\u2019ONG, est justifi\u00e9e par :<\/p>\n\n<ul class=\"nz-i-list square\">\n<li><div><span class=\"icon e6fe\" style=\"color:green;background-color:green;\"><\/span><\/div><div>l\u2019apport d\u2019une participation au Capital (part sociale) en nature ou en esp\u00e8ce, d\u00e9termin\u00e9e par le R\u00e8glement Int\u00e9rieur ;<\/div><\/li>\n<li><div><span class=\"icon e6fe\" style=\"color:green;background-color:green;\"><\/span><\/div><div>La d\u00e9tention d\u2019une fiche d\u2019adh\u00e9sion et d\u2019une carte de membre et\/ou d\u2019une attestation valable pour 4ans, sign\u00e9e par le Pr\u00e9sident.<\/div><\/li>\n<\/ul>\n\n<span class=\"nz-highlight\" style=\"background-color:green;\">\n<a href=\"http:\/\/aacippbc.com\/content\/contact-form\/\" target=\"_blank\" rel=\"noopener noreferrer\">Demander le statut<\/a><br \/>\n<\/span><\/div><\/div><\/div><\/div>[\/vc_column][\/vc_row][vc_row background_color=&#8221;#ffffff&#8221; padding_top=&#8221;100&#8243; padding_bottom=&#8221;75&#8243;][vc_column margin_b=&#8221;false&#8221;][vc_column_text]<\/p>\n<h3 style=\"text-align: center; font-size: 28px; line-height: 38px;\">NOTRE EQUIPE<\/h3>\n<p>[\/vc_column_text]<div class='gap nz-clearfix' style='height:10px'>&nbsp;<\/div><img loading=\"lazy\" decoding=\"async\" class=\"aligncenter size-full wp-image-2848 \" src=\"https:\/\/aacippbc.com\/content\/wp-content\/uploads\/2016\/03\/lines.png\" alt=\"2848\" width=\"105\" height=\"9\"><div class='gap nz-clearfix' style='height:50px'>&nbsp;<\/div><div id=\"nz-persons-1\" class=\"nz-persons nz-carousel nz-clearfix animate-none\" data-animate=\"false\" data-columns=\"4\"><div class=\"animate-item person \"><div class=\"img\"><img decoding=\"async\" src=\"https:\/\/aacippbc.com\/content\/wp-content\/uploads\/2016\/11\/president-1084.jpg\" alt=\"Ndefi Bakitanga \" \/><div class=\"ninzio-overlay\"><div class=\"social-links\"><a class=\"icon-twitter\" href=\"#\" title=\"twitter\"><\/a><a class=\"icon-facebook\" href=\"#\" title=\"facebook\"><\/a><a class=\"icon-linkedin\" href=\"#\" title=\"linkedin\"><\/a><a class=\"icon-envelope\" href=\"#\" title=\"envelope\"><\/a><\/div><\/div><\/div><div class=\"person-body\"><div class=\"person-meta\"><a href=\"http:\/\/aacippbc.com\/content\/profil-ndefi-bakitanga\/\"><div class=\"name\">Ndefi Bakitanga <\/div><\/a><div class=\"title\">Pr\u00e9sident, fondateur<\/div><div class=\"bio\">D\u00e9tenteur d\u2019un dipl\u00f4me d\u2019\u00e9tudes secondaires g\u00e9n\u00e9rales, option Math- Physique, il a \u00e9tudi\u00e9 pendant 2 ans en polytechniques \u00e0 l\u2019universit\u00e9 de Kinshasa en RD Congo avant d\u2019immigrer en Italie...<\/div><\/div><\/div><\/div><div class=\"animate-item person \"><div class=\"img\"><img decoding=\"async\" src=\"https:\/\/aacippbc.com\/content\/wp-content\/uploads\/2016\/11\/clara-valentini-640x640.jpg\" alt=\"Valentini Clara\" \/><div class=\"ninzio-overlay\"><div class=\"social-links\"><a class=\"icon-twitter\" href=\"#\" title=\"twitter\"><\/a><a class=\"icon-facebook\" href=\"#\" title=\"facebook\"><\/a><a class=\"icon-linkedin\" href=\"#\" title=\"linkedin\"><\/a><a class=\"icon-envelope\" href=\"#\" title=\"envelope\"><\/a><\/div><\/div><\/div><div class=\"person-body\"><div class=\"person-meta\"><a href=\"http:\/\/aacippbc.com\/content\/valantini-clara\/\"><div class=\"name\">Valentini Clara<\/div><\/a><div class=\"title\">Responsable du secteur sanitaire<\/div><div class=\"bio\">M\u00e9decin de famille, Madame Valentini est dipl\u00f4m\u00e9e de la facult\u00e9 de m\u00e9decine de l\u2019Universit\u00e9 de Bologne, l\u2019une des plus vieilles Universit\u00e9s au monde et exerce <\/div><\/div><\/div><\/div><div class=\"animate-item person \"><div class=\"img\"><img decoding=\"async\" src=\"https:\/\/aacippbc.com\/content\/wp-content\/uploads\/2016\/11\/robert-gris-color-640x640.jpg\" alt=\"Ndefi Antima\" \/><div class=\"ninzio-overlay\"><div class=\"social-links\"><a class=\"icon-twitter\" href=\"#\" title=\"twitter\"><\/a><a class=\"icon-facebook\" href=\"#\" title=\"facebook\"><\/a><a class=\"icon-linkedin\" href=\"#\" title=\"linkedin\"><\/a><a class=\"icon-envelope\" href=\"#\" title=\"envelope\"><\/a><\/div><\/div><\/div><div class=\"person-body\"><div class=\"person-meta\"><a href=\"http:\/\/aacippbc.com\/content\/robert-ndefi-antima\/\"><div class=\"name\">Ndefi Antima<\/div><\/a><div class=\"title\">Repr\u00e9santant du pr\u00e9sident au Canada<\/div><div class=\"bio\">Apr\u00e8s ses \u00e9tudes secondaires g\u00e9n\u00e9rales, option Bio-chimie, il a obtenu un dipl\u00f4me d\u2019ing\u00e9nieur technicien en agronomie de l\u2019Institut sup\u00e9rieur ...<\/div><\/div><\/div><\/div><div class=\"animate-item person \"><div class=\"img\"><img decoding=\"async\" src=\"https:\/\/aacippbc.com\/content\/wp-content\/uploads\/2016\/11\/Robert-diassivoukoua.png\" alt=\"Robert Diassivoukoua Ndefi \" \/><div class=\"ninzio-overlay\"><div class=\"social-links\"><a class=\"icon-twitter\" href=\"#\" title=\"twitter\"><\/a><a class=\"icon-facebook\" href=\"#\" title=\"facebook\"><\/a><a class=\"icon-googleplus\" href=\"#\" title=\"googleplus\"><\/a><a class=\"icon-envelope\" href=\"#\" title=\"envelope\"><\/a><\/div><\/div><\/div><div class=\"person-body\"><div class=\"person-meta\"><a href=\"http:\/\/aacippbc.com\/content\/robert-diassivoukoua-ndefi\/\"><div class=\"name\">Robert Diassivoukoua Ndefi <\/div><\/a><div class=\"title\">Directeur g\u00e9rant de la COOPECC<\/div><div class=\"bio\">D\u00e9tenteur d\u2019un dipl\u00f4me d\u2019\u00e9tudes secondaires g\u00e9n\u00e9rales, option Bio-Chimie, il a \u00e9tudi\u00e9 pendant 2 ans \u00e0 la facult\u00e9 de m\u00e9decine...<\/div><\/div><\/div><\/div><div class=\"animate-item person \"><div class=\"img\"><img decoding=\"async\" src=\"https:\/\/aacippbc.com\/content\/wp-content\/uploads\/2016\/11\/Marco-Roberto.png\" alt=\"MARCO ROBERTO DE BERNARDINIS\" \/><div class=\"ninzio-overlay\"><div class=\"social-links\"><a class=\"icon-twitter\" href=\"#\" title=\"twitter\"><\/a><a class=\"icon-facebook\" href=\"#\" title=\"facebook\"><\/a><a class=\"icon-googleplus\" href=\"#\" title=\"googleplus\"><\/a><a class=\"icon-envelope\" href=\"#\" title=\"envelope\"><\/a><\/div><\/div><\/div><div class=\"person-body\"><div class=\"person-meta\"><a href=\"http:\/\/aacippbc.com\/content\/marco-roberto-de-berardins\/\"><div class=\"name\">MARCO ROBERTO DE BERNARDINIS<\/div><\/a><div class=\"title\">Responsable des ateliers m\u00e9caniques et des magasins d\u2019approvisionnement<\/div><div class=\"bio\">D\u00e8s son jeune \u00e2ge, Monsieur De Bernardinis s\u2019int\u00e9resse \u00e0 la m\u00e9canique;<\/div><\/div><\/div><\/div><div class=\"animate-item person \"><div class=\"img\"><img decoding=\"async\" src=\"https:\/\/aacippbc.com\/content\/wp-content\/uploads\/2017\/08\/Guillaume-Banalouboutila-Minkala.png\" alt=\"Guillaume Banalouboutila Minkala\" \/><div class=\"ninzio-overlay\"><div class=\"social-links\"><a class=\"icon-twitter\" href=\"#\" title=\"twitter\"><\/a><a class=\"icon-facebook\" href=\"#\" title=\"facebook\"><\/a><a class=\"icon-googleplus\" href=\"#\" title=\"googleplus\"><\/a><a class=\"icon-envelope\" href=\"#\" title=\"envelope\"><\/a><\/div><\/div><\/div><div class=\"person-body\"><div class=\"person-meta\"><a href=\"http:\/\/aacippbc.com\/content\/guillaume-banalouboutila-minkala\/\"><div class=\"name\">Guillaume Banalouboutila Minkala<\/div><\/a><div class=\"title\">Gestionnaire du centre m\u00e9dico-social<\/div><div class=\"bio\">N\u00e9 \u00e0 Brazzaville au Congo, Monsieur Minkala a fait ses secondaires et techniques en soins infirmiers. Il d\u00e9tient des dipl\u00f4mes...<\/div><\/div><\/div><\/div><div class=\"animate-item person \"><div class=\"img\"><img decoding=\"async\" src=\"https:\/\/aacippbc.com\/content\/wp-content\/uploads\/2017\/05\/Athanase-Directeur-Gerant-Adjoint-x600.jpg\" alt=\"Athanase DIABASSENGA MAN\" \/><div class=\"ninzio-overlay\"><div class=\"social-links\"><a class=\"icon-twitter\" href=\"#\" title=\"twitter\"><\/a><a class=\"icon-facebook\" href=\"#\" title=\"facebook\"><\/a><a class=\"icon-googleplus\" href=\"#\" title=\"googleplus\"><\/a><a class=\"icon-envelope\" href=\"#\" title=\"envelope\"><\/a><\/div><\/div><\/div><div class=\"person-body\"><div class=\"person-meta\"><a href=\"http:\/\/aacippbc.com\/content\/athanase-diabassenga-man\"><div class=\"name\">Athanase DIABASSENGA MAN<\/div><\/a><div class=\"title\">Directeur g\u00e9rant de la COOPECC<\/div><div class=\"bio\">Directeur g\u00e9rant adjoint de la Coopecc , Secr\u00e9taire administratif charg\u00e9 de la communication et des relations publiques.<\/div><\/div><\/div><\/div><div class=\"animate-item person \"><div class=\"img\"><img decoding=\"async\" src=\"https:\/\/aacippbc.com\/content\/wp-content\/uploads\/2017\/08\/Mokuna-Nsili-Letizia.png\" alt=\"Mukuna Nsili Letizia\" \/><div class=\"ninzio-overlay\"><div class=\"social-links\"><a class=\"icon-twitter\" href=\"#\" title=\"twitter\"><\/a><a class=\"icon-facebook\" href=\"#\" title=\"facebook\"><\/a><a class=\"icon-googleplus\" href=\"#\" title=\"googleplus\"><\/a><a class=\"icon-envelope\" href=\"#\" title=\"envelope\"><\/a><\/div><\/div><\/div><div class=\"person-body\"><div class=\"person-meta\"><a href=\"http:\/\/aacippbc.com\/content\/mukuna-nsili-letizia\/\"><div class=\"name\">Mukuna Nsili Letizia<\/div><\/a><div class=\"title\">Administratrice de l\u2019entreprise agricole Associazione<\/div><div class=\"bio\">N\u00e9e en Italie, elle a fr\u00e9quent\u00e9 avec succ\u00e8s les humanit\u00e9s classiques. Letizia Nsili Mukuna s\u2019est r\u00e9v\u00e9l\u00e9e, tr\u00e8s jeune, \u00eatre une femme intelligente, m\u00e9ticuleuse et <\/div><\/div><\/div><\/div><div class=\"animate-item person \"><div class=\"img\"><img decoding=\"async\" src=\"https:\/\/aacippbc.com\/content\/wp-content\/uploads\/2017\/08\/Mukuna-Samulomba-Malakure-Representant-It.png\" alt=\"MUKUNA SAMULOMBA MALAKU\" \/><div class=\"ninzio-overlay\"><div class=\"social-links\"><a class=\"icon-twitter\" href=\"#\" title=\"twitter\"><\/a><a class=\"icon-facebook\" href=\"#\" title=\"facebook\"><\/a><a class=\"icon-googleplus\" href=\"#\" title=\"googleplus\"><\/a><a class=\"icon-envelope\" href=\"#\" title=\"envelope\"><\/a><\/div><\/div><\/div><div class=\"person-body\"><div class=\"person-meta\"><a href=\"http:\/\/aacippbc.com\/content\/mukuna-samulomba-malaku\/\"><div class=\"name\">MUKUNA SAMULOMBA MALAKU<\/div><\/a><div class=\"title\">Repr\u00e9santant du pr\u00e9sident en Italie<\/div><div class=\"bio\">N\u00e9 en R\u00e9publique D\u00e9mocratique du Congo, l\u2019ex-Zaire, Monsieur Mukuna Samulomba Malaku vit en Italie. <\/div><\/div><\/div><\/div><div class=\"animate-item person \"><div class=\"img\"><img decoding=\"async\" src=\"https:\/\/aacippbc.com\/content\/wp-content\/uploads\/2017\/08\/Behome-Mbonokouo-Mpaan.png\" alt=\"B\u00e9h\u00f4me Mbonokouo Mpaan\" \/><div class=\"ninzio-overlay\"><div class=\"social-links\"><a class=\"icon-twitter\" href=\"#\" title=\"twitter\"><\/a><a class=\"icon-facebook\" href=\"#\" title=\"facebook\"><\/a><a class=\"icon-linkedin\" href=\"#\" title=\"linkedin\"><\/a><a class=\"icon-envelope\" href=\"#\" title=\"envelope\"><\/a><\/div><\/div><\/div><div class=\"person-body\"><div class=\"person-meta\"><a href=\"http:\/\/aacippbc.com\/content\/behome-mbonokou-mpaan\/\"><div class=\"name\">B\u00e9h\u00f4me Mbonokouo Mpaan<\/div><\/a><div class=\"title\">Vice-pr\u00e9sident, charg\u00e9 de l\u2019administration et des finances<\/div><div class=\"bio\">\u00c0 l\u2019issue de ses \u00e9tudes secondaires, il a suivi une s\u00e9rie de formations militaires successivement \u00e0 l\u2019\u00e9cole militaire pr\u00e9paratoire g\u00e9n\u00e9ral Leduc<\/div><\/div><\/div><\/div><div class=\"animate-item person \"><div class=\"img\"><img decoding=\"async\" src=\"https:\/\/aacippbc.com\/content\/wp-content\/uploads\/2018\/04\/Massamba-LUBAKIx280x280.jpg\" alt=\"MASSAMBA LUBAKI\" \/><div class=\"ninzio-overlay\"><div class=\"social-links\"><a class=\"icon-twitter\" href=\"#\" title=\"twitter\"><\/a><a class=\"icon-facebook\" href=\"#\" title=\"facebook\"><\/a><a class=\"icon-linkedin\" href=\"#\" title=\"linkedin\"><\/a><a class=\"icon-envelope\" href=\"#\" title=\"envelope\"><\/a><\/div><\/div><\/div><div class=\"person-body\"><div class=\"person-meta\"><a href=\"http:\/\/aacippbc.com\/content\/massamba-lubaki\/\"><div class=\"name\">MASSAMBA LUBAKI<\/div><\/a><div class=\"title\">Chef des services techniques \u00e9lectrom\u00e9caniques<\/div><div class=\"bio\">N\u00e9 en r\u00e9publique d\u00e9mocratique du Congo, monsieur Massamba a fait ses \u00e9tudes en techniques d\u2019\u00e9lectricit\u00e9 g\u00e9n\u00e9rale...<\/div><\/div><\/div><\/div><\/div>[\/vc_column][\/vc_row][vc_row full_width=&#8221;true&#8221; padding_top=&#8221; 0&#8243; padding_bottom=&#8221; 0&#8243;][vc_column margin_b=&#8221;false&#8221;][\/vc_column][\/vc_row]<\/p>\n","protected":false},"excerpt":{"rendered":"<p>Claritas est etiam processus dynamicus, qui sequitur mutationem consuetudium lectorum. Mirum est notare quam littera gothica, quam nunc putamus parum claram, anteposuerit litterarum formas humanitatis per seacula quarta decima et quinta decima. Eodem modo typi, qui nunc nobis videntur parum clari, fiant sollemnes in futurum.<\/p>\n","protected":false},"author":1,"featured_media":0,"parent":0,"menu_order":0,"comment_status":"closed","ping_status":"closed","template":"page-vc.php","meta":{"footnotes":""},"class_list":["post-3787","page","type-page","status-publish","hentry"],"_links":{"self":[{"href":"https:\/\/aacippbc.com\/content\/wp-json\/wp\/v2\/pages\/3787","targetHints":{"allow":["GET"]}}],"collection":[{"href":"https:\/\/aacippbc.com\/content\/wp-json\/wp\/v2\/pages"}],"about":[{"href":"https:\/\/aacippbc.com\/content\/wp-json\/wp\/v2\/types\/page"}],"author":[{"embeddable":true,"href":"https:\/\/aacippbc.com\/content\/wp-json\/wp\/v2\/users\/1"}],"replies":[{"embeddable":true,"href":"https:\/\/aacippbc.com\/content\/wp-json\/wp\/v2\/comments?post=3787"}],"version-history":[{"count":99,"href":"https:\/\/aacippbc.com\/content\/wp-json\/wp\/v2\/pages\/3787\/revisions"}],"predecessor-version":[{"id":4572,"href":"https:\/\/aacippbc.com\/content\/wp-json\/wp\/v2\/pages\/3787\/revisions\/4572"}],"wp:attachment":[{"href":"https:\/\/aacippbc.com\/content\/wp-json\/wp\/v2\/media?parent=3787"}],"curies":[{"name":"wp","href":"https:\/\/api.w.org\/{rel}","templated":true}]}}