{"id":4140,"date":"2017-05-21T21:13:29","date_gmt":"2017-05-21T21:13:29","guid":{"rendered":"http:\/\/aacippbc.com\/content\/?page_id=4140"},"modified":"2018-12-16T21:38:15","modified_gmt":"2018-12-16T21:38:15","slug":"valantini-clara","status":"publish","type":"page","link":"https:\/\/aacippbc.com\/content\/valantini-clara\/","title":{"rendered":"Valentini Clara"},"content":{"rendered":"<h4>Responsable du secteur sanitaire<\/h4>\n<p><img loading=\"lazy\" decoding=\"async\" class=\"wp-image-4029 size-medium alignleft\" src=\"http:\/\/aacippbc.com\/content\/wp-content\/uploads\/2016\/11\/clara-valentini-640x640-300x300.jpg\" alt=\"\" width=\"300\" height=\"300\" srcset=\"https:\/\/aacippbc.com\/content\/wp-content\/uploads\/2016\/11\/clara-valentini-640x640-300x300.jpg 300w, https:\/\/aacippbc.com\/content\/wp-content\/uploads\/2016\/11\/clara-valentini-640x640-150x150.jpg 150w, https:\/\/aacippbc.com\/content\/wp-content\/uploads\/2016\/11\/clara-valentini-640x640-440x440.jpg 440w, https:\/\/aacippbc.com\/content\/wp-content\/uploads\/2016\/11\/clara-valentini-640x640-180x180.jpg 180w, https:\/\/aacippbc.com\/content\/wp-content\/uploads\/2016\/11\/clara-valentini-640x640-600x600.jpg 600w, https:\/\/aacippbc.com\/content\/wp-content\/uploads\/2016\/11\/clara-valentini-640x640.jpg 640w\" sizes=\"auto, (max-width: 300px) 100vw, 300px\" \/><\/p>\n<p>M\u00e9decin de famille, Madame Valentini est dipl\u00f4m\u00e9e de la facult\u00e9 de m\u00e9decine de l\u2019Universit\u00e9 de Bologne, l\u2019une des plus vieilles Universit\u00e9s au monde et exerce depuis plus d\u2019une trentaine d\u2019ann\u00e9es en Italie, son pays d\u2019origine et a fait de sa profession m\u00e9dicale une v\u00e9ritable mission au service de l\u2019humanit\u00e9, surtout les plus ind\u00e9cents. Elle est anim\u00e9e de volont\u00e9 de fer de combattre la douleur et le mal en g\u00e9n\u00e9ral tant physique que psychologique. Elle est repr\u00e9sentante du syndicat des m\u00e9decins o\u00f9 elle travaille \u00e9galement dans le cadre de la coop\u00e9rative des m\u00e9decins de sa Province(TE).<\/p>\n","protected":false},"excerpt":{"rendered":"<p>Responsable du secteur sanitaire M\u00e9decin de famille, Madame Valentini est dipl\u00f4m\u00e9e de la facult\u00e9 de m\u00e9decine de l\u2019Universit\u00e9 de Bologne, l\u2019une des plus vieilles Universit\u00e9s au monde et exerce depuis plus d\u2019une trentaine d\u2019ann\u00e9es en Italie, son pays d\u2019origine et a fait de sa profession m\u00e9dicale une v\u00e9ritable mission au service de l\u2019humanit\u00e9, surtout les [&hellip;]<\/p>\n","protected":false},"author":1,"featured_media":0,"parent":0,"menu_order":0,"comment_status":"closed","ping_status":"open","template":"","meta":{"footnotes":""},"class_list":["post-4140","page","type-page","status-publish","hentry"],"_links":{"self":[{"href":"https:\/\/aacippbc.com\/content\/wp-json\/wp\/v2\/pages\/4140","targetHints":{"allow":["GET"]}}],"collection":[{"href":"https:\/\/aacippbc.com\/content\/wp-json\/wp\/v2\/pages"}],"about":[{"href":"https:\/\/aacippbc.com\/content\/wp-json\/wp\/v2\/types\/page"}],"author":[{"embeddable":true,"href":"https:\/\/aacippbc.com\/content\/wp-json\/wp\/v2\/users\/1"}],"replies":[{"embeddable":true,"href":"https:\/\/aacippbc.com\/content\/wp-json\/wp\/v2\/comments?post=4140"}],"version-history":[{"count":6,"href":"https:\/\/aacippbc.com\/content\/wp-json\/wp\/v2\/pages\/4140\/revisions"}],"predecessor-version":[{"id":4576,"href":"https:\/\/aacippbc.com\/content\/wp-json\/wp\/v2\/pages\/4140\/revisions\/4576"}],"wp:attachment":[{"href":"https:\/\/aacippbc.com\/content\/wp-json\/wp\/v2\/media?parent=4140"}],"curies":[{"name":"wp","href":"https:\/\/api.w.org\/{rel}","templated":true}]}}