{"id":4142,"date":"2017-05-21T21:18:02","date_gmt":"2017-05-21T21:18:02","guid":{"rendered":"http:\/\/aacippbc.com\/content\/?page_id=4142"},"modified":"2017-05-21T21:52:32","modified_gmt":"2017-05-21T21:52:32","slug":"robert-ndefi-antima","status":"publish","type":"page","link":"https:\/\/aacippbc.com\/content\/robert-ndefi-antima\/","title":{"rendered":"Ndefi Antima"},"content":{"rendered":"<h4>Repr\u00e9santant du pr\u00e9sident au Canada<\/h4>\n<p><img loading=\"lazy\" decoding=\"async\" class=\"size-medium wp-image-4019 alignleft\" src=\"http:\/\/aacippbc.com\/content\/wp-content\/uploads\/2016\/11\/robert-gris-color-640x640-300x300.jpg\" alt=\"\" width=\"300\" height=\"300\" srcset=\"https:\/\/aacippbc.com\/content\/wp-content\/uploads\/2016\/11\/robert-gris-color-640x640-300x300.jpg 300w, https:\/\/aacippbc.com\/content\/wp-content\/uploads\/2016\/11\/robert-gris-color-640x640-150x150.jpg 150w, https:\/\/aacippbc.com\/content\/wp-content\/uploads\/2016\/11\/robert-gris-color-640x640-440x440.jpg 440w, https:\/\/aacippbc.com\/content\/wp-content\/uploads\/2016\/11\/robert-gris-color-640x640-180x180.jpg 180w, https:\/\/aacippbc.com\/content\/wp-content\/uploads\/2016\/11\/robert-gris-color-640x640-600x600.jpg 600w, https:\/\/aacippbc.com\/content\/wp-content\/uploads\/2016\/11\/robert-gris-color-640x640.jpg 640w\" sizes=\"auto, (max-width: 300px) 100vw, 300px\" \/>Apr\u00e8s ses \u00e9tudes secondaires g\u00e9n\u00e9rales, option Bio-chimie, il a obtenu un dipl\u00f4me d\u2019ing\u00e9nieur technicien en agronomie de l\u2019Institut sup\u00e9rieur d\u2019\u00e9tudes agronomiques (ISEA) de Bengamisa, dans la province orientale en rd Congo. Il a travaill\u00e9 pendant 5 ans dans le d\u00e9veloppement communautaire en tant que charg\u00e9 des projets agricoles, reboisement et pisciculture au sein du Centre rural de g\u00e9rontologie sociale \u00e0 Kinshasa en RD Congo, avant d\u2019immigrer au Canada en 1991. Il d\u00e9tient \u00e9galement un dipl\u00f4me en techniques de travail social du Coll\u00e8ge d\u2019arts appliqu\u00e9s et de technologie; La Cit\u00e9 coll\u00e9giale d\u2019Ottawa, en Ontario au Canada.<br \/>\nDepuis 2005, il travaille en tant que conseiller au service de soutien \u00e0 l\u2019emploi au sein de l\u2019Association pour l\u2019int\u00e9gration sociale d\u2019Ottawa (AISO); l\u2019unique organisation qui offre des services exclusivement en fran\u00e7ais \u00e0 des personnes francophones ayant une d\u00e9ficience intellectuelle ou un handicap de d\u00e9veloppement au sein de la ville d\u2019Ottawa, dans la province de l\u2019Ontario au Canada.<br \/>\nDans le cadre de ses fonctions, il a initi\u00e9 et dirige un projet mara\u00eecher avec l\u2019accord de sa directrice de service et surtout du pr\u00e9sident du jardin communautaire \u00ab Gloucester Allotment Garden Association \u00bb d\u2019Ottawa qui a octroy\u00e9 un lot de terrain \u00e0 l\u2019AISO pour que ce projet soit r\u00e9alis\u00e9. Ce projet favorise l\u2019inclusion des personnes qui ont une d\u00e9ficience intellectuelle au sein de la communaut\u00e9.<br \/>\nMonsieur Antima est passionn\u00e9 pour l\u2019agriculture, le d\u00e9veloppement communautaire et la conservation de la nature.<\/p>\n","protected":false},"excerpt":{"rendered":"<p>Repr\u00e9santant du pr\u00e9sident au Canada Apr\u00e8s ses \u00e9tudes secondaires g\u00e9n\u00e9rales, option Bio-chimie, il a obtenu un dipl\u00f4me d\u2019ing\u00e9nieur technicien en agronomie de l\u2019Institut sup\u00e9rieur d\u2019\u00e9tudes agronomiques (ISEA) de Bengamisa, dans la province orientale en rd Congo. Il a travaill\u00e9 pendant 5 ans dans le d\u00e9veloppement communautaire en tant que charg\u00e9 des projets agricoles, reboisement et [&hellip;]<\/p>\n","protected":false},"author":1,"featured_media":0,"parent":0,"menu_order":0,"comment_status":"closed","ping_status":"open","template":"","meta":{"footnotes":""},"class_list":["post-4142","page","type-page","status-publish","hentry"],"_links":{"self":[{"href":"https:\/\/aacippbc.com\/content\/wp-json\/wp\/v2\/pages\/4142","targetHints":{"allow":["GET"]}}],"collection":[{"href":"https:\/\/aacippbc.com\/content\/wp-json\/wp\/v2\/pages"}],"about":[{"href":"https:\/\/aacippbc.com\/content\/wp-json\/wp\/v2\/types\/page"}],"author":[{"embeddable":true,"href":"https:\/\/aacippbc.com\/content\/wp-json\/wp\/v2\/users\/1"}],"replies":[{"embeddable":true,"href":"https:\/\/aacippbc.com\/content\/wp-json\/wp\/v2\/comments?post=4142"}],"version-history":[{"count":5,"href":"https:\/\/aacippbc.com\/content\/wp-json\/wp\/v2\/pages\/4142\/revisions"}],"predecessor-version":[{"id":4154,"href":"https:\/\/aacippbc.com\/content\/wp-json\/wp\/v2\/pages\/4142\/revisions\/4154"}],"wp:attachment":[{"href":"https:\/\/aacippbc.com\/content\/wp-json\/wp\/v2\/media?parent=4142"}],"curies":[{"name":"wp","href":"https:\/\/api.w.org\/{rel}","templated":true}]}}