{"id":4146,"date":"2017-05-21T21:22:47","date_gmt":"2017-05-21T21:22:47","guid":{"rendered":"http:\/\/aacippbc.com\/content\/?page_id=4146"},"modified":"2018-04-22T21:32:50","modified_gmt":"2018-04-22T21:32:50","slug":"behome-mbonokou-mpaan","status":"publish","type":"page","link":"https:\/\/aacippbc.com\/content\/behome-mbonokou-mpaan\/","title":{"rendered":"Behome Mbonokou Mpaan"},"content":{"rendered":"<h4>Mr Behome Mbonokou Mpaan est vice-pr\u00e9sident, charg\u00e9 de l\u2019administration et des finances.<\/h4>\n<p><img loading=\"lazy\" decoding=\"async\" class=\"wp-image-4453 size-medium alignleft\" src=\"http:\/\/aacippbc.com\/content\/wp-content\/uploads\/2017\/08\/Behome-Mbonokouo-Mpaan-300x300.png\" alt=\"\" width=\"300\" height=\"300\" srcset=\"https:\/\/aacippbc.com\/content\/wp-content\/uploads\/2017\/08\/Behome-Mbonokouo-Mpaan-300x300.png 300w, https:\/\/aacippbc.com\/content\/wp-content\/uploads\/2017\/08\/Behome-Mbonokouo-Mpaan-150x150.png 150w, https:\/\/aacippbc.com\/content\/wp-content\/uploads\/2017\/08\/Behome-Mbonokouo-Mpaan-440x440.png 440w, https:\/\/aacippbc.com\/content\/wp-content\/uploads\/2017\/08\/Behome-Mbonokouo-Mpaan-90x90.png 90w, https:\/\/aacippbc.com\/content\/wp-content\/uploads\/2017\/08\/Behome-Mbonokouo-Mpaan.png 640w\" sizes=\"auto, (max-width: 300px) 100vw, 300px\" \/>\u00c0 l\u2019issue de ses \u00e9tudes secondaires, il a suivi une s\u00e9rie de formations militaires successivement \u00e0 l\u2019\u00e9cole militaire pr\u00e9paratoire g\u00e9n\u00e9ral Leduc, \u00e0 l\u2019\u00e9cole des officier d\u2019infanterie de Blinda en Alg\u00e9rie et \u00e0 l\u2019\u00e9cole des officiers d\u2019administration des arm\u00e9es d\u2019Oran en Alg\u00e9rie.<br \/>\nIl a \u00e9galement fait un stage d\u2019harmonisation des connaissances dans les centres et services administratifs financiers, logistiques et unit\u00e9s de l\u2019arm\u00e9e populaire nationale.<br \/>\nPromu actuellement au grade de Colonel, il a respectivement occup\u00e9 les fonctions suivantes :<br \/>\n&#8211; 1981-1984, chef de service administratif, logistique et financier du 1er r\u00e9giment blind\u00e9 ;<br \/>\n&#8211; 1985-1990 chef de division administrative et financi\u00e8re de la ZMD1 avec en sus les fonctions de chef de division administrative et financi\u00e8re de la clinique Oc\u00e9an et de directeur du personnel civil \u00e0 l\u2019arm\u00e9e (ZMD1) ;<br \/>\n&#8211; 19990-1992 chefs des services administratifs, logistiques et financiers \u00e0 l\u2019h\u00f4pital r\u00e9gional des arm\u00e9es de la Zone militaire de d\u00e9fense N0 (ZMD1) ;<br \/>\n&#8211; De mai 1992 \u00e0 juillet 1998 directeur administratif et financier au CIRAS ;<br \/>\n&#8211; De 2000 \u00e0 pr\u00e9sent, Directeur financier et comptable au CIRAS.<br \/>\nMalgr\u00e9 ses multiples responsabilit\u00e9s dans le cadre de sa carri\u00e8re militaire, le colonel Mbonokouo a une passion pour l\u2019agriculture en g\u00e9n\u00e9ral et le d\u00e9veloppement communautaire en particulier.<br \/>\nSoucieux du bien-\u00eatre socio-\u00e9conomique des populations rurales, Il a accept\u00e9 volontiers d\u2019assumer les fonctions de Vice-pr\u00e9sident, charg\u00e9 de l\u2019administration et des finances au sein de l\u2019AACIPPBC.<\/p>\n","protected":false},"excerpt":{"rendered":"<p>Mr Behome Mbonokou Mpaan est vice-pr\u00e9sident, charg\u00e9 de l\u2019administration et des finances. \u00c0 l\u2019issue de ses \u00e9tudes secondaires, il a suivi une s\u00e9rie de formations militaires successivement \u00e0 l\u2019\u00e9cole militaire pr\u00e9paratoire g\u00e9n\u00e9ral Leduc, \u00e0 l\u2019\u00e9cole des officier d\u2019infanterie de Blinda en Alg\u00e9rie et \u00e0 l\u2019\u00e9cole des officiers d\u2019administration des arm\u00e9es d\u2019Oran en Alg\u00e9rie. Il a [&hellip;]<\/p>\n","protected":false},"author":1,"featured_media":0,"parent":0,"menu_order":0,"comment_status":"closed","ping_status":"open","template":"","meta":{"footnotes":""},"class_list":["post-4146","page","type-page","status-publish","hentry"],"_links":{"self":[{"href":"https:\/\/aacippbc.com\/content\/wp-json\/wp\/v2\/pages\/4146","targetHints":{"allow":["GET"]}}],"collection":[{"href":"https:\/\/aacippbc.com\/content\/wp-json\/wp\/v2\/pages"}],"about":[{"href":"https:\/\/aacippbc.com\/content\/wp-json\/wp\/v2\/types\/page"}],"author":[{"embeddable":true,"href":"https:\/\/aacippbc.com\/content\/wp-json\/wp\/v2\/users\/1"}],"replies":[{"embeddable":true,"href":"https:\/\/aacippbc.com\/content\/wp-json\/wp\/v2\/comments?post=4146"}],"version-history":[{"count":6,"href":"https:\/\/aacippbc.com\/content\/wp-json\/wp\/v2\/pages\/4146\/revisions"}],"predecessor-version":[{"id":4548,"href":"https:\/\/aacippbc.com\/content\/wp-json\/wp\/v2\/pages\/4146\/revisions\/4548"}],"wp:attachment":[{"href":"https:\/\/aacippbc.com\/content\/wp-json\/wp\/v2\/media?parent=4146"}],"curies":[{"name":"wp","href":"https:\/\/api.w.org\/{rel}","templated":true}]}}