{"id":4162,"date":"2017-05-21T22:14:34","date_gmt":"2017-05-21T22:14:34","guid":{"rendered":"http:\/\/aacippbc.com\/content\/?page_id=4162"},"modified":"2017-05-21T23:32:31","modified_gmt":"2017-05-21T23:32:31","slug":"robert-diassivoukoua-ndefi","status":"publish","type":"page","link":"https:\/\/aacippbc.com\/content\/robert-diassivoukoua-ndefi\/","title":{"rendered":"Robert Diassivoukoua Ndefi"},"content":{"rendered":"<h4>Directeur g\u00e9rant de la COOPECC<\/h4>\n<p><img loading=\"lazy\" decoding=\"async\" class=\"wp-image-4164 size-medium alignleft\" src=\"http:\/\/aacippbc.com\/content\/wp-content\/uploads\/2017\/05\/Robert-Diassivoukoua-Ndefi-e1495407640548-249x300.jpg\" alt=\"\" width=\"249\" height=\"300\" \/><\/p>\n<p>D\u00e9tenteur d\u2019un dipl\u00f4me d\u2019\u00e9tudes secondaires g\u00e9n\u00e9rales, option Bio-Chimie, il a \u00e9tudi\u00e9 pendant 2 ans \u00e0 la facult\u00e9 de m\u00e9decine \u00e0 l\u2019universit\u00e9 de Kinshasa. Apr\u00e8s le d\u00e9c\u00e8s de leur p\u00e8re, il d\u00e9cide d\u2019arr\u00eater ses \u00e9tudes en m\u00e9decine pour aller travailler \u00e0 Brazzaville afin de subvenir aux besoins scolaires de ses fr\u00e8res et s\u0153urs.<br \/>\n\u00c0 l\u2019issue une formation en gestion des coop\u00e9ratives d\u2019\u00e9pargne et de cr\u00e9dit, il assume respectivement les fonctions de g\u00e9rant du Restaurant Fetrasseic de la Coopec, g\u00e9rant de la caisse coopec de Kinsoundi (Brazzaville).<br \/>\nEn 1987, il se lance en affaires dans le domaine de la restauration. Il est propri\u00e9taire d\u2019un restaurant au sein du foyer DPAA\/ DGAS \u00e0 Brazzaville. Il a \u00e9galement initi\u00e9 des activit\u00e9s agro pastorales \u00e0 Inoni au Congo.<\/p>\n","protected":false},"excerpt":{"rendered":"<p>Directeur g\u00e9rant de la COOPECC D\u00e9tenteur d\u2019un dipl\u00f4me d\u2019\u00e9tudes secondaires g\u00e9n\u00e9rales, option Bio-Chimie, il a \u00e9tudi\u00e9 pendant 2 ans \u00e0 la facult\u00e9 de m\u00e9decine \u00e0 l\u2019universit\u00e9 de Kinshasa. Apr\u00e8s le d\u00e9c\u00e8s de leur p\u00e8re, il d\u00e9cide d\u2019arr\u00eater ses \u00e9tudes en m\u00e9decine pour aller travailler \u00e0 Brazzaville afin de subvenir aux besoins scolaires de ses fr\u00e8res [&hellip;]<\/p>\n","protected":false},"author":1,"featured_media":4176,"parent":0,"menu_order":0,"comment_status":"closed","ping_status":"open","template":"","meta":{"footnotes":""},"class_list":["post-4162","page","type-page","status-publish","has-post-thumbnail","hentry"],"_links":{"self":[{"href":"https:\/\/aacippbc.com\/content\/wp-json\/wp\/v2\/pages\/4162","targetHints":{"allow":["GET"]}}],"collection":[{"href":"https:\/\/aacippbc.com\/content\/wp-json\/wp\/v2\/pages"}],"about":[{"href":"https:\/\/aacippbc.com\/content\/wp-json\/wp\/v2\/types\/page"}],"author":[{"embeddable":true,"href":"https:\/\/aacippbc.com\/content\/wp-json\/wp\/v2\/users\/1"}],"replies":[{"embeddable":true,"href":"https:\/\/aacippbc.com\/content\/wp-json\/wp\/v2\/comments?post=4162"}],"version-history":[{"count":10,"href":"https:\/\/aacippbc.com\/content\/wp-json\/wp\/v2\/pages\/4162\/revisions"}],"predecessor-version":[{"id":4173,"href":"https:\/\/aacippbc.com\/content\/wp-json\/wp\/v2\/pages\/4162\/revisions\/4173"}],"wp:featuredmedia":[{"embeddable":true,"href":"https:\/\/aacippbc.com\/content\/wp-json\/wp\/v2\/media\/4176"}],"wp:attachment":[{"href":"https:\/\/aacippbc.com\/content\/wp-json\/wp\/v2\/media?parent=4162"}],"curies":[{"name":"wp","href":"https:\/\/api.w.org\/{rel}","templated":true}]}}