{"id":4186,"date":"2017-05-26T01:13:33","date_gmt":"2017-05-26T01:13:33","guid":{"rendered":"http:\/\/aacippbc.com\/content\/?page_id=4186"},"modified":"2017-12-30T19:36:48","modified_gmt":"2017-12-30T19:36:48","slug":"marco-roberto-de-berardins","status":"publish","type":"page","link":"https:\/\/aacippbc.com\/content\/marco-roberto-de-berardins\/","title":{"rendered":"Marco Roberto De Bernardinis"},"content":{"rendered":"<p><img loading=\"lazy\" decoding=\"async\" class=\"size-medium wp-image-4133 alignleft\" src=\"http:\/\/aacippbc.com\/content\/wp-content\/uploads\/2016\/11\/Marco-Roberto-300x225.jpg\" alt=\"Marco Roberto De Bernardinis\" width=\"300\" height=\"225\" srcset=\"https:\/\/aacippbc.com\/content\/wp-content\/uploads\/2016\/11\/Marco-Roberto-300x225.jpg 300w, https:\/\/aacippbc.com\/content\/wp-content\/uploads\/2016\/11\/Marco-Roberto-768x576.jpg 768w, https:\/\/aacippbc.com\/content\/wp-content\/uploads\/2016\/11\/Marco-Roberto-1024x768.jpg 1024w, https:\/\/aacippbc.com\/content\/wp-content\/uploads\/2016\/11\/Marco-Roberto.jpg 1040w\" sizes=\"auto, (max-width: 300px) 100vw, 300px\" \/>D\u00e8s son jeune \u00e2ge, Monsieur De Bernardinis s\u2019int\u00e9resse \u00e0 la m\u00e9canique; inspir\u00e9 par l\u2019entreprise familiale orient\u00e9e vers la m\u00e9canique de pr\u00e9cision.<br \/>\n\u00c0 l\u2019\u00e2ge de 12 ans, il commence \u00e0 apprendre les rouages du m\u00e9tier avec l\u2019usage des instruments et outils de travail, tout en mettant en pratique les techniques appliqu\u00e9es.<br \/>\nPassionn\u00e9 par la m\u00e9canique et l\u2019agriculture, il entreprend ses \u00e9tudes dans la m\u00e9canique et obtient un dipl\u00f4me de technicien en m\u00e9canique g\u00e9n\u00e9rale.<br \/>\nEn 1999, fort de l\u2019exp\u00e9rience qu\u2019il a acquise au fil des ann\u00e9es, il cr\u00e9e sa propre entreprise orient\u00e9e principalement vers la r\u00e9vision des moteurs de tous genres; entre autres les moteurs des engins marins, agricoles, automobiles et motocycles.<br \/>\nEn 2007, Monsieur De Bernardinis fait connaissance avec le pr\u00e9sident de l\u2019AACIPPBC, Monsieur Ndefi Bakitanga avec qui il entretient d\u00e8s lors une profonde relation d\u2019amiti\u00e9. C\u2019est dans ce cadre qu\u2019il lui accorde son soutien, afin que le plan d\u2019action de l\u2019association soit un succ\u00e8s tant en Italie qu\u2019au Congo.<\/p>\n","protected":false},"excerpt":{"rendered":"<p>D\u00e8s son jeune \u00e2ge, Monsieur De Bernardinis s\u2019int\u00e9resse \u00e0 la m\u00e9canique; inspir\u00e9 par l\u2019entreprise familiale orient\u00e9e vers la m\u00e9canique de pr\u00e9cision. \u00c0 l\u2019\u00e2ge de 12 ans, il commence \u00e0 apprendre les rouages du m\u00e9tier avec l\u2019usage des instruments et outils de travail, tout en mettant en pratique les techniques appliqu\u00e9es. Passionn\u00e9 par la m\u00e9canique et [&hellip;]<\/p>\n","protected":false},"author":1,"featured_media":0,"parent":0,"menu_order":0,"comment_status":"closed","ping_status":"open","template":"","meta":{"footnotes":""},"class_list":["post-4186","page","type-page","status-publish","hentry"],"_links":{"self":[{"href":"https:\/\/aacippbc.com\/content\/wp-json\/wp\/v2\/pages\/4186","targetHints":{"allow":["GET"]}}],"collection":[{"href":"https:\/\/aacippbc.com\/content\/wp-json\/wp\/v2\/pages"}],"about":[{"href":"https:\/\/aacippbc.com\/content\/wp-json\/wp\/v2\/types\/page"}],"author":[{"embeddable":true,"href":"https:\/\/aacippbc.com\/content\/wp-json\/wp\/v2\/users\/1"}],"replies":[{"embeddable":true,"href":"https:\/\/aacippbc.com\/content\/wp-json\/wp\/v2\/comments?post=4186"}],"version-history":[{"count":5,"href":"https:\/\/aacippbc.com\/content\/wp-json\/wp\/v2\/pages\/4186\/revisions"}],"predecessor-version":[{"id":4499,"href":"https:\/\/aacippbc.com\/content\/wp-json\/wp\/v2\/pages\/4186\/revisions\/4499"}],"wp:attachment":[{"href":"https:\/\/aacippbc.com\/content\/wp-json\/wp\/v2\/media?parent=4186"}],"curies":[{"name":"wp","href":"https:\/\/api.w.org\/{rel}","templated":true}]}}