{"id":4191,"date":"2017-05-26T03:07:33","date_gmt":"2017-05-26T03:07:33","guid":{"rendered":"http:\/\/aacippbc.com\/content\/?page_id=4191"},"modified":"2017-05-26T03:21:35","modified_gmt":"2017-05-26T03:21:35","slug":"guillaume-banalouboutila-minkala","status":"publish","type":"page","link":"https:\/\/aacippbc.com\/content\/guillaume-banalouboutila-minkala\/","title":{"rendered":"Guillaume Banalouboutila Minkala"},"content":{"rendered":"<p><img loading=\"lazy\" decoding=\"async\" class=\"size-full wp-image-4200 alignleft\" src=\"http:\/\/aacippbc.com\/content\/wp-content\/uploads\/2017\/05\/Guillaume-smallx300.jpg\" alt=\"\" width=\"215\" height=\"282\" \/>Gestionnaire du centre m\u00e9dico-social. N\u00e9 \u00e0 Brazzaville au Congo, Monsieur Minkala a fait ses secondaires et techniques en soins infirmiers. Il d\u00e9tient des dipl\u00f4mes CEPE, BEMG Assistance m\u00e9dicale g\u00e9n\u00e9raliste. Il exerce en tant qu\u2019assistant sanitaire \u00e0 Brazzaville.<\/p>\n","protected":false},"excerpt":{"rendered":"<p>Gestionnaire du centre m\u00e9dico-social. N\u00e9 \u00e0 Brazzaville au Congo, Monsieur Minkala a fait ses secondaires et techniques en soins infirmiers. Il d\u00e9tient des dipl\u00f4mes CEPE, BEMG Assistance m\u00e9dicale g\u00e9n\u00e9raliste. Il exerce en tant qu\u2019assistant sanitaire \u00e0 Brazzaville.<\/p>\n","protected":false},"author":1,"featured_media":0,"parent":0,"menu_order":0,"comment_status":"closed","ping_status":"open","template":"","meta":{"footnotes":""},"class_list":["post-4191","page","type-page","status-publish","hentry"],"_links":{"self":[{"href":"https:\/\/aacippbc.com\/content\/wp-json\/wp\/v2\/pages\/4191","targetHints":{"allow":["GET"]}}],"collection":[{"href":"https:\/\/aacippbc.com\/content\/wp-json\/wp\/v2\/pages"}],"about":[{"href":"https:\/\/aacippbc.com\/content\/wp-json\/wp\/v2\/types\/page"}],"author":[{"embeddable":true,"href":"https:\/\/aacippbc.com\/content\/wp-json\/wp\/v2\/users\/1"}],"replies":[{"embeddable":true,"href":"https:\/\/aacippbc.com\/content\/wp-json\/wp\/v2\/comments?post=4191"}],"version-history":[{"count":5,"href":"https:\/\/aacippbc.com\/content\/wp-json\/wp\/v2\/pages\/4191\/revisions"}],"predecessor-version":[{"id":4201,"href":"https:\/\/aacippbc.com\/content\/wp-json\/wp\/v2\/pages\/4191\/revisions\/4201"}],"wp:attachment":[{"href":"https:\/\/aacippbc.com\/content\/wp-json\/wp\/v2\/media?parent=4191"}],"curies":[{"name":"wp","href":"https:\/\/api.w.org\/{rel}","templated":true}]}}