{"id":4261,"date":"2017-05-28T21:31:46","date_gmt":"2017-05-28T21:31:46","guid":{"rendered":"http:\/\/aacippbc.com\/content\/?page_id=4261"},"modified":"2018-04-22T21:06:16","modified_gmt":"2018-04-22T21:06:16","slug":"athanase-diabassenga-man","status":"publish","type":"page","link":"https:\/\/aacippbc.com\/content\/athanase-diabassenga-man\/","title":{"rendered":"Athanase DIABASSENGA MAN"},"content":{"rendered":"<h4>Directeur g\u00e9rant adjoint de la Coopecc , Secr\u00e9taire administratif charg\u00e9 de la communication et des relations publiques.<\/h4>\n<p><img loading=\"lazy\" decoding=\"async\" class=\"size-medium wp-image-4263 alignleft\" src=\"http:\/\/aacippbc.com\/content\/wp-content\/uploads\/2017\/05\/Athanase-Directeur-Gerant-Adjoint-x600-296x300.jpg\" alt=\"\" width=\"296\" height=\"300\" srcset=\"https:\/\/aacippbc.com\/content\/wp-content\/uploads\/2017\/05\/Athanase-Directeur-Gerant-Adjoint-x600-296x300.jpg 296w, https:\/\/aacippbc.com\/content\/wp-content\/uploads\/2017\/05\/Athanase-Directeur-Gerant-Adjoint-x600-90x90.jpg 90w, https:\/\/aacippbc.com\/content\/wp-content\/uploads\/2017\/05\/Athanase-Directeur-Gerant-Adjoint-x600-434x440.jpg 434w, https:\/\/aacippbc.com\/content\/wp-content\/uploads\/2017\/05\/Athanase-Directeur-Gerant-Adjoint-x600.jpg 592w\" sizes=\"auto, (max-width: 296px) 100vw, 296px\" \/>D\u00e9tenteur d\u2019un dipl\u00f4me de graduat en anglais de l\u2019Institut p\u00e9dagogique national de Kinshasa, monsieur Diabassenga Man est all\u00e9 suivre une formation de sp\u00e9cialisation en cadre de d\u00e9veloppement de l\u2019IDP Douala au Cameroun o\u00f9 il a d\u00e9croch\u00e9 un dipl\u00f4me dans les options de sp\u00e9cialisation en formation des formateurs, gestion du personnel, conception, gestion et \u00e9valuation des projets de d\u00e9veloppement communautaire.<\/p>\n<p>Il a aussi suivi des formations \u00e0 distance tant en journalisme d\u2019investigation qu\u2019en journalisme ind\u00e9pendant.<br \/>\nIl a respectivement travaill\u00e9 en tant que :<\/p>\n<ul>\n<li>Charg\u00e9 des cr\u00e9dits, g\u00e9rant de la caisse de Ouenze, Directeur du centre de formation, secr\u00e9taire du conseil d\u2019administration et charg\u00e9 des relations publiques \u00e0 la coopec Brazzaville<\/li>\n<li>Professeur d\u2019Anglais au Coll\u00e8ge technique Paul Lomami Brazzaville<\/li>\n<li>G\u00e9rant des pharmacies \u00e0 loutete, Dolisie, Nkayi<\/li>\n<li>Chef du personnel \u00e0 L\u2019ACCF (Agence congolaise de convoyage ferroviaire (Pointe-Noire)<\/li>\n<li>Journaliste bilingue Anglais-Fran\u00e7ais \u00e0 la radio Louvakou, puis \u00e0 la Radio communautaire du conseil d\u00e9partemental du Niari (Dolisie)<\/li>\n<li>Professeur d\u2019Anglais et de psychologie du travail \u00e0 l\u2019IPTGE (Institut professionnel des t\u00e9l\u00e9communications et de gestion d\u2019entreprises (Brazzaville)<\/li>\n<li>Pr\u00e9sident coordonateur du Forum des journalistes bilingues du Congo.<\/li>\n<\/ul>\n","protected":false},"excerpt":{"rendered":"<p>Directeur g\u00e9rant adjoint de la Coopecc , Secr\u00e9taire administratif charg\u00e9 de la communication et des relations publiques. D\u00e9tenteur d\u2019un dipl\u00f4me de graduat en anglais de l\u2019Institut p\u00e9dagogique national de Kinshasa, monsieur Diabassenga Man est all\u00e9 suivre une formation de sp\u00e9cialisation en cadre de d\u00e9veloppement de l\u2019IDP Douala au Cameroun o\u00f9 il a d\u00e9croch\u00e9 un dipl\u00f4me [&hellip;]<\/p>\n","protected":false},"author":1,"featured_media":0,"parent":0,"menu_order":0,"comment_status":"closed","ping_status":"open","template":"","meta":{"footnotes":""},"class_list":["post-4261","page","type-page","status-publish","hentry"],"_links":{"self":[{"href":"https:\/\/aacippbc.com\/content\/wp-json\/wp\/v2\/pages\/4261","targetHints":{"allow":["GET"]}}],"collection":[{"href":"https:\/\/aacippbc.com\/content\/wp-json\/wp\/v2\/pages"}],"about":[{"href":"https:\/\/aacippbc.com\/content\/wp-json\/wp\/v2\/types\/page"}],"author":[{"embeddable":true,"href":"https:\/\/aacippbc.com\/content\/wp-json\/wp\/v2\/users\/1"}],"replies":[{"embeddable":true,"href":"https:\/\/aacippbc.com\/content\/wp-json\/wp\/v2\/comments?post=4261"}],"version-history":[{"count":3,"href":"https:\/\/aacippbc.com\/content\/wp-json\/wp\/v2\/pages\/4261\/revisions"}],"predecessor-version":[{"id":4543,"href":"https:\/\/aacippbc.com\/content\/wp-json\/wp\/v2\/pages\/4261\/revisions\/4543"}],"wp:attachment":[{"href":"https:\/\/aacippbc.com\/content\/wp-json\/wp\/v2\/media?parent=4261"}],"curies":[{"name":"wp","href":"https:\/\/api.w.org\/{rel}","templated":true}]}}