{"id":4274,"date":"2017-05-28T22:37:08","date_gmt":"2017-05-28T22:37:08","guid":{"rendered":"http:\/\/aacippbc.com\/content\/?page_id=4274"},"modified":"2017-05-28T23:07:41","modified_gmt":"2017-05-28T23:07:41","slug":"mukuna-nsili-letizia","status":"publish","type":"page","link":"https:\/\/aacippbc.com\/content\/mukuna-nsili-letizia\/","title":{"rendered":"Mukuna Nsili Letizia"},"content":{"rendered":"<p><strong>Administratrice de l\u2019entreprise agricole Associazione Agricoltori Congolesi e Italiani <\/strong><\/p>\n<p><img loading=\"lazy\" decoding=\"async\" class=\"wp-image-4277 size-medium alignleft\" src=\"http:\/\/aacippbc.com\/content\/wp-content\/uploads\/2016\/11\/Mukuna-Nsili-Letizia-profil-234x300.jpg\" alt=\"\" width=\"234\" height=\"300\" srcset=\"https:\/\/aacippbc.com\/content\/wp-content\/uploads\/2016\/11\/Mukuna-Nsili-Letizia-profil-234x300.jpg 234w, https:\/\/aacippbc.com\/content\/wp-content\/uploads\/2016\/11\/Mukuna-Nsili-Letizia-profil-343x440.jpg 343w, https:\/\/aacippbc.com\/content\/wp-content\/uploads\/2016\/11\/Mukuna-Nsili-Letizia-profil.jpg 468w\" sizes=\"auto, (max-width: 234px) 100vw, 234px\" \/><\/p>\n<p>N\u00e9e en Italie, elle a fr\u00e9quent\u00e9 avec succ\u00e8s les humanit\u00e9s classiques. Letizia Nsili Mukuna s\u2019est r\u00e9v\u00e9l\u00e9e, tr\u00e8s jeune, \u00eatre une femme intelligente, m\u00e9ticuleuse et tr\u00e8s attentive dans les contacts avec la client\u00e8le de plusieurs domaines o\u00f9 elle a eu \u00e0 travailler.<br \/>\nElle a une culture et une formation idoines pour faciliter \u00e9changes et collaborer avec des personnes et clients originaires de cultures diff\u00e9rentes.<\/p>\n<p>Tr\u00e8s organis\u00e9e et ambitieuse, elle sait bouger dans le domaine du marketing et de conclusion des transactions financiers. Elle nourrit une passion particuli\u00e8re pour le secteur de la mode o\u00f9 elle va incessamment d\u00e9crocher un dipl\u00f4me de cr\u00e9atrice mod\u00e9liste.<\/p>\n<p>En plus de l\u2019italien, elle parle \u00e9galement l\u2019anglais.<\/p>\n","protected":false},"excerpt":{"rendered":"<p>Administratrice de l\u2019entreprise agricole Associazione Agricoltori Congolesi e Italiani N\u00e9e en Italie, elle a fr\u00e9quent\u00e9 avec succ\u00e8s les humanit\u00e9s classiques. Letizia Nsili Mukuna s\u2019est r\u00e9v\u00e9l\u00e9e, tr\u00e8s jeune, \u00eatre une femme intelligente, m\u00e9ticuleuse et tr\u00e8s attentive dans les contacts avec la client\u00e8le de plusieurs domaines o\u00f9 elle a eu \u00e0 travailler. Elle a une culture et [&hellip;]<\/p>\n","protected":false},"author":1,"featured_media":0,"parent":0,"menu_order":0,"comment_status":"closed","ping_status":"open","template":"","meta":{"footnotes":""},"class_list":["post-4274","page","type-page","status-publish","hentry"],"_links":{"self":[{"href":"https:\/\/aacippbc.com\/content\/wp-json\/wp\/v2\/pages\/4274","targetHints":{"allow":["GET"]}}],"collection":[{"href":"https:\/\/aacippbc.com\/content\/wp-json\/wp\/v2\/pages"}],"about":[{"href":"https:\/\/aacippbc.com\/content\/wp-json\/wp\/v2\/types\/page"}],"author":[{"embeddable":true,"href":"https:\/\/aacippbc.com\/content\/wp-json\/wp\/v2\/users\/1"}],"replies":[{"embeddable":true,"href":"https:\/\/aacippbc.com\/content\/wp-json\/wp\/v2\/comments?post=4274"}],"version-history":[{"count":2,"href":"https:\/\/aacippbc.com\/content\/wp-json\/wp\/v2\/pages\/4274\/revisions"}],"predecessor-version":[{"id":4280,"href":"https:\/\/aacippbc.com\/content\/wp-json\/wp\/v2\/pages\/4274\/revisions\/4280"}],"wp:attachment":[{"href":"https:\/\/aacippbc.com\/content\/wp-json\/wp\/v2\/media?parent=4274"}],"curies":[{"name":"wp","href":"https:\/\/api.w.org\/{rel}","templated":true}]}}