{"id":4426,"date":"2017-08-21T17:39:34","date_gmt":"2017-08-21T17:39:34","guid":{"rendered":"http:\/\/aacippbc.com\/content\/?page_id=4426"},"modified":"2018-12-29T14:19:26","modified_gmt":"2018-12-29T14:19:26","slug":"role-et-mission","status":"publish","type":"page","link":"https:\/\/aacippbc.com\/content\/role-et-mission\/","title":{"rendered":"Role et Mission"},"content":{"rendered":"<h3>Le r\u00f4le et la mission op\u00e9rative de l\u2019associazione agricoltori congolesi e italiani en Italie<\/h3>\n<p>L\u2019associazione agricoltori congolesi e italiani a pour objet social de promouvoir la mise en \u0153uvre des objetifs \u00e9num\u00e9r\u00e9s dans son statut. Il s\u2019agit plus particuli\u00e8rement de:<\/p>\n<ol>\n<li>Exercer le r\u00f4le administratif dans l\u2019ensemble de ses activit\u00e9s, de son programme de d\u00e9veloppement et sur toutes les autres activit\u00e9s connexes. La gestion financi\u00e8re, la gestion du mat\u00e9riel (logistique) et des ressources humaines aussi bien pour l\u2019associazione agricoltori congolesi e italiani que pour la maison m\u00e8re AACIPPBC.<\/li>\n<li>Exercer toutes les activit\u00e9s commerciales dans le cadre de son programme de d\u00e9veloppement; import-export machines agricoles, machines du secteur alimentaire, machines du secteur sanitaire, produits alimentaires, semences, engrais, produits phytosanitaires, produits zootechniques, produits pharmaceutiques, etc.<\/li>\n<li>Exercer l\u2019activit\u00e9 de d\u00e9p\u00f4t et de magasin d\u2019exportation pour les pi\u00e8ces de rechange et pour toutes les marchandises \u00e0 exporter au Congo(RC), en R\u00e9publique D\u00e9mocratique du Congo (RDC), en Angola, ou en Afrique centrale en g\u00e9n\u00e9ral.<\/li>\n<li>Exercer l\u2019activit\u00e9 de formation et de transfert de know-how<\/li>\n<li>Avoir un centre technico-m\u00e9canique pour les r\u00e9visions et les expertises sur les machines destin\u00e9es \u00e0 l\u2019exportation<\/li>\n<li>Exercer l\u2019activit\u00e9 de consultance pour les entreprises qui veulent investir et vendre au Congo (RC), en R\u00e9publique D\u00e9mocratique du Congo (RDC), en Angola, ou en Afrique centrale en g\u00e9n\u00e9ral.<\/li>\n<li>Exercer l\u2019activit\u00e9 de programmation et d\u2019organisation de petites foires pour la promotion des produits et des machines de fabrication italienne, principalement du secteur agro-industriel au Congo (RC), en R\u00e9publique D\u00e9mocratique du Congo (RDC), en Angola, ou en Afrique centrale en g\u00e9n\u00e9ral.<\/li>\n<li>Promouvoir le tourisme social entre le Canada, l\u2019Italie et les pays du bassin du fleuve Congo en g\u00e9n\u00e9ral\u00a0; le Congo Brazzaville et la RD Congo en particulier, pour pouvoir financer les projets de d\u00e9veloppement et appuyer l\u2019entreprenariat dans ces pays africains.<\/li>\n<\/ol>\n","protected":false},"excerpt":{"rendered":"<p>Le r\u00f4le et la mission op\u00e9rative de l\u2019associazione agricoltori congolesi e italiani en Italie L\u2019associazione agricoltori congolesi e italiani a pour objet social de promouvoir la mise en \u0153uvre des objetifs \u00e9num\u00e9r\u00e9s dans son statut. Il s\u2019agit plus particuli\u00e8rement de: Exercer le r\u00f4le administratif dans l\u2019ensemble de ses activit\u00e9s, de son programme de d\u00e9veloppement et [&hellip;]<\/p>\n","protected":false},"author":1,"featured_media":0,"parent":0,"menu_order":0,"comment_status":"closed","ping_status":"open","template":"","meta":{"footnotes":""},"class_list":["post-4426","page","type-page","status-publish","hentry"],"_links":{"self":[{"href":"https:\/\/aacippbc.com\/content\/wp-json\/wp\/v2\/pages\/4426","targetHints":{"allow":["GET"]}}],"collection":[{"href":"https:\/\/aacippbc.com\/content\/wp-json\/wp\/v2\/pages"}],"about":[{"href":"https:\/\/aacippbc.com\/content\/wp-json\/wp\/v2\/types\/page"}],"author":[{"embeddable":true,"href":"https:\/\/aacippbc.com\/content\/wp-json\/wp\/v2\/users\/1"}],"replies":[{"embeddable":true,"href":"https:\/\/aacippbc.com\/content\/wp-json\/wp\/v2\/comments?post=4426"}],"version-history":[{"count":9,"href":"https:\/\/aacippbc.com\/content\/wp-json\/wp\/v2\/pages\/4426\/revisions"}],"predecessor-version":[{"id":4585,"href":"https:\/\/aacippbc.com\/content\/wp-json\/wp\/v2\/pages\/4426\/revisions\/4585"}],"wp:attachment":[{"href":"https:\/\/aacippbc.com\/content\/wp-json\/wp\/v2\/media?parent=4426"}],"curies":[{"name":"wp","href":"https:\/\/api.w.org\/{rel}","templated":true}]}}