{"id":4471,"date":"2017-10-29T22:44:53","date_gmt":"2017-10-29T22:44:53","guid":{"rendered":"http:\/\/aacippbc.com\/content\/?page_id=4471"},"modified":"2017-11-09T02:12:55","modified_gmt":"2017-11-09T02:12:55","slug":"politique-de-confidentialite","status":"publish","type":"page","link":"https:\/\/aacippbc.com\/content\/politique-de-confidentialite\/","title":{"rendered":"Politique de confidentialit\u00e9"},"content":{"rendered":"<h1>POLITIQUE DE CONFIDENTIALIT\u00c9<\/h1>\n<p>Veuillez prendre note que nos produits sont distribu\u00e9s en Afrique et nos fournisseurs sont essentiellement bas\u00e9s en Italie.<\/p>\n<p>La politique de confidentialit\u00e9 suivante concerne uniquement l\u2019AACIPPBC et ses clients.<\/p>\n<p><strong>Renseignements personnels recueillis par l\u2019AACIPPBC.<\/strong><\/p>\n<p>Les renseignements personnels sont l\u2019ensemble des informations identifiant un individu. Les renseignements personnels concernant le nom, le titre ou l\u2019adresse d\u2019affaires ou le num\u00e9ro de t\u00e9l\u00e9phone d\u2019affaires d\u2019un employ\u00e9 ne sont pas consid\u00e9r\u00e9s comme des renseignements personnels.<\/p>\n<p>G\u00e9n\u00e9ralement, l\u2019AACIPPBC obtiendra des renseignements personnels directement d\u2019un individu.<\/p>\n<p>L\u2019AACIPPBC peut utiliser des renseignements personnels d\u2019une ou de plusieurs mani\u00e8res dans les circonstances suivantes :<\/p>\n<ul>\n<li>Lorsqu\u2019un client ach\u00e8te un produit, l\u2019AACIPPBC communique l\u2019information au fournisseur (concessionnaire), incluant le nom du client, l\u2019adresse, les coordonn\u00e9es et l\u2019adresse de courriel aux fins de l\u2019administration de la garantie et des communications avec le client ;<\/li>\n<li>Lors de sondages, d\u2019\u00e9tudes et de communications de la part du client permettant au concessionnaire d\u2019am\u00e9liorer la qualit\u00e9 de ses produits et services;<\/li>\n<li>Dans le cadre d\u2019une communication d\u2019offres, d\u2019incitatifs, de programmes de commercialisation ou de mat\u00e9riel de promotion lorsque l\u2019AACIPPBC pourrait recueillir des renseignements utiles des clients actuels et potentiels dans le but de mieux adapter ses produits et services aux besoins de la client\u00e8le ;<\/li>\n<li>Lorsque les individus fournissent \u00e0 l\u2019AACIPPBC leur nom et coordonn\u00e9es en s\u2019abonnant \u00e0 une liste d\u2019envoi ou un bulletin sur le site Web de l\u2019AACIPPBC ;<\/li>\n<li>Lors d\u2019une communication pour obtenir plus d\u2019information;<\/li>\n<li>Lors d\u2019un enregistrement \u00e0 un service en ligne;<\/li>\n<li>Par le site Web de l\u2019AACIPPBC, lorsque les individus fournissent leurs nom, adresse et coordonn\u00e9es nous permettant de communiquer avec eux ; et<\/li>\n<li>lorsque vous fournissez vos renseignements personnels.<\/li>\n<\/ul>\n<p><strong>Utilisation des renseignements personnels<\/strong><\/p>\n<p>L\u2019AACIPPBC peut recueillir et utiliser des renseignements personnels dans les cas d\u00e9crits ci-dessus. L\u2019information recueillie ne sera utilis\u00e9e que pour les fins identifi\u00e9es lors de la collecte, tel qu\u2019il est d\u00e9crit dans cette politique de confidentialit\u00e9 ou pour toute autre fin identifi\u00e9e \u00e0 l\u2019avance et \u00e0 laquelle le client consent.<\/p>\n<p><strong>Divulgation de renseignements personnels<\/strong><\/p>\n<p>\u00c0 l\u2019occasion, l\u2019AACIPPBC peut faire appel \u00e0 des tiers et leurs filiales, agents et sous-traitants (\u2018fournisseurs de services\u2019) pour des travaux d\u2019ordre technologique ou administratif.<\/p>\n<p>Par exemple, un fournisseur de service pourrait prendre en charge l\u2019administration d\u2019un concours ou la distribution de courriels. Nous pouvons utiliser un fournisseur pour h\u00e9berger et administrer notre site Web, traiter et stocker des donn\u00e9es et assumer des fonctions li\u00e9es \u00e0 la technologie en notre nom. Dans ces circonstances, les renseignements personnels re\u00e7us par le fournisseur ne seront que les renseignements personnels contenus dans nos fichiers et n\u00e9cessaires pour ex\u00e9cuter leurs services. Nous nous r\u00e9servons le droit de transf\u00e9rer tout renseignement personnel que nous poss\u00e9dons \u00e0 votre sujet en cas de fusion ou d\u2019acquisition par une tierce partie. Nous pourrons divulguer des renseignements personnels \u00e0 une tierce partie si nous avons raison de croire que la divulgation est n\u00e9cessaire pour : (i) enqu\u00eater sur des infractions \u00e0 la loi; (ii) identifier, contacter, intenter des poursuites judiciaires contre une personne enfreignant une entente convenue avec nous; ou (iii) prot\u00e9ger nos droits, s\u00e9curit\u00e9 ou propri\u00e9t\u00e9. Finalement, nous pouvons divulguer vos renseignements personnels pour toute autre fin \u00e0 laquelle vous consentez.<\/p>\n<p><strong>Consulter et modifier vos renseignements personnels<\/strong><\/p>\n<p>Vous avez le droit de consulter, v\u00e9rifier et modifier les renseignements personnels recueillis parl\u2019AACIPPBC. Pour la mise \u00e0 jour de vos renseignements personnels, veuillez communiquer avec nous.<\/p>\n<p><strong>Pour nous joindre<\/strong><\/p>\n<p>Si vous d\u00e9sirez de plus amples renseignements au sujet de la pr\u00e9sente politique ou de la cueillette, utilisation ou divulgation de renseignements personnels par l\u2019AACIPPBC, veuillez communiquer avec nous via les coordonn\u00e9es suivantes: <a href=\"https:\/\/aacippbc.com\/content\/contact-form\/\" target=\"_blank\" rel=\"noopener\">Nos coordonn\u00e9es<\/a><\/p>\n","protected":false},"excerpt":{"rendered":"<p>POLITIQUE DE CONFIDENTIALIT\u00c9 Veuillez prendre note que nos produits sont distribu\u00e9s en Afrique et nos fournisseurs sont essentiellement bas\u00e9s en Italie. La politique de confidentialit\u00e9 suivante concerne uniquement l\u2019AACIPPBC et ses clients. Renseignements personnels recueillis par l\u2019AACIPPBC. Les renseignements personnels sont l\u2019ensemble des informations identifiant un individu. Les renseignements personnels concernant le nom, le titre [&hellip;]<\/p>\n","protected":false},"author":1,"featured_media":0,"parent":0,"menu_order":0,"comment_status":"closed","ping_status":"closed","template":"","meta":{"footnotes":""},"class_list":["post-4471","page","type-page","status-publish","hentry"],"_links":{"self":[{"href":"https:\/\/aacippbc.com\/content\/wp-json\/wp\/v2\/pages\/4471","targetHints":{"allow":["GET"]}}],"collection":[{"href":"https:\/\/aacippbc.com\/content\/wp-json\/wp\/v2\/pages"}],"about":[{"href":"https:\/\/aacippbc.com\/content\/wp-json\/wp\/v2\/types\/page"}],"author":[{"embeddable":true,"href":"https:\/\/aacippbc.com\/content\/wp-json\/wp\/v2\/users\/1"}],"replies":[{"embeddable":true,"href":"https:\/\/aacippbc.com\/content\/wp-json\/wp\/v2\/comments?post=4471"}],"version-history":[{"count":4,"href":"https:\/\/aacippbc.com\/content\/wp-json\/wp\/v2\/pages\/4471\/revisions"}],"predecessor-version":[{"id":4475,"href":"https:\/\/aacippbc.com\/content\/wp-json\/wp\/v2\/pages\/4471\/revisions\/4475"}],"wp:attachment":[{"href":"https:\/\/aacippbc.com\/content\/wp-json\/wp\/v2\/media?parent=4471"}],"curies":[{"name":"wp","href":"https:\/\/api.w.org\/{rel}","templated":true}]}}