{"id":4544,"date":"2018-04-22T21:15:12","date_gmt":"2018-04-22T21:15:12","guid":{"rendered":"http:\/\/aacippbc.com\/content\/?page_id=4544"},"modified":"2018-04-22T21:15:12","modified_gmt":"2018-04-22T21:15:12","slug":"mukuna-samulomba-malaku","status":"publish","type":"page","link":"https:\/\/aacippbc.com\/content\/mukuna-samulomba-malaku\/","title":{"rendered":"Mukuna Samulomba Malaku"},"content":{"rendered":"<h4>Administratrice de l\u2019entreprise agricole Associazione Agricoltori Congolesi e Italiani<\/h4>\n<p><img loading=\"lazy\" decoding=\"async\" class=\"size-medium wp-image-4457 alignleft\" src=\"http:\/\/aacippbc.com\/content\/wp-content\/uploads\/2017\/08\/Mukuna-Samulomba-Malakure-Representant-It-300x300.png\" alt=\"\" width=\"300\" height=\"300\" srcset=\"https:\/\/aacippbc.com\/content\/wp-content\/uploads\/2017\/08\/Mukuna-Samulomba-Malakure-Representant-It-300x300.png 300w, https:\/\/aacippbc.com\/content\/wp-content\/uploads\/2017\/08\/Mukuna-Samulomba-Malakure-Representant-It-150x150.png 150w, https:\/\/aacippbc.com\/content\/wp-content\/uploads\/2017\/08\/Mukuna-Samulomba-Malakure-Representant-It-440x440.png 440w, https:\/\/aacippbc.com\/content\/wp-content\/uploads\/2017\/08\/Mukuna-Samulomba-Malakure-Representant-It-90x90.png 90w, https:\/\/aacippbc.com\/content\/wp-content\/uploads\/2017\/08\/Mukuna-Samulomba-Malakure-Representant-It.png 640w\" sizes=\"auto, (max-width: 300px) 100vw, 300px\" \/><br \/>\nN\u00e9 en R\u00e9publique D\u00e9mocratique du Congo, l\u2019ex-Zaire, Monsieur Mukuna Samulomba Malaku vit en Italie d\u00e8s la fin de ses \u00e9tudes secondaires litt\u00e9raires. Il a pour longtemps \u00e9t\u00e9 entrepreneur et a d\u00e9croch\u00e9 son doctorat en Droit et un autre en Sciences politiques; pour enfin se sp\u00e9cialiser en Droit Europ\u00e9en.<\/p>\n<p>Actuellement, il est Professeur des Universit\u00e9s (Droit international, Droit europ\u00e9en, Criminologie g\u00e9n\u00e9rale, Relations Internationales Africaines, Droit international du Travail, Criminalistique, etc.) tant en Italie qu\u2019en Afrique (Universit\u00e9 de Kisangani, en RDC, B\u00e9nin,).<\/p>\n<p>Prof. Mukuna est \u00e9galement engag\u00e9 dans le monde associative tant congolais o\u00f9 il a \u00e9t\u00e9 \u00e9lu Pr\u00e9sident de l\u2019Association des rd-Congolais d\u2019Italie que panafricaniste et \u00e0 cet \u00e9gard, il est membre fondateur du Conseil Mondial du Panafricanisme, en sigle CoMoPa. Comme chercheur, il a collabor\u00e9 avec le Tribunal International P\u00e9nal sur le Rwanda qui si\u00e8ge \u00e0 Arusha en Tanzanie et a fait partie de la d\u00e9l\u00e9gation italienne au tout premier Social Forum qui s\u2019est tenu sur le continent africain \u00e0 Nairobi.<\/p>\n<p>Prof. Mukuna publie sur plusieurs revues internationales et parle couramment outre le fran\u00e7ais et l\u2019Italien; \u00e9galement l\u2019allemand et l\u2019anglais.<\/p>\n","protected":false},"excerpt":{"rendered":"<p>Administratrice de l\u2019entreprise agricole Associazione Agricoltori Congolesi e Italiani N\u00e9 en R\u00e9publique D\u00e9mocratique du Congo, l\u2019ex-Zaire, Monsieur Mukuna Samulomba Malaku vit en Italie d\u00e8s la fin de ses \u00e9tudes secondaires litt\u00e9raires. Il a pour longtemps \u00e9t\u00e9 entrepreneur et a d\u00e9croch\u00e9 son doctorat en Droit et un autre en Sciences politiques; pour enfin se sp\u00e9cialiser en [&hellip;]<\/p>\n","protected":false},"author":1,"featured_media":0,"parent":0,"menu_order":0,"comment_status":"closed","ping_status":"open","template":"","meta":{"footnotes":""},"class_list":["post-4544","page","type-page","status-publish","hentry"],"_links":{"self":[{"href":"https:\/\/aacippbc.com\/content\/wp-json\/wp\/v2\/pages\/4544","targetHints":{"allow":["GET"]}}],"collection":[{"href":"https:\/\/aacippbc.com\/content\/wp-json\/wp\/v2\/pages"}],"about":[{"href":"https:\/\/aacippbc.com\/content\/wp-json\/wp\/v2\/types\/page"}],"author":[{"embeddable":true,"href":"https:\/\/aacippbc.com\/content\/wp-json\/wp\/v2\/users\/1"}],"replies":[{"embeddable":true,"href":"https:\/\/aacippbc.com\/content\/wp-json\/wp\/v2\/comments?post=4544"}],"version-history":[{"count":1,"href":"https:\/\/aacippbc.com\/content\/wp-json\/wp\/v2\/pages\/4544\/revisions"}],"predecessor-version":[{"id":4545,"href":"https:\/\/aacippbc.com\/content\/wp-json\/wp\/v2\/pages\/4544\/revisions\/4545"}],"wp:attachment":[{"href":"https:\/\/aacippbc.com\/content\/wp-json\/wp\/v2\/media?parent=4544"}],"curies":[{"name":"wp","href":"https:\/\/api.w.org\/{rel}","templated":true}]}}