{"id":4549,"date":"2018-04-22T21:36:27","date_gmt":"2018-04-22T21:36:27","guid":{"rendered":"http:\/\/aacippbc.com\/content\/?page_id=4549"},"modified":"2018-12-16T21:29:27","modified_gmt":"2018-12-16T21:29:27","slug":"massamba-lubaki","status":"publish","type":"page","link":"https:\/\/aacippbc.com\/content\/massamba-lubaki\/","title":{"rendered":"MASSAMBA LUBAKI"},"content":{"rendered":"<h4>Chef des services techniques \u00e9lectrom\u00e9caniques<\/h4>\n<p><img loading=\"lazy\" decoding=\"async\" class=\"wp-image-4558 size-full alignleft\" src=\"http:\/\/aacippbc.com\/content\/wp-content\/uploads\/2018\/04\/Massamba-LUBAKIx280x280.jpg\" alt=\"MASSAMBA LUBAKI\" width=\"280\" height=\"280\" srcset=\"https:\/\/aacippbc.com\/content\/wp-content\/uploads\/2018\/04\/Massamba-LUBAKIx280x280.jpg 280w, https:\/\/aacippbc.com\/content\/wp-content\/uploads\/2018\/04\/Massamba-LUBAKIx280x280-150x150.jpg 150w, https:\/\/aacippbc.com\/content\/wp-content\/uploads\/2018\/04\/Massamba-LUBAKIx280x280-100x100.jpg 100w\" sizes=\"auto, (max-width: 280px) 100vw, 280px\" \/>N\u00e9 en r\u00e9publique d\u00e9mocratique du Congo, monsieur Masamba a fait ses \u00e9tudes en techniques d\u2019\u00e9lectricit\u00e9 g\u00e9n\u00e9rale. Apr\u00e8s avoir obtenu un dipl\u00f4me dans ce domaine, il a travaill\u00e9 pendant pr\u00e8s de trois d\u00e9cennies \u00e0 Brazzaville, en \u00e9lectricit\u00e9 m\u00e9canique. En dehors de sa profession d\u2019\u00e9lectricien, monsieur Masamba pratique l\u2019agriculture et l\u2019\u00e9levage de volailles.<\/p>\n","protected":false},"excerpt":{"rendered":"<p>Chef des services techniques \u00e9lectrom\u00e9caniques N\u00e9 en r\u00e9publique d\u00e9mocratique du Congo, monsieur Masamba a fait ses \u00e9tudes en techniques d\u2019\u00e9lectricit\u00e9 g\u00e9n\u00e9rale. Apr\u00e8s avoir obtenu un dipl\u00f4me dans ce domaine, il a travaill\u00e9 pendant pr\u00e8s de trois d\u00e9cennies \u00e0 Brazzaville, en \u00e9lectricit\u00e9 m\u00e9canique. En dehors de sa profession d\u2019\u00e9lectricien, monsieur Masamba pratique l\u2019agriculture et l\u2019\u00e9levage de [&hellip;]<\/p>\n","protected":false},"author":1,"featured_media":0,"parent":0,"menu_order":0,"comment_status":"closed","ping_status":"open","template":"","meta":{"footnotes":""},"class_list":["post-4549","page","type-page","status-publish","hentry"],"_links":{"self":[{"href":"https:\/\/aacippbc.com\/content\/wp-json\/wp\/v2\/pages\/4549","targetHints":{"allow":["GET"]}}],"collection":[{"href":"https:\/\/aacippbc.com\/content\/wp-json\/wp\/v2\/pages"}],"about":[{"href":"https:\/\/aacippbc.com\/content\/wp-json\/wp\/v2\/types\/page"}],"author":[{"embeddable":true,"href":"https:\/\/aacippbc.com\/content\/wp-json\/wp\/v2\/users\/1"}],"replies":[{"embeddable":true,"href":"https:\/\/aacippbc.com\/content\/wp-json\/wp\/v2\/comments?post=4549"}],"version-history":[{"count":4,"href":"https:\/\/aacippbc.com\/content\/wp-json\/wp\/v2\/pages\/4549\/revisions"}],"predecessor-version":[{"id":4563,"href":"https:\/\/aacippbc.com\/content\/wp-json\/wp\/v2\/pages\/4549\/revisions\/4563"}],"wp:attachment":[{"href":"https:\/\/aacippbc.com\/content\/wp-json\/wp\/v2\/media?parent=4549"}],"curies":[{"name":"wp","href":"https:\/\/api.w.org\/{rel}","templated":true}]}}