{"id":3717,"date":"2016-10-29T20:40:23","date_gmt":"2016-10-29T20:40:23","guid":{"rendered":"http:\/\/aacippbc.com\/content\/?post_type=product&#038;p=3717"},"modified":"2018-04-12T17:25:39","modified_gmt":"2018-04-12T17:25:39","slug":"fiat-modele-140-90-dt","status":"publish","type":"product","link":"https:\/\/aacippbc.com\/content\/product\/fiat-modele-140-90-dt\/","title":{"rendered":"Tracteur agricole FIAT mod\u00e8le 140-90 DT"},"content":{"rendered":"<p><span style=\"font-size: 14px; line-height: 24px;\">Tracteur agricole 4 roues motrices marque FIATAGRI mod\u00e8le 140-90 DT<\/span><br \/>\n<div class='gap nz-clearfix' style='height:25px'>&nbsp;<\/div>\n<h4>Caract\u00e9ristiques<\/h4>\n<div class='gap nz-clearfix' style='height:25px'>&nbsp;<\/div>\n\n<ul class=\"nz-i-list circle\">\n<li><div><span class=\"icon icon-checkmark3\" style=\"color:#ffffff;background-color:#8cc443;\"><\/span><\/div><div>Moteur FIAT 6 cylindres 140 cv<\/div><\/li>\n<li><div><span class=\"icon icon-checkmark3\" style=\"color:#ffffff;background-color:#8cc443;\"><\/span><\/div><div>Cabine climatis\u00e9e<\/div><\/li>\n<li><div><span class=\"icon icon-checkmark3\" style=\"color:#ffffff;background-color:#8cc443;\"><\/span><\/div><div>Transmission power shift 40km \/h<\/div><\/li>\n<li><div><span class=\"icon icon-checkmark3\" style=\"color:#ffffff;background-color:#8cc443;\"><\/span><\/div><div>Pneus neufs<\/div><\/li>\n<\/ul>\n\n","protected":false},"excerpt":{"rendered":"<p><strong>Nos machines et tracteurs agricoles d\u2019occasion de fabrication italienne sont reconditionn\u00e9s et r\u00e9vis\u00e9s selon les normes de l\u2019union europ\u00e9enne et sont fournis avec une garantie de 6 mois.<br \/>\nPour les mat\u00e9riels neufs, nous collaborons avec les meilleures marques, \u00e0 travers leurs concessionnaires.<br \/>\nNotamment : Landini ; New-Holland ; Same ; Case ; Angeloni ; etc\u2026<\/strong><\/p>\n<p>Tracteur agricole 4 roues motrices marque FIAT mod\u00e8le 140-90 DT dot\u00e9 des caract\u00e9ristiques suivantes :<br \/>\n1) Moteur FIAT 6 cylindres 140 cv 2) Cabine climatis\u00e9e 3) Transmission power shift 40km \/h 4) Pneus neufs.<\/p>\n","protected":false},"featured_media":4539,"comment_status":"open","ping_status":"closed","template":"","meta":[],"product_brand":[],"product_cat":[53],"product_tag":[52,51],"class_list":{"0":"post-3717","1":"product","2":"type-product","3":"status-publish","4":"has-post-thumbnail","6":"product_cat-tracteur","7":"product_tag-italian","8":"product_tag-tractor","10":"first","11":"instock","12":"shipping-taxable","13":"purchasable","14":"product-type-simple"},"_links":{"self":[{"href":"https:\/\/aacippbc.com\/content\/wp-json\/wp\/v2\/product\/3717","targetHints":{"allow":["GET"]}}],"collection":[{"href":"https:\/\/aacippbc.com\/content\/wp-json\/wp\/v2\/product"}],"about":[{"href":"https:\/\/aacippbc.com\/content\/wp-json\/wp\/v2\/types\/product"}],"replies":[{"embeddable":true,"href":"https:\/\/aacippbc.com\/content\/wp-json\/wp\/v2\/comments?post=3717"}],"wp:featuredmedia":[{"embeddable":true,"href":"https:\/\/aacippbc.com\/content\/wp-json\/wp\/v2\/media\/4539"}],"wp:attachment":[{"href":"https:\/\/aacippbc.com\/content\/wp-json\/wp\/v2\/media?parent=3717"}],"wp:term":[{"taxonomy":"product_brand","embeddable":true,"href":"https:\/\/aacippbc.com\/content\/wp-json\/wp\/v2\/product_brand?post=3717"},{"taxonomy":"product_cat","embeddable":true,"href":"https:\/\/aacippbc.com\/content\/wp-json\/wp\/v2\/product_cat?post=3717"},{"taxonomy":"product_tag","embeddable":true,"href":"https:\/\/aacippbc.com\/content\/wp-json\/wp\/v2\/product_tag?post=3717"}],"curies":[{"name":"wp","href":"https:\/\/api.w.org\/{rel}","templated":true}]}}