{"id":4247,"date":"2017-05-28T19:18:16","date_gmt":"2017-05-28T19:18:16","guid":{"rendered":"http:\/\/aacippbc.com\/content\/?post_type=product&#038;p=4247"},"modified":"2018-12-28T18:05:09","modified_gmt":"2018-12-28T18:05:09","slug":"tracteur-fiat-modele-780-dt","status":"publish","type":"product","link":"https:\/\/aacippbc.com\/content\/product\/tracteur-fiat-modele-780-dt\/","title":{"rendered":"Tracteur FIAT mod\u00e8le 780 DT"},"content":{"rendered":"<p><span style=\"font-size: 14px; line-height: 24px;\">TRACTEUR AGRICOLE 4 ROUES MOTRICE marque FIAT mod\u00e8le 780 DT <\/span><br \/>\n<div class='gap nz-clearfix' style='height:25px'>&nbsp;<\/div>\n<h4>Caract\u00e9ristiques<\/h4>\n<div class='gap nz-clearfix' style='height:25px'>&nbsp;<\/div>\n\n<ul class=\"nz-i-list circle\">\n<li><div><span class=\"icon icon-checkmark3\" style=\"color:#ffffff;background-color:#8cc443;\"><\/span><\/div><div>Moteur FIAT 4 cylindres 80 cv<\/div><\/li>\n<li><div><span class=\"icon icon-checkmark3\" style=\"color:#ffffff;background-color:#8cc443;\"><\/span><\/div><div>Cabine originale ou ch\u00e2ssis de protection \u00e0 4 montantes<\/div><\/li>\n<li><div><span class=\"icon icon-checkmark3\" style=\"color:#ffffff;background-color:#8cc443;\"><\/span><\/div><div>Pneus ant\u00e9rieurs et post\u00e9rieurs 80%<\/div><\/li>\n<\/ul>\n\n","protected":false},"excerpt":{"rendered":"<p><strong>Nos machines et tracteurs agricoles d\u2019occasion de fabrication italienne destin\u00e9s principalement aux pays du bassin du fleuve Congo, en particulier en RDC et Congo Brazzaville, sont reconditionn\u00e9s et r\u00e9vis\u00e9s selon les normes de l\u2019union europ\u00e9enne et sont fournis avec une garantie de 6 mois. Pour les mat\u00e9riels neufs, nous collaborons avec les meilleures marques, \u00e0 travers leurs concessionnaires. Notamment : Landini ; New-Holland ; Same ; Case ; Angeloni ; etc\u2026<\/strong><\/p>\n","protected":false},"featured_media":4535,"comment_status":"open","ping_status":"closed","template":"","meta":[],"product_brand":[],"product_cat":[53],"product_tag":[93,52,83,51],"class_list":{"0":"post-4247","1":"product","2":"type-product","3":"status-publish","4":"has-post-thumbnail","6":"product_cat-tracteur","7":"product_tag-fiat-modele-850-dt","8":"product_tag-italian","9":"product_tag-marque-fiat","10":"product_tag-tractor","12":"first","13":"instock","14":"shipping-taxable","15":"purchasable","16":"product-type-simple"},"_links":{"self":[{"href":"https:\/\/aacippbc.com\/content\/wp-json\/wp\/v2\/product\/4247","targetHints":{"allow":["GET"]}}],"collection":[{"href":"https:\/\/aacippbc.com\/content\/wp-json\/wp\/v2\/product"}],"about":[{"href":"https:\/\/aacippbc.com\/content\/wp-json\/wp\/v2\/types\/product"}],"replies":[{"embeddable":true,"href":"https:\/\/aacippbc.com\/content\/wp-json\/wp\/v2\/comments?post=4247"}],"wp:featuredmedia":[{"embeddable":true,"href":"https:\/\/aacippbc.com\/content\/wp-json\/wp\/v2\/media\/4535"}],"wp:attachment":[{"href":"https:\/\/aacippbc.com\/content\/wp-json\/wp\/v2\/media?parent=4247"}],"wp:term":[{"taxonomy":"product_brand","embeddable":true,"href":"https:\/\/aacippbc.com\/content\/wp-json\/wp\/v2\/product_brand?post=4247"},{"taxonomy":"product_cat","embeddable":true,"href":"https:\/\/aacippbc.com\/content\/wp-json\/wp\/v2\/product_cat?post=4247"},{"taxonomy":"product_tag","embeddable":true,"href":"https:\/\/aacippbc.com\/content\/wp-json\/wp\/v2\/product_tag?post=4247"}],"curies":[{"name":"wp","href":"https:\/\/api.w.org\/{rel}","templated":true}]}}