{"id":4522,"date":"2018-04-10T17:20:56","date_gmt":"2018-04-10T17:20:56","guid":{"rendered":"http:\/\/aacippbc.com\/content\/?post_type=product&#038;p=4522"},"modified":"2018-12-28T19:44:44","modified_gmt":"2018-12-28T19:44:44","slug":"tracteur-landini-modele-1000-dt","status":"publish","type":"product","link":"https:\/\/aacippbc.com\/content\/product\/tracteur-landini-modele-1000-dt\/","title":{"rendered":"Tracteur LANDINI mod\u00e8le 1000 DT"},"content":{"rendered":"<p><strong>TRACTEUR AGRICOLE 4 ROUES MOTRICES marque LANDINI mod\u00e8le 1000 DT<\/strong><br \/>\n<div class='gap nz-clearfix' style='height:25px'>&nbsp;<\/div>\n<h4>Caract\u00e9ristiques<\/h4>\n<div class='gap nz-clearfix' style='height:25px'>&nbsp;<\/div>\n\n<ul class=\"nz-i-list circle\">\n<li><div><span class=\"icon icon-checkmark3\" style=\"color:#ffffff;background-color:#8cc443;\"><\/span><\/div><div>Moteur Perkins 6 cylindres 100 cv<\/div><\/li>\n<li><div><span class=\"icon icon-checkmark3\" style=\"color:#ffffff;background-color:#8cc443;\"><\/span><\/div><div>Cabine originale ou avec ch\u00e2ssis de protection \u00e0 4 montants<\/div><\/li>\n<\/ul>\n\n","protected":false},"excerpt":{"rendered":"<p><strong>Nos machines et tracteurs agricoles d\u2019occasion de fabrication italienne destin\u00e9s principalement aux pays du bassin du fleuve Congo, en particulier en RDC et Congo Brazzaville, sont reconditionn\u00e9s et r\u00e9vis\u00e9s selon les normes de l\u2019union europ\u00e9enne et sont fournis avec une garantie de 6 mois. Pour les mat\u00e9riels neufs, nous collaborons avec les meilleures marques, \u00e0 travers leurs concessionnaires. Notamment : Landini ; New-Holland ; Same ; Case ; Angeloni ; etc\u2026<\/strong><\/p>\n","protected":false},"featured_media":4523,"comment_status":"open","ping_status":"closed","template":"","meta":[],"product_brand":[],"product_cat":[53],"product_tag":[94,52,51],"class_list":{"0":"post-4522","1":"product","2":"type-product","3":"status-publish","4":"has-post-thumbnail","6":"product_cat-tracteur","7":"product_tag-fiat-modele-640-dt","8":"product_tag-italian","9":"product_tag-tractor","11":"first","12":"instock","13":"shipping-taxable","14":"purchasable","15":"product-type-simple"},"_links":{"self":[{"href":"https:\/\/aacippbc.com\/content\/wp-json\/wp\/v2\/product\/4522","targetHints":{"allow":["GET"]}}],"collection":[{"href":"https:\/\/aacippbc.com\/content\/wp-json\/wp\/v2\/product"}],"about":[{"href":"https:\/\/aacippbc.com\/content\/wp-json\/wp\/v2\/types\/product"}],"replies":[{"embeddable":true,"href":"https:\/\/aacippbc.com\/content\/wp-json\/wp\/v2\/comments?post=4522"}],"wp:featuredmedia":[{"embeddable":true,"href":"https:\/\/aacippbc.com\/content\/wp-json\/wp\/v2\/media\/4523"}],"wp:attachment":[{"href":"https:\/\/aacippbc.com\/content\/wp-json\/wp\/v2\/media?parent=4522"}],"wp:term":[{"taxonomy":"product_brand","embeddable":true,"href":"https:\/\/aacippbc.com\/content\/wp-json\/wp\/v2\/product_brand?post=4522"},{"taxonomy":"product_cat","embeddable":true,"href":"https:\/\/aacippbc.com\/content\/wp-json\/wp\/v2\/product_cat?post=4522"},{"taxonomy":"product_tag","embeddable":true,"href":"https:\/\/aacippbc.com\/content\/wp-json\/wp\/v2\/product_tag?post=4522"}],"curies":[{"name":"wp","href":"https:\/\/api.w.org\/{rel}","templated":true}]}}